{"id":11416,"date":"2024-03-07T13:42:41","date_gmt":"2024-03-07T12:42:41","guid":{"rendered":"https:\/\/www.promotio.sk\/shop\/nezaraden\u00e9\/zibal\/"},"modified":"2024-03-07T13:43:18","modified_gmt":"2024-03-07T12:43:18","slug":"zibal","status":"publish","type":"product","link":"https:\/\/www.promotio.sk\/sk\/shop\/promo-items\/technology\/chargers\/zibal\/","title":{"rendered":"ZIBAL"},"content":{"rendered":"<p>Bezdr\u00f4tov\u00e1 nab\u00edja\u010dka vyroben\u00e1 z recyklovan\u00e9ho ABS tela a vrchn\u00e9ho povrchu z RPET tkaniny. Polo\u017ete na\u0148 smartf\u00f3n a nechajte ho nab\u00edja\u0165. Kompatibiln\u00e9 s modelmi s 10W bezdr\u00f4tovou technol\u00f3giou. Obsahuje micro USB k\u00e1bel.<br \/>Zlo\u017eenie: Recyklovan\u00fd ABS a RPET.<br \/>Pozn\u00e1mky: Vstupn\u00e9 nap\u00e4tie: DC 5V 2A. Vstupn\u00fd v\u00fdkon: 5W.Bezdr\u00f4tov\u00fd v\u00fdstupn\u00fd v\u00fdkon: 5W-1A.<br \/>\n\u00da\u010dinnos\u0165 nab\u00edjania: \u2264 83%<br \/>\nObsahuje micro USB k\u00e1bel.<br \/>\nN\u00e1vod na pou\u017eitie v 6 jazykoch: \u0161paniel\u010dina, angli\u010dtina, franc\u00faz\u0161tina, nem\u010dina, talian\u010dina a portugal\u010dina.<br \/>\nPrezent\u00e1cia v ekologickom dizajnovom boxe.<\/p>","protected":false},"excerpt":{"rendered":"<p>Wireless charger made with recycled ABS body and top surface in RPET fabric. Place your smartphone on top of it<\/p>","protected":false},"featured_media":11417,"comment_status":"open","ping_status":"closed","template":"","meta":[],"product_cat":[289,286],"product_tag":[],"class_list":{"0":"post-11416","1":"product","2":"type-product","3":"status-publish","4":"has-post-thumbnail","6":"product_cat-chargers","7":"product_cat-technology","9":"first","10":"instock","11":"shipping-taxable","12":"purchasable","13":"product-type-variable"},"_links":{"self":[{"href":"https:\/\/www.promotio.sk\/sk\/wp-json\/wp\/v2\/product\/11416","targetHints":{"allow":["GET"]}}],"collection":[{"href":"https:\/\/www.promotio.sk\/sk\/wp-json\/wp\/v2\/product"}],"about":[{"href":"https:\/\/www.promotio.sk\/sk\/wp-json\/wp\/v2\/types\/product"}],"replies":[{"embeddable":true,"href":"https:\/\/www.promotio.sk\/sk\/wp-json\/wp\/v2\/comments?post=11416"}],"wp:featuredmedia":[{"embeddable":true,"href":"https:\/\/www.promotio.sk\/sk\/wp-json\/wp\/v2\/media\/11417"}],"wp:attachment":[{"href":"https:\/\/www.promotio.sk\/sk\/wp-json\/wp\/v2\/media?parent=11416"}],"wp:term":[{"taxonomy":"product_cat","embeddable":true,"href":"https:\/\/www.promotio.sk\/sk\/wp-json\/wp\/v2\/product_cat?post=11416"},{"taxonomy":"product_tag","embeddable":true,"href":"https:\/\/www.promotio.sk\/sk\/wp-json\/wp\/v2\/product_tag?post=11416"}],"curies":[{"name":"wp","href":"https:\/\/api.w.org\/{rel}","templated":true}]}}