{"id":11405,"date":"2024-03-07T13:42:06","date_gmt":"2024-03-07T12:42:06","guid":{"rendered":"https:\/\/www.promotio.sk\/shop\/nezaraden\u00e9\/vatox\/"},"modified":"2024-03-07T13:42:52","modified_gmt":"2024-03-07T12:42:52","slug":"vatox","status":"publish","type":"product","link":"https:\/\/www.promotio.sk\/sk\/shop\/promo-items\/technology\/chargers\/vatox\/","title":{"rendered":"VATOX"},"content":{"rendered":"<p>Bezdr\u00f4tov\u00e1 nab\u00edjacia z\u00e1klad\u0148a vyroben\u00e1 z p\u0161eni\u010dn\u00e9ho vl\u00e1kna s v\u00fdkonom 5W. Kompatibiln\u00e9 so zariadeniami s technol\u00f3giou bezdr\u00f4tov\u00e9ho nab\u00edjania. Obsahuje micro USB k\u00e1bel. <br \/>Zlo\u017eenie: P\u0161eni\u010dn\u00e1 vl\u00e1knina.<br \/>Pozn\u00e1mky: Micro USB vstup: DC5V\/2,0A<br \/>\nBezdr\u00f4tov\u00fd v\u00fdstup: 5V \u2013 1A, 5W<br \/>\nPracovn\u00e1 vzdialenos\u0165: do 6 mm.<br \/>\nObsahuje micro USB k\u00e1bel. N\u00e1vod na pou\u017eitie v 6 jazykoch: \u0161paniel\u010dina, angli\u010dtina, franc\u00faz\u0161tina, talian\u010dina, nem\u010dina a portugal\u010dina.<br \/>\nPrezent\u00e1cia v ekologickom dizajnovom boxe.<\/p>","protected":false},"excerpt":{"rendered":"<p>Wireless charging base made of wheat fiber, with 5W power. Compatible with devices with wireless charging technology. Includes micro USB<\/p>","protected":false},"featured_media":11406,"comment_status":"open","ping_status":"closed","template":"","meta":[],"product_cat":[289,286],"product_tag":[],"class_list":{"0":"post-11405","1":"product","2":"type-product","3":"status-publish","4":"has-post-thumbnail","6":"product_cat-chargers","7":"product_cat-technology","9":"first","10":"instock","11":"shipping-taxable","12":"purchasable","13":"product-type-variable"},"_links":{"self":[{"href":"https:\/\/www.promotio.sk\/sk\/wp-json\/wp\/v2\/product\/11405","targetHints":{"allow":["GET"]}}],"collection":[{"href":"https:\/\/www.promotio.sk\/sk\/wp-json\/wp\/v2\/product"}],"about":[{"href":"https:\/\/www.promotio.sk\/sk\/wp-json\/wp\/v2\/types\/product"}],"replies":[{"embeddable":true,"href":"https:\/\/www.promotio.sk\/sk\/wp-json\/wp\/v2\/comments?post=11405"}],"wp:featuredmedia":[{"embeddable":true,"href":"https:\/\/www.promotio.sk\/sk\/wp-json\/wp\/v2\/media\/11406"}],"wp:attachment":[{"href":"https:\/\/www.promotio.sk\/sk\/wp-json\/wp\/v2\/media?parent=11405"}],"wp:term":[{"taxonomy":"product_cat","embeddable":true,"href":"https:\/\/www.promotio.sk\/sk\/wp-json\/wp\/v2\/product_cat?post=11405"},{"taxonomy":"product_tag","embeddable":true,"href":"https:\/\/www.promotio.sk\/sk\/wp-json\/wp\/v2\/product_tag?post=11405"}],"curies":[{"name":"wp","href":"https:\/\/api.w.org\/{rel}","templated":true}]}}