{"id":11402,"date":"2024-03-07T13:41:57","date_gmt":"2024-03-07T12:41:57","guid":{"rendered":"https:\/\/www.promotio.sk\/shop\/nezaraden\u00e9\/melbux\/"},"modified":"2024-03-07T13:42:36","modified_gmt":"2024-03-07T12:42:36","slug":"melbux","status":"publish","type":"product","link":"https:\/\/www.promotio.sk\/sk\/shop\/promo-items\/technology\/chargers\/melbux\/","title":{"rendered":"MELBUX"},"content":{"rendered":"<p>Multifunk\u010dn\u00e9 pero z p\u0161eni\u010dn\u00e9ho vl\u00e1kna s bezdr\u00f4tovou nab\u00edja\u010dkou s v\u00fdkonom 5W a tromi USB portami. Obsahuje dr\u017eiak na smartf\u00f3n a micro USB k\u00e1bel.<br \/>Zlo\u017eenie: Fibra de trigo<br \/>Pozn\u00e1mky: Micro USB vstup: DC5V\/2,0A<br \/>\nBezdr\u00f4tov\u00fd v\u00fdstup: 5V \u2013 1A, 5W<br \/>\nUSB v\u00fdstup: DC5V\/2,0A (2x USB A)<br \/>\nPracovn\u00e1 vzdialenos\u0165: do 6 mm.<br \/>\nObsahuje micro USB k\u00e1bel. N\u00e1vod na pou\u017eitie v 6 jazykoch: \u0161paniel\u010dina, angli\u010dtina, franc\u00faz\u0161tina, talian\u010dina, nem\u010dina a portugal\u010dina.<br \/>\nPrezent\u00e1cia v ekologickom dizajnovom boxe. <\/p>","protected":false},"excerpt":{"rendered":"<p>Multifunction pen made of wheat fiber with wireless charger with 5W power and three USB ports. Includes Smartphone holder and<\/p>","protected":false},"featured_media":11403,"comment_status":"open","ping_status":"closed","template":"","meta":[],"product_cat":[289,286],"product_tag":[],"class_list":{"0":"post-11402","1":"product","2":"type-product","3":"status-publish","4":"has-post-thumbnail","6":"product_cat-chargers","7":"product_cat-technology","9":"first","10":"instock","11":"shipping-taxable","12":"purchasable","13":"product-type-variable"},"_links":{"self":[{"href":"https:\/\/www.promotio.sk\/sk\/wp-json\/wp\/v2\/product\/11402","targetHints":{"allow":["GET"]}}],"collection":[{"href":"https:\/\/www.promotio.sk\/sk\/wp-json\/wp\/v2\/product"}],"about":[{"href":"https:\/\/www.promotio.sk\/sk\/wp-json\/wp\/v2\/types\/product"}],"replies":[{"embeddable":true,"href":"https:\/\/www.promotio.sk\/sk\/wp-json\/wp\/v2\/comments?post=11402"}],"wp:featuredmedia":[{"embeddable":true,"href":"https:\/\/www.promotio.sk\/sk\/wp-json\/wp\/v2\/media\/11403"}],"wp:attachment":[{"href":"https:\/\/www.promotio.sk\/sk\/wp-json\/wp\/v2\/media?parent=11402"}],"wp:term":[{"taxonomy":"product_cat","embeddable":true,"href":"https:\/\/www.promotio.sk\/sk\/wp-json\/wp\/v2\/product_cat?post=11402"},{"taxonomy":"product_tag","embeddable":true,"href":"https:\/\/www.promotio.sk\/sk\/wp-json\/wp\/v2\/product_tag?post=11402"}],"curies":[{"name":"wp","href":"https:\/\/api.w.org\/{rel}","templated":true}]}}