{"id":11389,"date":"2024-03-07T13:41:11","date_gmt":"2024-03-07T12:41:11","guid":{"rendered":"https:\/\/www.promotio.sk\/shop\/nezaraden\u00e9\/sibon\/"},"modified":"2024-03-07T13:41:52","modified_gmt":"2024-03-07T12:41:52","slug":"sibon","status":"publish","type":"product","link":"https:\/\/www.promotio.sk\/sk\/shop\/promo-items\/technology\/chargers\/sibon\/","title":{"rendered":"SIBON"},"content":{"rendered":"<p>Bezdr\u00f4tov\u00e1 nab\u00edja\u010dka s hlavnou kon\u0161trukciou z bambusu a tkaniny RPET, kompatibiln\u00e1 so zariadeniami s bezdr\u00f4tovou technol\u00f3giou. 10W v\u00fdstup. Pripojenie typu C. Vr\u00e1tane k\u00e1bla. Prezent\u00e1cia v ekologickom dizajnovom boxe.<br \/>Zlo\u017eenie: Bamb\u00fa y tejido RPET<br \/>Pozn\u00e1mky: Prezent\u00e1cia v ekologickom dizajnovom boxe.<\/p>","protected":false},"excerpt":{"rendered":"<p>Wireless charger with main structure in bamboo and RPET fabric, compatible with wireless technology devices. 10W output. Type C connection.<\/p>","protected":false},"featured_media":11390,"comment_status":"open","ping_status":"closed","template":"","meta":[],"product_cat":[289,286],"product_tag":[],"class_list":{"0":"post-11389","1":"product","2":"type-product","3":"status-publish","4":"has-post-thumbnail","6":"product_cat-chargers","7":"product_cat-technology","9":"first","10":"instock","11":"shipping-taxable","12":"purchasable","13":"product-type-variable"},"_links":{"self":[{"href":"https:\/\/www.promotio.sk\/sk\/wp-json\/wp\/v2\/product\/11389","targetHints":{"allow":["GET"]}}],"collection":[{"href":"https:\/\/www.promotio.sk\/sk\/wp-json\/wp\/v2\/product"}],"about":[{"href":"https:\/\/www.promotio.sk\/sk\/wp-json\/wp\/v2\/types\/product"}],"replies":[{"embeddable":true,"href":"https:\/\/www.promotio.sk\/sk\/wp-json\/wp\/v2\/comments?post=11389"}],"wp:featuredmedia":[{"embeddable":true,"href":"https:\/\/www.promotio.sk\/sk\/wp-json\/wp\/v2\/media\/11390"}],"wp:attachment":[{"href":"https:\/\/www.promotio.sk\/sk\/wp-json\/wp\/v2\/media?parent=11389"}],"wp:term":[{"taxonomy":"product_cat","embeddable":true,"href":"https:\/\/www.promotio.sk\/sk\/wp-json\/wp\/v2\/product_cat?post=11389"},{"taxonomy":"product_tag","embeddable":true,"href":"https:\/\/www.promotio.sk\/sk\/wp-json\/wp\/v2\/product_tag?post=11389"}],"curies":[{"name":"wp","href":"https:\/\/api.w.org\/{rel}","templated":true}]}}