{"id":11366,"date":"2024-03-07T13:39:58","date_gmt":"2024-03-07T12:39:58","guid":{"rendered":"https:\/\/www.promotio.sk\/shop\/nezaraden\u00e9\/celik\/"},"modified":"2024-03-07T13:40:38","modified_gmt":"2024-03-07T12:40:38","slug":"celik","status":"publish","type":"product","link":"https:\/\/www.promotio.sk\/sk\/shop\/promo-items\/technology\/chargers\/celik\/","title":{"rendered":"CELIK"},"content":{"rendered":"<p>Stojan na ceruzky s hlavnou \u0161trukt\u00farou z bambusu a z\u00e1klad\u0148ou s funkciou bezdr\u00f4tov\u00e9ho nab\u00edjania z p\u0161eni\u010dn\u00e9ho vl\u00e1kna. 15W v\u00fdstup. Port USB zabudovan\u00fd v z\u00e1kladni s dvoma v\u00fdstupn\u00fdmi portami typu C a dvoma USB. Prezent\u00e1cia v ekologickom dizajnovom boxe. <br \/>Zlo\u017eenie: Bamb\u00fa y fibra de trigo.<br \/>Pozn\u00e1mky: Entrada USB typ C: DC5V\/2.0A<br \/>\nSalida Wireless: 5V \u2013 2A, 15W<br \/>\nSalidas USB typ C: DC5V\/2,0A (2x USB 1x USB typ C)<br \/>\nFunk\u010dn\u00e1 vzdialenos\u0165: a\u017e 6 mm.<br \/>\nPrezent\u00e1cia en caja dise\u00f1o eco.<\/p>","protected":false},"excerpt":{"rendered":"<p>Pencil holder with main structure in bamboo and base with wireless charger function in wheat fibre. 15W output. USB port<\/p>","protected":false},"featured_media":11367,"comment_status":"open","ping_status":"closed","template":"","meta":[],"product_cat":[289,286],"product_tag":[],"class_list":{"0":"post-11366","1":"product","2":"type-product","3":"status-publish","4":"has-post-thumbnail","6":"product_cat-chargers","7":"product_cat-technology","9":"first","10":"instock","11":"shipping-taxable","12":"purchasable","13":"product-type-variable"},"_links":{"self":[{"href":"https:\/\/www.promotio.sk\/sk\/wp-json\/wp\/v2\/product\/11366","targetHints":{"allow":["GET"]}}],"collection":[{"href":"https:\/\/www.promotio.sk\/sk\/wp-json\/wp\/v2\/product"}],"about":[{"href":"https:\/\/www.promotio.sk\/sk\/wp-json\/wp\/v2\/types\/product"}],"replies":[{"embeddable":true,"href":"https:\/\/www.promotio.sk\/sk\/wp-json\/wp\/v2\/comments?post=11366"}],"wp:featuredmedia":[{"embeddable":true,"href":"https:\/\/www.promotio.sk\/sk\/wp-json\/wp\/v2\/media\/11367"}],"wp:attachment":[{"href":"https:\/\/www.promotio.sk\/sk\/wp-json\/wp\/v2\/media?parent=11366"}],"wp:term":[{"taxonomy":"product_cat","embeddable":true,"href":"https:\/\/www.promotio.sk\/sk\/wp-json\/wp\/v2\/product_cat?post=11366"},{"taxonomy":"product_tag","embeddable":true,"href":"https:\/\/www.promotio.sk\/sk\/wp-json\/wp\/v2\/product_tag?post=11366"}],"curies":[{"name":"wp","href":"https:\/\/api.w.org\/{rel}","templated":true}]}}