{"id":11364,"date":"2024-03-07T13:39:55","date_gmt":"2024-03-07T12:39:55","guid":{"rendered":"https:\/\/www.promotio.sk\/shop\/nezaraden\u00e9\/yaron\/"},"modified":"2024-03-07T13:41:06","modified_gmt":"2024-03-07T12:41:06","slug":"yaron","status":"publish","type":"product","link":"https:\/\/www.promotio.sk\/sk\/shop\/promo-items\/technology\/chargers\/yaron\/","title":{"rendered":"YARON"},"content":{"rendered":"<p>Bezdr\u00f4tov\u00e1 nab\u00edja\u010dka vyroben\u00e1 z recyklovan\u00fdch uz\u00e1verov flia\u0161. 15W v\u00fdstup. Prezent\u00e1cia v ekologickom dizajnovom boxe.<br \/>Zlo\u017eenie: Tapones de botella reciclados.<br \/>Pozn\u00e1mky: Entrada typo C: 9V 2A<br \/>\nSalida inal\u00e1mbrica: 15W 1,67A.<br \/>\n\u00da\u010dinnos\u0165 n\u00e1kladu: \u2264 83%<br \/>\nPrezent\u00e1cia en caja dise\u00f1o eco. <\/p>","protected":false},"excerpt":{"rendered":"<p>Wireless charger made from recycled bottle caps. 15W output. Presentation in eco design box.Composition: Tapones de botella reciclados.Remarks: Entrada tipo<\/p>","protected":false},"featured_media":11365,"comment_status":"open","ping_status":"closed","template":"","meta":[],"product_cat":[289,286],"product_tag":[],"class_list":{"0":"post-11364","1":"product","2":"type-product","3":"status-publish","4":"has-post-thumbnail","6":"product_cat-chargers","7":"product_cat-technology","9":"first","10":"instock","11":"shipping-taxable","12":"purchasable","13":"product-type-variable"},"_links":{"self":[{"href":"https:\/\/www.promotio.sk\/sk\/wp-json\/wp\/v2\/product\/11364","targetHints":{"allow":["GET"]}}],"collection":[{"href":"https:\/\/www.promotio.sk\/sk\/wp-json\/wp\/v2\/product"}],"about":[{"href":"https:\/\/www.promotio.sk\/sk\/wp-json\/wp\/v2\/types\/product"}],"replies":[{"embeddable":true,"href":"https:\/\/www.promotio.sk\/sk\/wp-json\/wp\/v2\/comments?post=11364"}],"wp:featuredmedia":[{"embeddable":true,"href":"https:\/\/www.promotio.sk\/sk\/wp-json\/wp\/v2\/media\/11365"}],"wp:attachment":[{"href":"https:\/\/www.promotio.sk\/sk\/wp-json\/wp\/v2\/media?parent=11364"}],"wp:term":[{"taxonomy":"product_cat","embeddable":true,"href":"https:\/\/www.promotio.sk\/sk\/wp-json\/wp\/v2\/product_cat?post=11364"},{"taxonomy":"product_tag","embeddable":true,"href":"https:\/\/www.promotio.sk\/sk\/wp-json\/wp\/v2\/product_tag?post=11364"}],"curies":[{"name":"wp","href":"https:\/\/api.w.org\/{rel}","templated":true}]}}