{"id":11349,"date":"2024-03-07T13:39:02","date_gmt":"2024-03-07T12:39:02","guid":{"rendered":"https:\/\/www.promotio.sk\/shop\/nezaraden\u00e9\/matix\/"},"modified":"2024-03-07T13:39:54","modified_gmt":"2024-03-07T12:39:54","slug":"matix","status":"publish","type":"product","link":"https:\/\/www.promotio.sk\/sk\/shop\/promo-items\/technology\/chargers\/matix\/","title":{"rendered":"MATIX"},"content":{"rendered":"<p>Bezdr\u00f4tov\u00e1 nab\u00edja\u010dka s hlavnou \u0161trukt\u00farou z bambusu a magnetickou funkciou. 15W nab\u00edjanie. Vstup typu C. Vr\u00e1tane pr\u00edslu\u0161enstva k lepiacemu kr\u00fa\u017eku. Prezent\u00e1cia v ekologickom dizajnovom boxe.<br \/>Zlo\u017eenie: Bamb\u00fa<br \/>Pozn\u00e1mky: Entrada: DC 9V\/1,67 A<br \/>\nBezdr\u00f4tov\u00e9 pripojenie: 5W\/7,5W\/10W\/15W(MAX) Prezent\u00e1cia v \u00faspornom re\u017eime.<\/p>","protected":false},"excerpt":{"rendered":"<p>Wireless charger with main structure in bamboo and magnetic function. 15W charge. Type C input. Adhesive ring accessory included. Presentation<\/p>","protected":false},"featured_media":11350,"comment_status":"open","ping_status":"closed","template":"","meta":[],"product_cat":[289,286],"product_tag":[],"class_list":{"0":"post-11349","1":"product","2":"type-product","3":"status-publish","4":"has-post-thumbnail","6":"product_cat-chargers","7":"product_cat-technology","9":"first","10":"instock","11":"shipping-taxable","12":"purchasable","13":"product-type-variable"},"_links":{"self":[{"href":"https:\/\/www.promotio.sk\/sk\/wp-json\/wp\/v2\/product\/11349","targetHints":{"allow":["GET"]}}],"collection":[{"href":"https:\/\/www.promotio.sk\/sk\/wp-json\/wp\/v2\/product"}],"about":[{"href":"https:\/\/www.promotio.sk\/sk\/wp-json\/wp\/v2\/types\/product"}],"replies":[{"embeddable":true,"href":"https:\/\/www.promotio.sk\/sk\/wp-json\/wp\/v2\/comments?post=11349"}],"wp:featuredmedia":[{"embeddable":true,"href":"https:\/\/www.promotio.sk\/sk\/wp-json\/wp\/v2\/media\/11350"}],"wp:attachment":[{"href":"https:\/\/www.promotio.sk\/sk\/wp-json\/wp\/v2\/media?parent=11349"}],"wp:term":[{"taxonomy":"product_cat","embeddable":true,"href":"https:\/\/www.promotio.sk\/sk\/wp-json\/wp\/v2\/product_cat?post=11349"},{"taxonomy":"product_tag","embeddable":true,"href":"https:\/\/www.promotio.sk\/sk\/wp-json\/wp\/v2\/product_tag?post=11349"}],"curies":[{"name":"wp","href":"https:\/\/api.w.org\/{rel}","templated":true}]}}