{"id":11347,"date":"2024-03-07T13:38:58","date_gmt":"2024-03-07T12:38:58","guid":{"rendered":"https:\/\/www.promotio.sk\/shop\/nezaraden\u00e9\/zicum\/"},"modified":"2024-03-07T13:39:45","modified_gmt":"2024-03-07T12:39:45","slug":"zicum","status":"publish","type":"product","link":"https:\/\/www.promotio.sk\/sk\/shop\/promo-items\/technology\/chargers\/zicum\/","title":{"rendered":"ZICUM"},"content":{"rendered":"<p>Podpera s bambusov\u00fdm telom na hornom povrchu a bielym ABS na spodnom tele je v\u0161estrann\u00fdm a funk\u010dn\u00fdm rie\u0161en\u00edm, ako udr\u017ea\u0165 v\u00e1\u0161 smartf\u00f3n vo zvislej polohe pri bezdr\u00f4tovom nab\u00edjan\u00ed. Jeho dizajn kombinuje teplo bambusu s odolnos\u0165ou ABS a vytv\u00e1ra elegantn\u00fd a modern\u00fd vzh\u013ead.<br \/>\nStojan je nastavite\u013en\u00fd, \u010do v\u00e1m umo\u017en\u00ed umiestni\u0165 v\u00e1\u0161 smartf\u00f3n do toho najpohodlnej\u0161ieho a najvhodnej\u0161ieho uhla pre v\u00e1s. Po\u010das bezdr\u00f4tov\u00e9ho nab\u00edjania zariadenia si m\u00f4\u017eete prezera\u0165 upozornenia, vide\u00e1 alebo uskuto\u010d\u0148ova\u0165 videohovory.<br \/>\nZabudovan\u00e1 bezdr\u00f4tov\u00e1 nab\u00edja\u010dka v z\u00e1kladni stojana pon\u00faka r\u00fdchle nab\u00edjanie a\u017e 15 W, \u010do v\u00e1m umo\u017en\u00ed efekt\u00edvne a pohodlne nab\u00edja\u0165 v\u00e1\u0161 smartf\u00f3n. Navy\u0161e m\u00e1 pripojenie typu C pre v\u00e4\u010d\u0161iu kompatibilitu so s\u00fa\u010dasn\u00fdmi zariadeniami.<br \/>\nZ\u00e1klad\u0148a stojana je vybaven\u00e1 gumov\u00fdm proti\u0161mykov\u00fdm povrchom, ktor\u00fd zais\u0165uje, \u017ee stojan a v\u00e1\u0161 smartf\u00f3n po\u010das nab\u00edjania zostan\u00fa pevne na svojom mieste. To poskytuje bezpe\u010dn\u00fd a stabiln\u00fd z\u00e1\u017eitok.<br \/>\nDr\u017eiak bezdr\u00f4tovej nab\u00edja\u010dky je dod\u00e1van\u00fd v ekologickom dizajne, \u010do zd\u00f4raz\u0148uje ich z\u00e1v\u00e4zok k udr\u017eate\u013enosti a starostlivosti o \u017eivotn\u00e9 prostredie. Je ide\u00e1lnou vo\u013ebou pre t\u00fdch, ktor\u00ed h\u013eadaj\u00fa praktick\u00e9 a estetick\u00e9 rie\u0161enie bez kompromisov v \u0161t\u00fdle a ekologickej zodpovednosti.<br \/>Zlo\u017eenie: Bamb\u00fa y ABS<br \/>Pozn\u00e1mky: Vstupn\u00e9 nap\u00e4tie: DC 5V\/3 A , 9V\/2 A , 12V\/ 1,5 A<br \/>\nV\u00fdkon: 15 W (M\u00c1X.)<br \/>\nV\u00e1lido SOLO para dispositivos m\u00f3viles con tecnolog\u00eda de carga inal\u00e1mbrica QI.<br \/>\nPrezent\u00e1cia en caja dise\u00f1o eco.<\/p>","protected":false},"excerpt":{"rendered":"<p>The support with bamboo body on the upper surface and white ABS on the lower body is a versatile and<\/p>","protected":false},"featured_media":11348,"comment_status":"open","ping_status":"closed","template":"","meta":[],"product_cat":[289,286],"product_tag":[],"class_list":{"0":"post-11347","1":"product","2":"type-product","3":"status-publish","4":"has-post-thumbnail","6":"product_cat-chargers","7":"product_cat-technology","9":"first","10":"instock","11":"shipping-taxable","12":"purchasable","13":"product-type-variable"},"_links":{"self":[{"href":"https:\/\/www.promotio.sk\/sk\/wp-json\/wp\/v2\/product\/11347","targetHints":{"allow":["GET"]}}],"collection":[{"href":"https:\/\/www.promotio.sk\/sk\/wp-json\/wp\/v2\/product"}],"about":[{"href":"https:\/\/www.promotio.sk\/sk\/wp-json\/wp\/v2\/types\/product"}],"replies":[{"embeddable":true,"href":"https:\/\/www.promotio.sk\/sk\/wp-json\/wp\/v2\/comments?post=11347"}],"wp:featuredmedia":[{"embeddable":true,"href":"https:\/\/www.promotio.sk\/sk\/wp-json\/wp\/v2\/media\/11348"}],"wp:attachment":[{"href":"https:\/\/www.promotio.sk\/sk\/wp-json\/wp\/v2\/media?parent=11347"}],"wp:term":[{"taxonomy":"product_cat","embeddable":true,"href":"https:\/\/www.promotio.sk\/sk\/wp-json\/wp\/v2\/product_cat?post=11347"},{"taxonomy":"product_tag","embeddable":true,"href":"https:\/\/www.promotio.sk\/sk\/wp-json\/wp\/v2\/product_tag?post=11347"}],"curies":[{"name":"wp","href":"https:\/\/api.w.org\/{rel}","templated":true}]}}