{"id":11331,"date":"2024-03-07T13:38:11","date_gmt":"2024-03-07T12:38:11","guid":{"rendered":"https:\/\/www.promotio.sk\/shop\/nezaraden\u00e9\/cosmic\/"},"modified":"2024-03-07T13:38:56","modified_gmt":"2024-03-07T12:38:56","slug":"cosmic","status":"publish","type":"product","link":"https:\/\/www.promotio.sk\/sk\/shop\/promo-items\/technology\/chargers\/cosmic\/","title":{"rendered":"COSMIC"},"content":{"rendered":"<p>Bezdr\u00f4tov\u00e1 nab\u00edja\u010dka s kombinovan\u00fdm korkom a bambusov\u00fdm telom integrovan\u00e1 do priehradky organiz\u00e9ra je funk\u010dnou a udr\u017eate\u013enou mo\u017enos\u0165ou, ako udr\u017ea\u0165 va\u0161e zariadenia nabit\u00e9 a v\u00e1\u0161 pracovn\u00fd priestor upratan\u00fd. S nab\u00edjac\u00edm v\u00fdkonom 10 W je t\u00e1to bezdr\u00f4tov\u00e1 nab\u00edja\u010dka kompatibiln\u00e1 so zariadeniami, ktor\u00e9 podporuj\u00fa bezdr\u00f4tov\u00fa technol\u00f3giu. K\u00e1bel typu C potrebn\u00fd na pripojenie je s\u00fa\u010das\u0165ou balenia, \u010do u\u013eah\u010duje jeho pou\u017e\u00edvanie.<br \/>\nKombinovan\u00e9 telo korku a bambusu mu dod\u00e1va nielen prirodzen\u00fd a elegantn\u00fd vzh\u013ead, ale tie\u017e ukazuje v\u00e1\u0161 z\u00e1v\u00e4zok vo\u010di \u017eivotn\u00e9mu prostrediu pou\u017eit\u00edm udr\u017eate\u013en\u00fdch materi\u00e1lov. Nab\u00edja\u010dka je prezentovan\u00e1 v EKO dizajnovej krabici v s\u00falade s jej zameran\u00edm na udr\u017eate\u013enos\u0165.<br \/>\nNab\u00edja\u010dka m\u00e1 tie\u017e zabudovan\u00fd organiz\u00e9r, ktor\u00fd v\u00e1m umo\u017en\u00ed ma\u0165 svoje mal\u00e9 predmety, ako s\u00fa k\u013e\u00fa\u010de, mince alebo \u0161perky, \u00fah\u013eadne a po ruke.<br \/>Zlo\u017eenie: Bamb\u00fa y corcho<br \/>Pozn\u00e1mky: Vstup: DC 5V\/2A, 9V\/2A<br \/>\nSalida Wireless: 10W<br \/>\nPrezent\u00e1cia en caja dise\u00f1o eco. <\/p>","protected":false},"excerpt":{"rendered":"<p>The wireless charger with combined cork and bamboo body integrated into an organizer tray is a functional and sustainable option<\/p>","protected":false},"featured_media":11332,"comment_status":"open","ping_status":"closed","template":"","meta":[],"product_cat":[289,286],"product_tag":[],"class_list":{"0":"post-11331","1":"product","2":"type-product","3":"status-publish","4":"has-post-thumbnail","6":"product_cat-chargers","7":"product_cat-technology","9":"first","10":"instock","11":"shipping-taxable","12":"purchasable","13":"product-type-variable"},"_links":{"self":[{"href":"https:\/\/www.promotio.sk\/sk\/wp-json\/wp\/v2\/product\/11331","targetHints":{"allow":["GET"]}}],"collection":[{"href":"https:\/\/www.promotio.sk\/sk\/wp-json\/wp\/v2\/product"}],"about":[{"href":"https:\/\/www.promotio.sk\/sk\/wp-json\/wp\/v2\/types\/product"}],"replies":[{"embeddable":true,"href":"https:\/\/www.promotio.sk\/sk\/wp-json\/wp\/v2\/comments?post=11331"}],"wp:featuredmedia":[{"embeddable":true,"href":"https:\/\/www.promotio.sk\/sk\/wp-json\/wp\/v2\/media\/11332"}],"wp:attachment":[{"href":"https:\/\/www.promotio.sk\/sk\/wp-json\/wp\/v2\/media?parent=11331"}],"wp:term":[{"taxonomy":"product_cat","embeddable":true,"href":"https:\/\/www.promotio.sk\/sk\/wp-json\/wp\/v2\/product_cat?post=11331"},{"taxonomy":"product_tag","embeddable":true,"href":"https:\/\/www.promotio.sk\/sk\/wp-json\/wp\/v2\/product_tag?post=11331"}],"curies":[{"name":"wp","href":"https:\/\/api.w.org\/{rel}","templated":true}]}}