{"id":11329,"date":"2024-03-07T13:38:05","date_gmt":"2024-03-07T12:38:05","guid":{"rendered":"https:\/\/www.promotio.sk\/shop\/nezaraden\u00e9\/furax\/"},"modified":"2024-03-07T13:38:52","modified_gmt":"2024-03-07T12:38:52","slug":"furax","status":"publish","type":"product","link":"https:\/\/www.promotio.sk\/sk\/shop\/promo-items\/technology\/chargers\/furax\/","title":{"rendered":"FURAX"},"content":{"rendered":"<p>Bezdr\u00f4tov\u00e1 nab\u00edja\u010dka s kombinovan\u00fdm korkom a bambusov\u00fdm telom predstavuje udr\u017eate\u013en\u00fa a praktick\u00fa mo\u017enos\u0165 bezdr\u00f4tov\u00e9ho nab\u00edjania va\u0161ich zariaden\u00ed. V\u010faka kompaktn\u00e9mu dizajnu je ide\u00e1lne vzia\u0165 si so sebou kamko\u013evek, \u010di u\u017e v kancel\u00e1rii, doma alebo na cest\u00e1ch.<br \/>\nV\u010faka v\u00fdkonu 10 W v\u00e1m umo\u017en\u00ed r\u00fdchlo nab\u00edja\u0165 va\u0161e bezdr\u00f4tov\u00e9 zariadenia bez potreby k\u00e1blov.<br \/>\nJeho kombinovan\u00e9 korkov\u00e9 a bambusov\u00e9 telo mu dod\u00e1va nielen prirodzen\u00fd a atrakt\u00edvny vzh\u013ead, ale odr\u00e1\u017ea aj jeho z\u00e1v\u00e4zok pou\u017e\u00edva\u0165 trvalo udr\u017eate\u013en\u00e9 materi\u00e1ly. Korok je ekologick\u00fd a obnovite\u013en\u00fd materi\u00e1l, zatia\u013e \u010do bambus je zn\u00e1my svojim r\u00fdchlym rastom a n\u00edzkou ekologickou stopou.<br \/>\nT\u00e1to bezdr\u00f4tov\u00e1 nab\u00edja\u010dka je kompatibiln\u00e1 so zariadeniami, ktor\u00e9 podporuj\u00fa bezdr\u00f4tov\u00e9 nab\u00edjanie, \u010do v\u00e1m d\u00e1va slobodu nab\u00edja\u0165 telef\u00f3n alebo in\u00e9 kompatibiln\u00e9 zariadenia jednoduch\u00fdm umiestnen\u00edm na povrch nab\u00edja\u010dky. Okrem toho m\u00e1 integrovan\u00fd k\u00e1bel typu C pre zariadenia, ktor\u00e9 vy\u017eaduj\u00fa fyzick\u00e9 pripojenie.<br \/>\nDod\u00e1va sa v krabi\u010dke s ekologick\u00fdm dizajnom, \u010do e\u0161te viac zd\u00f4raz\u0148uje jeho zameranie na udr\u017eate\u013enos\u0165 a rob\u00ed z neho vynikaj\u00faci dar\u010dek.<br \/>Zlo\u017eenie: Bamb\u00fa y corcho<br \/>Pozn\u00e1mky: Vstup: DC 5V\/2A, 9V\/2A<br \/>\nSalida Wireless: 10W<br \/>\nPrezent\u00e1cia en caja dise\u00f1o eco. <\/p>","protected":false},"excerpt":{"rendered":"<p>The wireless charger with combined cork and bamboo body is a sustainable and practical option to charge your devices wirelessly.<\/p>","protected":false},"featured_media":11330,"comment_status":"open","ping_status":"closed","template":"","meta":[],"product_cat":[289,286],"product_tag":[],"class_list":{"0":"post-11329","1":"product","2":"type-product","3":"status-publish","4":"has-post-thumbnail","6":"product_cat-chargers","7":"product_cat-technology","9":"first","10":"instock","11":"shipping-taxable","12":"purchasable","13":"product-type-variable"},"_links":{"self":[{"href":"https:\/\/www.promotio.sk\/sk\/wp-json\/wp\/v2\/product\/11329","targetHints":{"allow":["GET"]}}],"collection":[{"href":"https:\/\/www.promotio.sk\/sk\/wp-json\/wp\/v2\/product"}],"about":[{"href":"https:\/\/www.promotio.sk\/sk\/wp-json\/wp\/v2\/types\/product"}],"replies":[{"embeddable":true,"href":"https:\/\/www.promotio.sk\/sk\/wp-json\/wp\/v2\/comments?post=11329"}],"wp:featuredmedia":[{"embeddable":true,"href":"https:\/\/www.promotio.sk\/sk\/wp-json\/wp\/v2\/media\/11330"}],"wp:attachment":[{"href":"https:\/\/www.promotio.sk\/sk\/wp-json\/wp\/v2\/media?parent=11329"}],"wp:term":[{"taxonomy":"product_cat","embeddable":true,"href":"https:\/\/www.promotio.sk\/sk\/wp-json\/wp\/v2\/product_cat?post=11329"},{"taxonomy":"product_tag","embeddable":true,"href":"https:\/\/www.promotio.sk\/sk\/wp-json\/wp\/v2\/product_tag?post=11329"}],"curies":[{"name":"wp","href":"https:\/\/api.w.org\/{rel}","templated":true}]}}