{"id":11308,"date":"2024-03-07T13:36:57","date_gmt":"2024-03-07T12:36:57","guid":{"rendered":"https:\/\/www.promotio.sk\/shop\/nezaraden\u00e9\/dione\/"},"modified":"2024-03-07T13:38:05","modified_gmt":"2024-03-07T12:38:05","slug":"dione","status":"publish","type":"product","link":"https:\/\/www.promotio.sk\/sk\/shop\/promo-items\/technology\/usb_flash_drivers\/dione\/","title":{"rendered":"DIONE"},"content":{"rendered":"<p>Nab\u00edjac\u00ed k\u00e1bel 5 v 1 predstavuje v\u0161estrann\u00e9 a pohodln\u00e9 rie\u0161enie na nab\u00edjanie va\u0161ich zariaden\u00ed. Jeho telo je vyroben\u00e9 z kombin\u00e1cie plastu p\u0161eni\u010dnej slamy a bambusu, \u010do mu dod\u00e1va prirodzen\u00fd a udr\u017eate\u013en\u00fd vzh\u013ead.<\/p>\n<p>Tento k\u00e1bel m\u00e1 viacero pripojen\u00ed, vr\u00e1tane vstupu USB a Type-C, ako aj v\u00fdstupov Micro USB, Type-C a Lightning. Pomocou tohto mno\u017estva konektorov m\u00f4\u017eete nab\u00edja\u0165 zariadenia s r\u00f4znymi nab\u00edjac\u00edmi portami, ako s\u00fa smartf\u00f3ny, tablety, sl\u00fachadl\u00e1 a \u010fal\u0161ie elektronick\u00e9 zariadenia.<\/p>\n<p>S nab\u00edjac\u00edm k\u00e1blom 5 v 1 si m\u00f4\u017eete zjednodu\u0161i\u0165 potreby nab\u00edjania t\u00fdm, \u017ee budete ma\u0165 viacero pripojen\u00ed na jednom k\u00e1bli. Navy\u0161e jeho dizajn s pr\u00edrodn\u00fdmi materi\u00e1lmi, ako je bambus a p\u0161eni\u010dn\u00fd slamen\u00fd plast, dokazuje v\u00e1\u0161 z\u00e1v\u00e4zok k ekologickej\u0161iemu \u017eivotn\u00e9mu \u0161t\u00fdlu.<br \/>Zlo\u017eenie: Bamb\u00fa y Fibra de trigo<br \/>Pozn\u00e1mky: Presentaci\u00f3n en sobre individual dise\u00f1o eco.<\/p>","protected":false},"excerpt":{"rendered":"<p>The 5-in-1 charger cable is a versatile and convenient solution for charging your devices. Its body is made of a<\/p>","protected":false},"featured_media":11309,"comment_status":"open","ping_status":"closed","template":"","meta":[],"product_cat":[286,288],"product_tag":[],"class_list":{"0":"post-11308","1":"product","2":"type-product","3":"status-publish","4":"has-post-thumbnail","6":"product_cat-technology","7":"product_cat-usb_flash_drivers","9":"first","10":"instock","11":"shipping-taxable","12":"purchasable","13":"product-type-variable"},"_links":{"self":[{"href":"https:\/\/www.promotio.sk\/sk\/wp-json\/wp\/v2\/product\/11308","targetHints":{"allow":["GET"]}}],"collection":[{"href":"https:\/\/www.promotio.sk\/sk\/wp-json\/wp\/v2\/product"}],"about":[{"href":"https:\/\/www.promotio.sk\/sk\/wp-json\/wp\/v2\/types\/product"}],"replies":[{"embeddable":true,"href":"https:\/\/www.promotio.sk\/sk\/wp-json\/wp\/v2\/comments?post=11308"}],"wp:featuredmedia":[{"embeddable":true,"href":"https:\/\/www.promotio.sk\/sk\/wp-json\/wp\/v2\/media\/11309"}],"wp:attachment":[{"href":"https:\/\/www.promotio.sk\/sk\/wp-json\/wp\/v2\/media?parent=11308"}],"wp:term":[{"taxonomy":"product_cat","embeddable":true,"href":"https:\/\/www.promotio.sk\/sk\/wp-json\/wp\/v2\/product_cat?post=11308"},{"taxonomy":"product_tag","embeddable":true,"href":"https:\/\/www.promotio.sk\/sk\/wp-json\/wp\/v2\/product_tag?post=11308"}],"curies":[{"name":"wp","href":"https:\/\/api.w.org\/{rel}","templated":true}]}}