{"id":11306,"date":"2024-03-07T13:36:52","date_gmt":"2024-03-07T12:36:52","guid":{"rendered":"https:\/\/www.promotio.sk\/shop\/nezaraden\u00e9\/alok\/"},"modified":"2024-03-07T13:37:56","modified_gmt":"2024-03-07T12:37:56","slug":"alok","status":"publish","type":"product","link":"https:\/\/www.promotio.sk\/sk\/shop\/promo-items\/technology\/chargers\/alok\/","title":{"rendered":"ALOK"},"content":{"rendered":"<p>Bezdr\u00f4tov\u00e1 nab\u00edja\u010dka s bambusov\u00fdm telom a z\u00e1klad\u0148ou z p\u0161eni\u010dn\u00fdch vl\u00e1kien pon\u00faka udr\u017eate\u013en\u00e9 a pohodln\u00e9 rie\u0161enie pre nab\u00edjanie v\u00e1\u0161ho smartf\u00f3nu. Jednoducho umiestnite svoje zariadenie na nab\u00edja\u010dku a nechajte ho nab\u00edja\u0165 bez potreby k\u00e1blov alebo z\u00e1str\u010diek.<\/p>\n<p>Bambusov\u00e9 telo a z\u00e1klad z p\u0161eni\u010dn\u00fdch vl\u00e1kien mu dod\u00e1vaj\u00fa nielen prirodzen\u00fd a elegantn\u00fd vzh\u013ead, ale tie\u017e demon\u0161truj\u00fa v\u00e1\u0161 z\u00e1v\u00e4zok vo\u010di \u017eivotn\u00e9mu prostrediu pou\u017eit\u00edm trvalo udr\u017eate\u013en\u00fdch materi\u00e1lov.<\/p>\n<p>S nab\u00edjac\u00edm v\u00fdkonom 10 W je t\u00e1to bezdr\u00f4tov\u00e1 nab\u00edja\u010dka kompatibiln\u00e1 so zariadeniami, ktor\u00e9 podporuj\u00fa bezdr\u00f4tov\u00fa technol\u00f3giu. S\u00fa\u010das\u0165ou balenia je navy\u0161e k\u00e1bel typu C pre r\u00fdchle a jednoduch\u00e9 pripojenie.<\/p>\n<p>Bezdr\u00f4tov\u00e1 nab\u00edja\u010dka sa dod\u00e1va v krabici s ekologick\u00fdm dizajnom, ktor\u00e1 zd\u00f4raz\u0148uje jej zameranie na udr\u017eate\u013enos\u0165 a starostlivos\u0165 o \u017eivotn\u00e9 prostredie. S bambusovou bezdr\u00f4tovou nab\u00edja\u010dkou a z\u00e1klad\u0148ou z p\u0161eni\u010dn\u00fdch vl\u00e1kien je nab\u00edjanie smartf\u00f3nu pohodlnej\u0161ie a ekologickej\u0161ie. Vychutnajte si r\u00fdchle a efekt\u00edvne nab\u00edjanie a z\u00e1rove\u0148 prispejte k udr\u017eate\u013enej\u0161iemu \u017eivotn\u00e9mu \u0161t\u00fdlu.<br \/>Zlo\u017eenie: Bamb\u00fa y Fibra de trigo<br \/>Pozn\u00e1mky: Vstupn\u00e9 nap\u00e4tie: DC 12V\/1,5A, 9V\/2A, 5V\/3A<br \/>\nV\u00fdkon soli: 10 W (M\u00c1X.)<br \/>\nV\u00e1lido SOLO para dispositivos m\u00f3viles con tecnolog\u00eda de carga inal\u00e1mbrica QI<br \/>\nPrezent\u00e1cia en caja dise\u00f1o eco.<\/p>","protected":false},"excerpt":{"rendered":"<p>The wireless charger with a bamboo body and wheat fibre base offers a sustainable and convenient solution for charging your<\/p>","protected":false},"featured_media":11307,"comment_status":"open","ping_status":"closed","template":"","meta":[],"product_cat":[289,286],"product_tag":[],"class_list":{"0":"post-11306","1":"product","2":"type-product","3":"status-publish","4":"has-post-thumbnail","6":"product_cat-chargers","7":"product_cat-technology","9":"first","10":"instock","11":"shipping-taxable","12":"purchasable","13":"product-type-variable"},"_links":{"self":[{"href":"https:\/\/www.promotio.sk\/sk\/wp-json\/wp\/v2\/product\/11306","targetHints":{"allow":["GET"]}}],"collection":[{"href":"https:\/\/www.promotio.sk\/sk\/wp-json\/wp\/v2\/product"}],"about":[{"href":"https:\/\/www.promotio.sk\/sk\/wp-json\/wp\/v2\/types\/product"}],"replies":[{"embeddable":true,"href":"https:\/\/www.promotio.sk\/sk\/wp-json\/wp\/v2\/comments?post=11306"}],"wp:featuredmedia":[{"embeddable":true,"href":"https:\/\/www.promotio.sk\/sk\/wp-json\/wp\/v2\/media\/11307"}],"wp:attachment":[{"href":"https:\/\/www.promotio.sk\/sk\/wp-json\/wp\/v2\/media?parent=11306"}],"wp:term":[{"taxonomy":"product_cat","embeddable":true,"href":"https:\/\/www.promotio.sk\/sk\/wp-json\/wp\/v2\/product_cat?post=11306"},{"taxonomy":"product_tag","embeddable":true,"href":"https:\/\/www.promotio.sk\/sk\/wp-json\/wp\/v2\/product_tag?post=11306"}],"curies":[{"name":"wp","href":"https:\/\/api.w.org\/{rel}","templated":true}]}}