{"id":11291,"date":"2024-03-07T13:36:03","date_gmt":"2024-03-07T12:36:03","guid":{"rendered":"https:\/\/www.promotio.sk\/shop\/nezaraden\u00e9\/lens\/"},"modified":"2024-03-07T13:36:51","modified_gmt":"2024-03-07T12:36:51","slug":"lens","status":"publish","type":"product","link":"https:\/\/www.promotio.sk\/sk\/shop\/promo-items\/technology\/usb_flash_drivers\/lens\/","title":{"rendered":"LENS"},"content":{"rendered":"<p>Roz\u0161\u00edrite\u013en\u00fd nab\u00edjac\u00ed k\u00e1bel 5 v 1 je praktick\u00fdm a v\u0161estrann\u00fdm rie\u0161en\u00edm pre va\u0161e potreby nab\u00edjania. Vyroben\u00e9 z recyklovan\u00e9ho ABS a bambusov\u00e9ho tela, kombinuje odolnos\u0165 a prirodzen\u00fd \u0161t\u00fdl.<\/p>\n<p>Tento k\u00e1bel sa pred\u013a\u017ei a\u017e na 96 cm, v\u010faka \u010domu z\u00edskate v\u00e4\u010d\u0161iu flexibilitu a pohodlie pri nab\u00edjan\u00ed va\u0161ich zariaden\u00ed. M\u00e1 vstupn\u00e9 pripojenie USB a Type-C, ako aj v\u00fdstupn\u00e9 pripojenia Micro USB, Type-C a Lightning, \u010do v\u00e1m umo\u017en\u00ed nab\u00edja\u0165 \u0161irok\u00fa \u0161k\u00e1lu zariaden\u00ed, od smartf\u00f3nov a\u017e po tablety.<\/p>\n<p>S predl\u017eovac\u00edm nab\u00edjac\u00edm k\u00e1blom 5 v 1 m\u00f4\u017eete nosi\u0165 jeden k\u00e1bel, ktor\u00fd sa prisp\u00f4sob\u00ed r\u00f4znym nab\u00edjac\u00edm portom a pred\u013a\u017ei sa pre v\u00e4\u010d\u0161ie pohodlie. Jeho dizajn s pr\u00edrodn\u00fdmi materi\u00e1lmi, ako je bambus a recyklovan\u00fd ABS, demon\u0161truje v\u00e1\u0161 z\u00e1v\u00e4zok vo\u010di ekologickej\u0161iemu \u017eivotn\u00e9mu \u0161t\u00fdlu.<br \/>Zlo\u017eenie: Bamb\u00fa y ABS<br \/>Pozn\u00e1mky: Presentaci\u00f3n en sobre individual dise\u00f1o eco.<\/p>","protected":false},"excerpt":{"rendered":"<p>The 5-in-1 Extendable Charging Cable is a practical and versatile solution for your charging needs. Made with a recycled ABS<\/p>","protected":false},"featured_media":11292,"comment_status":"open","ping_status":"closed","template":"","meta":[],"product_cat":[286,288],"product_tag":[],"class_list":{"0":"post-11291","1":"product","2":"type-product","3":"status-publish","4":"has-post-thumbnail","6":"product_cat-technology","7":"product_cat-usb_flash_drivers","9":"first","10":"instock","11":"shipping-taxable","12":"purchasable","13":"product-type-variable"},"_links":{"self":[{"href":"https:\/\/www.promotio.sk\/sk\/wp-json\/wp\/v2\/product\/11291","targetHints":{"allow":["GET"]}}],"collection":[{"href":"https:\/\/www.promotio.sk\/sk\/wp-json\/wp\/v2\/product"}],"about":[{"href":"https:\/\/www.promotio.sk\/sk\/wp-json\/wp\/v2\/types\/product"}],"replies":[{"embeddable":true,"href":"https:\/\/www.promotio.sk\/sk\/wp-json\/wp\/v2\/comments?post=11291"}],"wp:featuredmedia":[{"embeddable":true,"href":"https:\/\/www.promotio.sk\/sk\/wp-json\/wp\/v2\/media\/11292"}],"wp:attachment":[{"href":"https:\/\/www.promotio.sk\/sk\/wp-json\/wp\/v2\/media?parent=11291"}],"wp:term":[{"taxonomy":"product_cat","embeddable":true,"href":"https:\/\/www.promotio.sk\/sk\/wp-json\/wp\/v2\/product_cat?post=11291"},{"taxonomy":"product_tag","embeddable":true,"href":"https:\/\/www.promotio.sk\/sk\/wp-json\/wp\/v2\/product_tag?post=11291"}],"curies":[{"name":"wp","href":"https:\/\/api.w.org\/{rel}","templated":true}]}}