{"id":11289,"date":"2024-03-07T13:35:58","date_gmt":"2024-03-07T12:35:58","guid":{"rendered":"https:\/\/www.promotio.sk\/shop\/nezaraden\u00e9\/metrik\/"},"modified":"2024-03-07T13:36:44","modified_gmt":"2024-03-07T12:36:44","slug":"metrik","status":"publish","type":"product","link":"https:\/\/www.promotio.sk\/sk\/shop\/promo-items\/technology\/usb_flash_drivers\/metrik\/","title":{"rendered":"METRIK"},"content":{"rendered":"<p>Nab\u00edjac\u00ed k\u00e1bel 5 v 1 s korkov\u00fdm telom a p\u0161eni\u010dn\u00fdm vl\u00e1knom je v\u0161estrann\u00fdm a udr\u017eate\u013en\u00fdm rie\u0161en\u00edm pre va\u0161e potreby nab\u00edjania. S d\u013a\u017ekou k\u00e1bla 125 cm pon\u00faka dostato\u010dn\u00fa vo\u013enos\u0165 pohybu a flexibilitu.<br \/>\nK\u00e1bel m\u00e1 USB a Type-C vstup, \u010do v\u00e1m umo\u017e\u0148uje pripoji\u0165 ho k r\u00f4znym zdrojom nap\u00e1jania, ako s\u00fa nap\u00e1jacie adapt\u00e9ry, power banky alebo po\u010d\u00edta\u010de. Okrem toho pon\u00faka v\u00fdstupy USB, Micro USB, Type-C a Lightning, v\u010faka \u010domu je kompatibiln\u00fd so \u0161irokou \u0161k\u00e1lou elektronick\u00fdch zariaden\u00ed, od smartf\u00f3nov po tablety a \u010fal\u0161ie zariadenia.<br \/>\nTelo z korku a p\u0161eni\u010dn\u00fdch vl\u00e1kien dod\u00e1va k\u00e1blu nielen prirodzen\u00fd a estetick\u00fd vzh\u013ead, ale tie\u017e posil\u0148uje jeho z\u00e1v\u00e4zok k udr\u017eate\u013enosti pou\u017eit\u00edm ekologick\u00fdch materi\u00e1lov.<br \/>\nK\u00e1bel nab\u00edja\u010dky je prezentovan\u00fd v jedinom obale s ECO dizajnom, \u010do dokazuje jeho zameranie na zni\u017eovanie odpadu a starostlivos\u0165 o \u017eivotn\u00e9 prostredie.<br \/>\nS korkov\u00fdm telom 5 v 1 a nab\u00edjac\u00edm k\u00e1blom z p\u0161eni\u010dn\u00fdch vl\u00e1kien m\u00f4\u017eete pohodlne a bezpe\u010dne nab\u00edja\u0165 a synchronizova\u0165 svoje zariadenia a z\u00e1rove\u0148 prispieva\u0165 k udr\u017eate\u013enej\u0161iemu \u017eivotn\u00e9mu \u0161t\u00fdlu.<br \/>Zlo\u017eenie: Corcho y Fibra de trigo<br \/>Pozn\u00e1mky: Presentaci\u00f3n en sobre individual dise\u00f1o eco.<\/p>","protected":false},"excerpt":{"rendered":"<p>The 5-in-1 charger cable with cork body and wheat fibre is a versatile and sustainable solution for your charging needs.<\/p>","protected":false},"featured_media":11290,"comment_status":"open","ping_status":"closed","template":"","meta":[],"product_cat":[286,288],"product_tag":[],"class_list":{"0":"post-11289","1":"product","2":"type-product","3":"status-publish","4":"has-post-thumbnail","6":"product_cat-technology","7":"product_cat-usb_flash_drivers","9":"first","10":"instock","11":"shipping-taxable","12":"purchasable","13":"product-type-variable"},"_links":{"self":[{"href":"https:\/\/www.promotio.sk\/sk\/wp-json\/wp\/v2\/product\/11289","targetHints":{"allow":["GET"]}}],"collection":[{"href":"https:\/\/www.promotio.sk\/sk\/wp-json\/wp\/v2\/product"}],"about":[{"href":"https:\/\/www.promotio.sk\/sk\/wp-json\/wp\/v2\/types\/product"}],"replies":[{"embeddable":true,"href":"https:\/\/www.promotio.sk\/sk\/wp-json\/wp\/v2\/comments?post=11289"}],"wp:featuredmedia":[{"embeddable":true,"href":"https:\/\/www.promotio.sk\/sk\/wp-json\/wp\/v2\/media\/11290"}],"wp:attachment":[{"href":"https:\/\/www.promotio.sk\/sk\/wp-json\/wp\/v2\/media?parent=11289"}],"wp:term":[{"taxonomy":"product_cat","embeddable":true,"href":"https:\/\/www.promotio.sk\/sk\/wp-json\/wp\/v2\/product_cat?post=11289"},{"taxonomy":"product_tag","embeddable":true,"href":"https:\/\/www.promotio.sk\/sk\/wp-json\/wp\/v2\/product_tag?post=11289"}],"curies":[{"name":"wp","href":"https:\/\/api.w.org\/{rel}","templated":true}]}}