{"id":11276,"date":"2024-03-07T13:35:20","date_gmt":"2024-03-07T12:35:20","guid":{"rendered":"https:\/\/www.promotio.sk\/shop\/nezaraden\u00e9\/sevek\/"},"modified":"2024-03-07T13:35:53","modified_gmt":"2024-03-07T12:35:53","slug":"sevek","status":"publish","type":"product","link":"https:\/\/www.promotio.sk\/sk\/shop\/promo-items\/technology\/usb_flash_drivers\/sevek\/","title":{"rendered":"SEVEK"},"content":{"rendered":"<p>Nab\u00edjac\u00ed k\u00e1bel 5 v 1 s korkov\u00fdm telom a p\u0161eni\u010dn\u00fdm vl\u00e1knom je v\u0161estrann\u00fdm a udr\u017eate\u013en\u00fdm rie\u0161en\u00edm pre nab\u00edjanie r\u00f4znych zariaden\u00ed. V\u010faka kompaktn\u00e9mu dizajnu a multifunk\u010dnosti tento k\u00e1bel zjednodu\u0161uje va\u0161e potreby nab\u00edjania.<br \/>\nK\u00e1bel m\u00e1 USB a Type-C vstup, \u010do v\u00e1m umo\u017e\u0148uje pripoji\u0165 ho k r\u00f4znym zdrojom nap\u00e1jania, ako s\u00fa nap\u00e1jacie adapt\u00e9ry, power banky alebo po\u010d\u00edta\u010de. Okrem toho pon\u00faka v\u00fdstupy USB, Micro USB, Type C a Lightning, ktor\u00e9 pokr\u00fdvaj\u00fa v\u00e4\u010d\u0161inu elektronick\u00fdch zariaden\u00ed dostupn\u00fdch na trhu.<br \/>\nTelo z korku a p\u0161eni\u010dn\u00fdch vl\u00e1kien mu dod\u00e1va nielen prirodzen\u00fd a estetick\u00fd vzh\u013ead, ale tie\u017e posil\u0148uje z\u00e1v\u00e4zok udr\u017eate\u013enosti pou\u017eit\u00edm ekologick\u00fdch materi\u00e1lov.<br \/>\nK\u00e1bel nab\u00edja\u010dky je prezentovan\u00fd v individu\u00e1lnom obale s ECO dizajnom, ktor\u00fd zd\u00f4raz\u0148uje jeho zameranie na zni\u017eovanie odpadu a starostlivos\u0165 o \u017eivotn\u00e9 prostredie.<br \/>\nS korkov\u00fdm telom 5 v 1 a nab\u00edjac\u00edm k\u00e1blom z p\u0161eni\u010dn\u00fdch vl\u00e1kien m\u00f4\u017eete pohodlne a efekt\u00edvne nab\u00edja\u0165 svoje zariadenia a z\u00e1rove\u0148 prispieva\u0165 k udr\u017eate\u013enej\u0161iemu \u017eivotn\u00e9mu \u0161t\u00fdlu.<br \/>Zlo\u017eenie: Corcho y fibra de trigo<br \/>Pozn\u00e1mky: Presentaci\u00f3n en sobre individual dise\u00f1o eco.<\/p>","protected":false},"excerpt":{"rendered":"<p>The 5-in-1 charger cable with a cork body and wheat fibre is a versatile and sustainable solution for charging different<\/p>","protected":false},"featured_media":11277,"comment_status":"open","ping_status":"closed","template":"","meta":[],"product_cat":[286,288],"product_tag":[],"class_list":{"0":"post-11276","1":"product","2":"type-product","3":"status-publish","4":"has-post-thumbnail","6":"product_cat-technology","7":"product_cat-usb_flash_drivers","9":"first","10":"instock","11":"shipping-taxable","12":"purchasable","13":"product-type-variable"},"_links":{"self":[{"href":"https:\/\/www.promotio.sk\/sk\/wp-json\/wp\/v2\/product\/11276","targetHints":{"allow":["GET"]}}],"collection":[{"href":"https:\/\/www.promotio.sk\/sk\/wp-json\/wp\/v2\/product"}],"about":[{"href":"https:\/\/www.promotio.sk\/sk\/wp-json\/wp\/v2\/types\/product"}],"replies":[{"embeddable":true,"href":"https:\/\/www.promotio.sk\/sk\/wp-json\/wp\/v2\/comments?post=11276"}],"wp:featuredmedia":[{"embeddable":true,"href":"https:\/\/www.promotio.sk\/sk\/wp-json\/wp\/v2\/media\/11277"}],"wp:attachment":[{"href":"https:\/\/www.promotio.sk\/sk\/wp-json\/wp\/v2\/media?parent=11276"}],"wp:term":[{"taxonomy":"product_cat","embeddable":true,"href":"https:\/\/www.promotio.sk\/sk\/wp-json\/wp\/v2\/product_cat?post=11276"},{"taxonomy":"product_tag","embeddable":true,"href":"https:\/\/www.promotio.sk\/sk\/wp-json\/wp\/v2\/product_tag?post=11276"}],"curies":[{"name":"wp","href":"https:\/\/api.w.org\/{rel}","templated":true}]}}