{"id":11274,"date":"2024-03-07T13:35:16","date_gmt":"2024-03-07T12:35:16","guid":{"rendered":"https:\/\/www.promotio.sk\/shop\/nezaraden\u00e9\/brian\/"},"modified":"2024-03-07T13:35:57","modified_gmt":"2024-03-07T12:35:57","slug":"brian","status":"publish","type":"product","link":"https:\/\/www.promotio.sk\/sk\/shop\/promo-items\/technology\/chargers\/brian\/","title":{"rendered":"BRIAN"},"content":{"rendered":"<p>Bezdr\u00f4tov\u00e1 nab\u00edja\u010dka s kombinovan\u00fdm telom z bambusu a korku je \u0161t\u00fdlov\u00e1 a udr\u017eate\u013en\u00e1 mo\u017enos\u0165 bezdr\u00f4tov\u00e9ho nab\u00edjania va\u0161ich zariaden\u00ed.<br \/>\nS v\u00fdkonom 10 W zais\u0165uje r\u00fdchle a efekt\u00edvne nab\u00edjanie bez potreby chaotick\u00fdch k\u00e1blov. T\u00e1to nab\u00edja\u010dka m\u00e1 tie\u017e stojan na smartf\u00f3n, ktor\u00fd v\u00e1m umo\u017en\u00ed umiestni\u0165 telef\u00f3n do zvislej polohy.<br \/>\nT\u00e1to nab\u00edja\u010dka m\u00e1 navy\u0161e vo svojom dizajne integrovan\u00fd praktick\u00fd dr\u017eiak na pero, v\u010faka \u010domu je v\u0161estrann\u00fdm a u\u017eito\u010dn\u00fdm n\u00e1strojom pre va\u0161e ka\u017edodenn\u00e9 \u00falohy. Jeho kompatibilita so zariadeniami vybaven\u00fdmi bezdr\u00f4tovou technol\u00f3giou v\u00e1m d\u00e1va slobodu nab\u00edja\u0165 \u0161irok\u00fa \u0161k\u00e1lu zariaden\u00ed bez potreby z\u00e1str\u010diek alebo k\u00e1blov.<br \/>\nNab\u00edja\u010dka obsahuje integrovan\u00fd k\u00e1bel typu C pre pohodlie a komfort. Jeho kombin\u00e1cia bambusu a korku mu dod\u00e1va prirodzen\u00fd a v\u00fdrazn\u00fd vzh\u013ead, zatia\u013e \u010do jeho prezent\u00e1cia v EKO-dizajnovej krabici potvrdzuje jeho z\u00e1v\u00e4zok k trvalej udr\u017eate\u013enosti.<br \/>Zlo\u017eenie: Bamb\u00fa y corcho<br \/>Pozn\u00e1mky: Vstup: DC 5V\/2A, 9V\/2A<br \/>\nNap\u00e1jacie nap\u00e4tie: DC 5V\/1A, 9V\/1,1A<br \/>\nSalida Wireless: 10W<br \/>\nPrezent\u00e1cia en caja dise\u00f1o eco. <\/p>","protected":false},"excerpt":{"rendered":"<p>The Bamboo and Cork Combined Body Wireless Charger is a stylish and sustainable option for wirelessly charging your devices. With<\/p>","protected":false},"featured_media":11275,"comment_status":"open","ping_status":"closed","template":"","meta":[],"product_cat":[289,286],"product_tag":[],"class_list":{"0":"post-11274","1":"product","2":"type-product","3":"status-publish","4":"has-post-thumbnail","6":"product_cat-chargers","7":"product_cat-technology","9":"first","10":"instock","11":"shipping-taxable","12":"purchasable","13":"product-type-variable"},"_links":{"self":[{"href":"https:\/\/www.promotio.sk\/sk\/wp-json\/wp\/v2\/product\/11274","targetHints":{"allow":["GET"]}}],"collection":[{"href":"https:\/\/www.promotio.sk\/sk\/wp-json\/wp\/v2\/product"}],"about":[{"href":"https:\/\/www.promotio.sk\/sk\/wp-json\/wp\/v2\/types\/product"}],"replies":[{"embeddable":true,"href":"https:\/\/www.promotio.sk\/sk\/wp-json\/wp\/v2\/comments?post=11274"}],"wp:featuredmedia":[{"embeddable":true,"href":"https:\/\/www.promotio.sk\/sk\/wp-json\/wp\/v2\/media\/11275"}],"wp:attachment":[{"href":"https:\/\/www.promotio.sk\/sk\/wp-json\/wp\/v2\/media?parent=11274"}],"wp:term":[{"taxonomy":"product_cat","embeddable":true,"href":"https:\/\/www.promotio.sk\/sk\/wp-json\/wp\/v2\/product_cat?post=11274"},{"taxonomy":"product_tag","embeddable":true,"href":"https:\/\/www.promotio.sk\/sk\/wp-json\/wp\/v2\/product_tag?post=11274"}],"curies":[{"name":"wp","href":"https:\/\/api.w.org\/{rel}","templated":true}]}}