{"id":11261,"date":"2024-03-07T13:34:34","date_gmt":"2024-03-07T12:34:34","guid":{"rendered":"https:\/\/www.promotio.sk\/shop\/nezaraden\u00e9\/remus\/"},"modified":"2024-03-07T13:35:15","modified_gmt":"2024-03-07T12:35:15","slug":"remus","status":"publish","type":"product","link":"https:\/\/www.promotio.sk\/sk\/shop\/promo-items\/technology\/chargers\/remus\/","title":{"rendered":"REMUS"},"content":{"rendered":"<p>10W bezdr\u00f4tov\u00e1 nab\u00edja\u010dka s bambusov\u00fdm telom a ABS telom je \u0161t\u00fdlov\u00e1 a funk\u010dn\u00e1 mo\u017enos\u0165, ako pohodlne nabi\u0165 v\u00e1\u0161 smartf\u00f3n. Jeho dizajn kombinuje prirodzen\u00fd a tepl\u00fd vzh\u013ead bambusu s odolnos\u0165ou ABS.<br \/>\nAk chcete svoj smartf\u00f3n nabi\u0165, sta\u010d\u00ed ho umiestni\u0165 na nab\u00edja\u010dku a necha\u0165 ho bezdr\u00f4tovo nab\u00edja\u0165. Nie s\u00fa potrebn\u00e9 zamotan\u00e9 k\u00e1ble ani pripojenie telef\u00f3nu priamo k nab\u00edja\u010dke. Mus\u00edte sa len uisti\u0165, \u017ee va\u0161e zariadenie podporuje technol\u00f3giu bezdr\u00f4tov\u00e9ho nab\u00edjania.<br \/>\nSveteln\u00fd indik\u00e1tor v\u00e1m uk\u00e1\u017ee stav nab\u00edjania, tak\u017ee na prv\u00fd poh\u013ead uvid\u00edte, \u010di sa v\u00e1\u0161 smartf\u00f3n nab\u00edja spr\u00e1vne. V\u010faka tomu z\u00edskate jednoduch\u00e9 a bezprobl\u00e9mov\u00e9 nab\u00edjanie.<br \/>\nBezdr\u00f4tov\u00e1 nab\u00edja\u010dka podporuje \u0161irok\u00fa \u0161k\u00e1lu zariaden\u00ed s bezdr\u00f4tovou technol\u00f3giou, \u010do znamen\u00e1, \u017ee m\u00f4\u017eete nab\u00edja\u0165 nielen smartf\u00f3ny, ale aj bezdr\u00f4tov\u00e9 sl\u00fachadl\u00e1 alebo in\u00e9 kompatibiln\u00e9 zariadenia.<br \/>\nOkrem svojej funk\u010dnosti je t\u00e1to nab\u00edja\u010dka dod\u00e1van\u00e1 v eko-dizajnovej krabici, \u010d\u00edm sa posil\u0148uje jej z\u00e1v\u00e4zok k udr\u017eate\u013enosti a starostlivosti o \u017eivotn\u00e9 prostredie.<br \/>Zlo\u017eenie: Bamb\u00fa y ABS<br \/>Pozn\u00e1mky: Prezent\u00e1cia v ekologickom dizajnovom boxe.<br \/>\nVr\u00e1tane k\u00e1bla typu C.<\/p>","protected":false},"excerpt":{"rendered":"<p>The 10W wireless charger with bamboo and ABS body is a stylish and functional option to charge your smartphone conveniently.<\/p>","protected":false},"featured_media":11262,"comment_status":"open","ping_status":"closed","template":"","meta":[],"product_cat":[289,286],"product_tag":[],"class_list":{"0":"post-11261","1":"product","2":"type-product","3":"status-publish","4":"has-post-thumbnail","6":"product_cat-chargers","7":"product_cat-technology","9":"first","10":"instock","11":"shipping-taxable","12":"purchasable","13":"product-type-variable"},"_links":{"self":[{"href":"https:\/\/www.promotio.sk\/sk\/wp-json\/wp\/v2\/product\/11261","targetHints":{"allow":["GET"]}}],"collection":[{"href":"https:\/\/www.promotio.sk\/sk\/wp-json\/wp\/v2\/product"}],"about":[{"href":"https:\/\/www.promotio.sk\/sk\/wp-json\/wp\/v2\/types\/product"}],"replies":[{"embeddable":true,"href":"https:\/\/www.promotio.sk\/sk\/wp-json\/wp\/v2\/comments?post=11261"}],"wp:featuredmedia":[{"embeddable":true,"href":"https:\/\/www.promotio.sk\/sk\/wp-json\/wp\/v2\/media\/11262"}],"wp:attachment":[{"href":"https:\/\/www.promotio.sk\/sk\/wp-json\/wp\/v2\/media?parent=11261"}],"wp:term":[{"taxonomy":"product_cat","embeddable":true,"href":"https:\/\/www.promotio.sk\/sk\/wp-json\/wp\/v2\/product_cat?post=11261"},{"taxonomy":"product_tag","embeddable":true,"href":"https:\/\/www.promotio.sk\/sk\/wp-json\/wp\/v2\/product_tag?post=11261"}],"curies":[{"name":"wp","href":"https:\/\/api.w.org\/{rel}","templated":true}]}}