{"id":11259,"date":"2024-03-07T13:34:32","date_gmt":"2024-03-07T12:34:32","guid":{"rendered":"https:\/\/www.promotio.sk\/shop\/nezaraden\u00e9\/kodix\/"},"modified":"2024-03-07T13:35:08","modified_gmt":"2024-03-07T12:35:08","slug":"kodix","status":"publish","type":"product","link":"https:\/\/www.promotio.sk\/sk\/shop\/promo-items\/technology\/chargers\/kodix\/","title":{"rendered":"KODIX"},"content":{"rendered":"<p>Pero s integrovanou bezdr\u00f4tovou nab\u00edja\u010dkou je \u0161ikovnou kombin\u00e1ciou funk\u010dnosti a \u0161t\u00fdlu. Toto pero vyroben\u00e9 z bambusu m\u00e1 prirodzen\u00fd a elegantn\u00fd vzh\u013ead, ktor\u00fd sa prisp\u00f4sob\u00ed ak\u00e9muko\u013evek prostrediu.<br \/>\nOkrem toho, \u017ee ide o praktick\u00e9 pero, m\u00e1 integrovan\u00fa bezdr\u00f4tov\u00fa nab\u00edja\u010dku, ktor\u00e1 v\u00e1m umo\u017en\u00ed nab\u00edja\u0165 smartf\u00f3n pohodlne a bez ak\u00fdchko\u013evek k\u00e1blov. S v\u00fdkonom 10 W poskytuje r\u00fdchle a efekt\u00edvne nab\u00edjanie, aby va\u0161e zariadenia zostali nabit\u00e9 po cel\u00fd de\u0148.<br \/>\nPero sa dod\u00e1va s pribalen\u00fdm k\u00e1blom typu C, ktor\u00fd u\u013eah\u010duje pripojenie k smartf\u00f3nu alebo ak\u00e9muko\u013evek in\u00e9mu kompatibiln\u00e9mu zariadeniu. Nebudete musie\u0165 h\u013eada\u0165 \u010fal\u0161ie k\u00e1ble, preto\u017ee toto pero v\u00e1m poskytne v\u0161etko, \u010do potrebujete na nab\u00edjanie va\u0161ich zariaden\u00ed.<br \/>\nPrezent\u00e1cia v EKO dizajnovom boxe posil\u0148uje jeho udr\u017eate\u013en\u00fd a ekologick\u00fd pr\u00edstup. Je ide\u00e1lnou vo\u013ebou pre t\u00fdch, ktor\u00ed h\u013eadaj\u00fa produkty, ktor\u00e9 sp\u00e1jaj\u00fa \u0161t\u00fdl a ekologick\u00e9 povedomie.<br \/>Zlo\u017eenie: Bamb\u00fa<br \/>Pozn\u00e1mky: Entrada Tipo C : 9V-2\/5V-2A<br \/>\nSalida Wireless: 10W<br \/>\nSalida USB: 9V 1,66 \/ 5V 1A<br \/>\nPrezent\u00e1cia en caja dise\u00f1o eco.<\/p>","protected":false},"excerpt":{"rendered":"<p>The pen with integrated wireless charger is a clever combination of functionality and style. Made of bamboo, this pen has<\/p>","protected":false},"featured_media":11260,"comment_status":"open","ping_status":"closed","template":"","meta":[],"product_cat":[289,286],"product_tag":[],"class_list":{"0":"post-11259","1":"product","2":"type-product","3":"status-publish","4":"has-post-thumbnail","6":"product_cat-chargers","7":"product_cat-technology","9":"first","10":"instock","11":"shipping-taxable","12":"purchasable","13":"product-type-variable"},"_links":{"self":[{"href":"https:\/\/www.promotio.sk\/sk\/wp-json\/wp\/v2\/product\/11259","targetHints":{"allow":["GET"]}}],"collection":[{"href":"https:\/\/www.promotio.sk\/sk\/wp-json\/wp\/v2\/product"}],"about":[{"href":"https:\/\/www.promotio.sk\/sk\/wp-json\/wp\/v2\/types\/product"}],"replies":[{"embeddable":true,"href":"https:\/\/www.promotio.sk\/sk\/wp-json\/wp\/v2\/comments?post=11259"}],"wp:featuredmedia":[{"embeddable":true,"href":"https:\/\/www.promotio.sk\/sk\/wp-json\/wp\/v2\/media\/11260"}],"wp:attachment":[{"href":"https:\/\/www.promotio.sk\/sk\/wp-json\/wp\/v2\/media?parent=11259"}],"wp:term":[{"taxonomy":"product_cat","embeddable":true,"href":"https:\/\/www.promotio.sk\/sk\/wp-json\/wp\/v2\/product_cat?post=11259"},{"taxonomy":"product_tag","embeddable":true,"href":"https:\/\/www.promotio.sk\/sk\/wp-json\/wp\/v2\/product_tag?post=11259"}],"curies":[{"name":"wp","href":"https:\/\/api.w.org\/{rel}","templated":true}]}}