{"id":11237,"date":"2024-03-07T13:33:16","date_gmt":"2024-03-07T12:33:16","guid":{"rendered":"https:\/\/www.promotio.sk\/shop\/nezaraden\u00e9\/wudy\/"},"modified":"2024-03-07T13:34:30","modified_gmt":"2024-03-07T12:34:30","slug":"wudy","status":"publish","type":"product","link":"https:\/\/www.promotio.sk\/sk\/shop\/promo-items\/technology\/chargers\/wudy\/","title":{"rendered":"WUDY"},"content":{"rendered":"<p>Revolu\u010dn\u00e1 15W magnetick\u00e1 bezdr\u00f4tov\u00e1 nab\u00edja\u010dka, vyroben\u00e1 s vysokokvalitn\u00fdm telom z recyklovan\u00e9ho hlin\u00edka. Sp\u00e1ja funk\u010dnos\u0165, dizajn a udr\u017eate\u013enos\u0165 v jedinom zariaden\u00ed. Zjednodu\u0161te si \u017eivot a prispejte k \u017eivotn\u00e9mu prostrediu pomocou na\u0161ej magnetickej bezdr\u00f4tovej nab\u00edja\u010dky z recyklovan\u00e9ho hlin\u00edka.<\/p>\n<p>T\u00e1to nab\u00edja\u010dka je kompatibiln\u00e1 s modelmi, ktor\u00e9 podporuj\u00fa technol\u00f3giu bezdr\u00f4tov\u00e9ho nab\u00edjania, v\u010faka \u010domu z\u00edskate jednoduch\u00e9 a pohodln\u00e9 bezdr\u00f4tov\u00e9 nab\u00edjanie.<\/p>\n<p>S pripojen\u00edm typu C zais\u0165ujeme stabiln\u00e9 a r\u00fdchle pripojenie na efekt\u00edvne nab\u00edjanie va\u0161ich zariaden\u00ed. Pre v\u00e4\u010d\u0161ie pohodlie a v\u0161estrannos\u0165 sme navy\u0161e pridali k\u00e1bel.<\/p>\n<p>V s\u00falade s na\u0161ou filozofiou \u0161etrnou k \u017eivotn\u00e9mu prostrediu predstavujeme t\u00fato nab\u00edja\u010dku v krabici navrhnutej z ekologick\u00fdch materi\u00e1lov. Sme hrd\u00ed na to, \u017ee m\u00f4\u017eeme pon\u00faknu\u0165 udr\u017eate\u013en\u00e9 rie\u0161enie pre va\u0161e potreby nab\u00edjania pomocou recyklovan\u00e9ho hlin\u00edka a zn\u00ed\u017een\u00edm pou\u017e\u00edvania plastov.<br \/>Zlo\u017eenie: Aluminio reciclado<br \/>Pozn\u00e1mky: Vstupn\u00e9 nap\u00e4tie: DC 9V 1,67A.<br \/>\nVstupn\u00fd v\u00fdkon: 15W.<br \/>\nPrezent\u00e1cia en caja dise\u00f1o eco. <\/p>","protected":false},"excerpt":{"rendered":"<p>Revolutionary 15W magnetic wireless charger, made with a high-quality recycled aluminium body. It combines functionality, design and sustainability in a<\/p>","protected":false},"featured_media":11238,"comment_status":"open","ping_status":"closed","template":"","meta":[],"product_cat":[289,286],"product_tag":[],"class_list":{"0":"post-11237","1":"product","2":"type-product","3":"status-publish","4":"has-post-thumbnail","6":"product_cat-chargers","7":"product_cat-technology","9":"first","10":"instock","11":"shipping-taxable","12":"purchasable","13":"product-type-variable"},"_links":{"self":[{"href":"https:\/\/www.promotio.sk\/sk\/wp-json\/wp\/v2\/product\/11237","targetHints":{"allow":["GET"]}}],"collection":[{"href":"https:\/\/www.promotio.sk\/sk\/wp-json\/wp\/v2\/product"}],"about":[{"href":"https:\/\/www.promotio.sk\/sk\/wp-json\/wp\/v2\/types\/product"}],"replies":[{"embeddable":true,"href":"https:\/\/www.promotio.sk\/sk\/wp-json\/wp\/v2\/comments?post=11237"}],"wp:featuredmedia":[{"embeddable":true,"href":"https:\/\/www.promotio.sk\/sk\/wp-json\/wp\/v2\/media\/11238"}],"wp:attachment":[{"href":"https:\/\/www.promotio.sk\/sk\/wp-json\/wp\/v2\/media?parent=11237"}],"wp:term":[{"taxonomy":"product_cat","embeddable":true,"href":"https:\/\/www.promotio.sk\/sk\/wp-json\/wp\/v2\/product_cat?post=11237"},{"taxonomy":"product_tag","embeddable":true,"href":"https:\/\/www.promotio.sk\/sk\/wp-json\/wp\/v2\/product_tag?post=11237"}],"curies":[{"name":"wp","href":"https:\/\/api.w.org\/{rel}","templated":true}]}}