{"id":11235,"date":"2024-03-07T13:33:13","date_gmt":"2024-03-07T12:33:13","guid":{"rendered":"https:\/\/www.promotio.sk\/shop\/nezaraden\u00e9\/luke\/"},"modified":"2024-03-07T13:34:07","modified_gmt":"2024-03-07T12:34:07","slug":"luke","status":"publish","type":"product","link":"https:\/\/www.promotio.sk\/sk\/shop\/promo-items\/technology\/chargers\/luke\/","title":{"rendered":"LUKE"},"content":{"rendered":"<p>Bezdr\u00f4tov\u00e1 bambusov\u00e1 nab\u00edja\u010dka integrovan\u00e1 do priehradky organiz\u00e9ra je praktick\u00fdm a estetick\u00fdm rie\u0161en\u00edm, ktor\u00e9 udr\u017e\u00ed va\u0161e zariadenia nabit\u00e9 a v\u00e1\u0161 pracovn\u00fd priestor upratan\u00fd. Z\u00e1sobn\u00edk organiz\u00e9ra pon\u00faka \u010fal\u0161\u00ed priestor na ulo\u017eenie mal\u00fdch predmetov, ako s\u00fa per\u00e1, sponky alebo karty.<br \/>\nBambusov\u00e1 bezdr\u00f4tov\u00e1 nab\u00edja\u010dka pon\u00faka 10W nab\u00edjac\u00ed v\u00fdkon, ktor\u00fd v\u00e1m umo\u017en\u00ed r\u00fdchlo a efekt\u00edvne nab\u00edja\u0165 va\u0161e zariadenia. Jednoducho polo\u017ete svoj smartf\u00f3n kompatibiln\u00fd s bezdr\u00f4tov\u00fdm nab\u00edjan\u00edm na stojan a nechajte ho nab\u00edja\u0165 bez potreby zamotan\u00fdch k\u00e1blov.<br \/>\nPrilo\u017een\u00fd stojan na smartf\u00f3n poskytuje pozorovac\u00ed uhol, v ktorom si m\u00f4\u017eete prezera\u0165 upozornenia, uskuto\u010d\u0148ova\u0165 videohovory alebo sledova\u0165 medi\u00e1lny obsah bez preru\u0161enia.<br \/>\nBezdr\u00f4tov\u00e1 nab\u00edja\u010dka je dod\u00e1van\u00e1 s k\u00e1blom typu C, ktor\u00fd v\u00e1m umo\u017en\u00ed \u013eahko ju pripoji\u0165 k zdroju nap\u00e1jania. Nebudete si musie\u0165 robi\u0165 starosti s h\u013eadan\u00edm \u010fal\u0161\u00edch k\u00e1blov, preto\u017ee t\u00e1to nab\u00edja\u010dka v\u00e1m poskytne v\u0161etko, \u010do potrebujete na bezprobl\u00e9mov\u00e9 nab\u00edjanie.<br \/>\nProdukt je prezentovan\u00fd v ekologickom dizajnovom boxe, ktor\u00fd zd\u00f4raz\u0148uje jeho udr\u017eate\u013en\u00fd pr\u00edstup a z\u00e1v\u00e4zok vo\u010di \u017eivotn\u00e9mu prostrediu. Je ide\u00e1lnou vo\u013ebou pre t\u00fdch, ktor\u00ed h\u013eadaj\u00fa produkty, ktor\u00e9 kombinuj\u00fa funk\u010dnos\u0165 a ekologick\u00e9 povedomie.<br \/>Zlo\u017eenie: Bamb\u00fa<br \/>Pozn\u00e1mky: Funk\u010dn\u00e1 vzdialenos\u0165: 6 mm \u2013 8 mm<br \/>\nV\u00fdstup: 5V\/1A MAX (5W)\uff1b7,5V\/1A MAX (7,5W) 9V\/1,12A MAX (10W)<br \/>\nVstup: 5V\/2A 9V\/2A<br \/>\nV\u00e1lido SOLO para dispositivos m\u00f3viles con tecnolog\u00eda de carga inal\u00e1mbrica QI<br \/>\nPrezent\u00e1cia en caja dise\u00f1o eco.<\/p>","protected":false},"excerpt":{"rendered":"<p>The wireless bamboo charger integrated into an organizer tray is a practical and aesthetic solution to keep your devices charged<\/p>","protected":false},"featured_media":11236,"comment_status":"open","ping_status":"closed","template":"","meta":[],"product_cat":[289,286],"product_tag":[],"class_list":{"0":"post-11235","1":"product","2":"type-product","3":"status-publish","4":"has-post-thumbnail","6":"product_cat-chargers","7":"product_cat-technology","9":"first","10":"instock","11":"shipping-taxable","12":"purchasable","13":"product-type-variable"},"_links":{"self":[{"href":"https:\/\/www.promotio.sk\/sk\/wp-json\/wp\/v2\/product\/11235","targetHints":{"allow":["GET"]}}],"collection":[{"href":"https:\/\/www.promotio.sk\/sk\/wp-json\/wp\/v2\/product"}],"about":[{"href":"https:\/\/www.promotio.sk\/sk\/wp-json\/wp\/v2\/types\/product"}],"replies":[{"embeddable":true,"href":"https:\/\/www.promotio.sk\/sk\/wp-json\/wp\/v2\/comments?post=11235"}],"wp:featuredmedia":[{"embeddable":true,"href":"https:\/\/www.promotio.sk\/sk\/wp-json\/wp\/v2\/media\/11236"}],"wp:attachment":[{"href":"https:\/\/www.promotio.sk\/sk\/wp-json\/wp\/v2\/media?parent=11235"}],"wp:term":[{"taxonomy":"product_cat","embeddable":true,"href":"https:\/\/www.promotio.sk\/sk\/wp-json\/wp\/v2\/product_cat?post=11235"},{"taxonomy":"product_tag","embeddable":true,"href":"https:\/\/www.promotio.sk\/sk\/wp-json\/wp\/v2\/product_tag?post=11235"}],"curies":[{"name":"wp","href":"https:\/\/api.w.org\/{rel}","templated":true}]}}