{"id":11225,"date":"2024-03-07T13:32:40","date_gmt":"2024-03-07T12:32:40","guid":{"rendered":"https:\/\/www.promotio.sk\/shop\/nezaraden\u00e9\/deniz\/"},"modified":"2024-03-07T13:33:11","modified_gmt":"2024-03-07T12:33:11","slug":"deniz","status":"publish","type":"product","link":"https:\/\/www.promotio.sk\/sk\/shop\/promo-items\/technology\/chargers\/deniz\/","title":{"rendered":"DENIZ"},"content":{"rendered":"<p>Stojan na telef\u00f3n do auta s magnetickou funkciou pre smartf\u00f3n a bezdr\u00f4tov\u00fa nab\u00edja\u010dku je kompletn\u00fdm a v\u0161estrann\u00fdm rie\u0161en\u00edm pre va\u0161e potreby v aute. Tento stojan je vyroben\u00fd z bambusov\u00fdch a p\u0161eni\u010dn\u00fdch vl\u00e1kien, udr\u017eate\u013en\u00fdch materi\u00e1lov, ktor\u00e9 dod\u00e1vaj\u00fa pr\u00edrodn\u00fd a ekologick\u00fd n\u00e1dych.<\/p>\n<p>Okrem toho, \u017ee tento stojan udr\u017e\u00ed v\u00e1\u0161 smartf\u00f3n na mieste po\u010das jazdy, je vybaven\u00fd funkciou bezdr\u00f4tov\u00e9ho nab\u00edjania, ktor\u00e1 v\u00e1m umo\u017en\u00ed pohodlne nab\u00edja\u0165 va\u0161e zariadenie aj na cest\u00e1ch. Kompatibiln\u00e9 so zariadeniami s technol\u00f3giou bezdr\u00f4tov\u00e9ho nab\u00edjania.<\/p>\n<p>Stojan na dr\u017eiak telef\u00f3nu do auta obsahuje aj n\u00fadzov\u00e9 kladivo na rozb\u00edjanie skla a reza\u010dku na opasok, \u010d\u00edm sa st\u00e1va dodato\u010dn\u00fdm bezpe\u010dnostn\u00fdm doplnkom v pr\u00edpade nepredv\u00eddan\u00fdch situ\u00e1ci\u00ed.<\/p>\n<p>K\u00e1bel typu C a kovov\u00fd kr\u00fa\u017eok s\u00fa s\u00fa\u010das\u0165ou balenia pre jednoduch\u00fa in\u0161tal\u00e1ciu a pripojenie. Stojan je prezentovan\u00fd v krabi\u010dke s ekologick\u00fdm dizajnom, \u010d\u00edm sa zd\u00f4raz\u0148uje jeho z\u00e1v\u00e4zok k trvalej udr\u017eate\u013enosti. V\u010faka stojanu na mobiln\u00fd telef\u00f3n s magnetickou funkciou a bezdr\u00f4tovej nab\u00edja\u010dke m\u00f4\u017eete ma\u0165 svoj smartf\u00f3n v bezpe\u010d\u00ed a nab\u00edja\u0165 ho aj na cest\u00e1ch, a to v\u0161etko pri starostlivosti o \u017eivotn\u00e9 prostredie. Navy\u0161e, ak m\u00e1te \u010fal\u0161ie bezpe\u010dnostn\u00e9 n\u00e1stroje, z\u00edskate pokoj v neo\u010dak\u00e1van\u00fdch situ\u00e1ci\u00e1ch.<br \/>Zlo\u017eenie: Bamb\u00fa y fibra de trigo<br \/>Pozn\u00e1mky: Vstupn\u00e9 nap\u00e4tie: DC 5V\/2A, 9V\/2A, 12V\/1,5A<br \/>\nNap\u00e1jacie nap\u00e4tie: DC 5V\/1A, 9V\/1,1A, 9V\/1,67A<br \/>\nV\u00fdkon: 15 W (M\u00c1X.)<br \/>\nV\u00e1lido SOLO para dispositivos m\u00f3viles con tecnolog\u00eda de carga inal\u00e1mbrica QI.<br \/>\nPrezent\u00e1cia caja dise\u00f1o eco.<\/p>","protected":false},"excerpt":{"rendered":"<p>The Car Phone Holder Stand with Magnetic Function for Smartphone and Wireless Charger is a complete and versatile solution for<\/p>","protected":false},"featured_media":11226,"comment_status":"open","ping_status":"closed","template":"","meta":[],"product_cat":[289,286],"product_tag":[],"class_list":{"0":"post-11225","1":"product","2":"type-product","3":"status-publish","4":"has-post-thumbnail","6":"product_cat-chargers","7":"product_cat-technology","9":"first","10":"instock","11":"shipping-taxable","12":"purchasable","13":"product-type-variable"},"_links":{"self":[{"href":"https:\/\/www.promotio.sk\/sk\/wp-json\/wp\/v2\/product\/11225","targetHints":{"allow":["GET"]}}],"collection":[{"href":"https:\/\/www.promotio.sk\/sk\/wp-json\/wp\/v2\/product"}],"about":[{"href":"https:\/\/www.promotio.sk\/sk\/wp-json\/wp\/v2\/types\/product"}],"replies":[{"embeddable":true,"href":"https:\/\/www.promotio.sk\/sk\/wp-json\/wp\/v2\/comments?post=11225"}],"wp:featuredmedia":[{"embeddable":true,"href":"https:\/\/www.promotio.sk\/sk\/wp-json\/wp\/v2\/media\/11226"}],"wp:attachment":[{"href":"https:\/\/www.promotio.sk\/sk\/wp-json\/wp\/v2\/media?parent=11225"}],"wp:term":[{"taxonomy":"product_cat","embeddable":true,"href":"https:\/\/www.promotio.sk\/sk\/wp-json\/wp\/v2\/product_cat?post=11225"},{"taxonomy":"product_tag","embeddable":true,"href":"https:\/\/www.promotio.sk\/sk\/wp-json\/wp\/v2\/product_tag?post=11225"}],"curies":[{"name":"wp","href":"https:\/\/api.w.org\/{rel}","templated":true}]}}