{"id":11215,"date":"2024-03-07T13:32:13","date_gmt":"2024-03-07T12:32:13","guid":{"rendered":"https:\/\/www.promotio.sk\/shop\/nezaraden\u00e9\/vini\/"},"modified":"2024-03-07T13:32:58","modified_gmt":"2024-03-07T12:32:58","slug":"vini","status":"publish","type":"product","link":"https:\/\/www.promotio.sk\/sk\/shop\/promo-items\/technology\/chargers\/vini\/","title":{"rendered":"VINI"},"content":{"rendered":"<p>Bezdr\u00f4tov\u00e1 nab\u00edja\u010dka s bambusov\u00fdm telom a z\u00e1klad\u0148ou z p\u0161eni\u010dn\u00fdch vl\u00e1kien je ekologick\u00e1 a praktick\u00e1 mo\u017enos\u0165 bezdr\u00f4tov\u00e9ho nab\u00edjania smartf\u00f3nu. Jednoducho umiestnite svoje zariadenie na nab\u00edja\u010dku a nechajte ho nab\u00edja\u0165 bez potreby k\u00e1blov alebo z\u00e1str\u010diek.<\/p>\n<p>Bambusov\u00e9 telo a z\u00e1klad z p\u0161eni\u010dn\u00fdch vl\u00e1kien mu dod\u00e1vaj\u00fa prirodzen\u00fd a udr\u017eate\u013en\u00fd vzh\u013ead, ktor\u00fd ukazuje v\u00e1\u0161 z\u00e1v\u00e4zok stara\u0165 sa o \u017eivotn\u00e9 prostredie t\u00fdm, \u017ee ste sa rozhodli pre \u0161etrn\u00e9 materi\u00e1ly.<\/p>\n<p>S nab\u00edjac\u00edm v\u00fdkonom 15 W je t\u00e1to bezdr\u00f4tov\u00e1 nab\u00edja\u010dka kompatibiln\u00e1 so zariadeniami, ktor\u00e9 podporuj\u00fa bezdr\u00f4tov\u00fa technol\u00f3giu. S\u00fa\u010das\u0165ou balenia je navy\u0161e k\u00e1bel typu C pre r\u00fdchle a pohodln\u00e9 pripojenie.<\/p>\n<p>Bezdr\u00f4tov\u00e1 nab\u00edja\u010dka sa dod\u00e1va v krabici s ekologick\u00fdm dizajnom, \u010do potvrdzuje jej zameranie na udr\u017eate\u013enos\u0165 a estetick\u00fa prezent\u00e1ciu. S bambusovou bezdr\u00f4tovou nab\u00edja\u010dkou a z\u00e1klad\u0148ou z p\u0161eni\u010dn\u00fdch vl\u00e1kien je nab\u00edjanie smartf\u00f3nu jednoduch\u00e9 a \u0161etrn\u00e9 k \u017eivotn\u00e9mu prostrediu. Vychutnajte si r\u00fdchle a efekt\u00edvne nab\u00edjanie a z\u00e1rove\u0148 prispejte k udr\u017eate\u013enej\u0161iemu \u017eivotn\u00e9mu \u0161t\u00fdlu.<br \/>Zlo\u017eenie: Bamb\u00fa y fibra de trigo<br \/>Pozn\u00e1mky: Vstupn\u00e9 nap\u00e4tie: DC 5V\/2A, 9V\/1,67A<br \/>\nNap\u00e1jacie nap\u00e4tie: DC 5V\/1A, 9V\/1,12A, 9V\/1,66A<br \/>\nV\u00fdkon: 15 W (M\u00c1X.)<br \/>\nV\u00e1lido SOLO para dispositivos m\u00f3viles con tecnolog\u00eda de carga inal\u00e1mbrica QI<br \/>\nPrezent\u00e1cia en caja dise\u00f1o eco.<\/p>","protected":false},"excerpt":{"rendered":"<p>The wireless charger with a bamboo body and wheat fibre base is an eco-friendly and practical option to charge your<\/p>","protected":false},"featured_media":11216,"comment_status":"open","ping_status":"closed","template":"","meta":[],"product_cat":[289,286],"product_tag":[],"class_list":{"0":"post-11215","1":"product","2":"type-product","3":"status-publish","4":"has-post-thumbnail","6":"product_cat-chargers","7":"product_cat-technology","9":"first","10":"instock","11":"shipping-taxable","12":"purchasable","13":"product-type-variable"},"_links":{"self":[{"href":"https:\/\/www.promotio.sk\/sk\/wp-json\/wp\/v2\/product\/11215","targetHints":{"allow":["GET"]}}],"collection":[{"href":"https:\/\/www.promotio.sk\/sk\/wp-json\/wp\/v2\/product"}],"about":[{"href":"https:\/\/www.promotio.sk\/sk\/wp-json\/wp\/v2\/types\/product"}],"replies":[{"embeddable":true,"href":"https:\/\/www.promotio.sk\/sk\/wp-json\/wp\/v2\/comments?post=11215"}],"wp:featuredmedia":[{"embeddable":true,"href":"https:\/\/www.promotio.sk\/sk\/wp-json\/wp\/v2\/media\/11216"}],"wp:attachment":[{"href":"https:\/\/www.promotio.sk\/sk\/wp-json\/wp\/v2\/media?parent=11215"}],"wp:term":[{"taxonomy":"product_cat","embeddable":true,"href":"https:\/\/www.promotio.sk\/sk\/wp-json\/wp\/v2\/product_cat?post=11215"},{"taxonomy":"product_tag","embeddable":true,"href":"https:\/\/www.promotio.sk\/sk\/wp-json\/wp\/v2\/product_tag?post=11215"}],"curies":[{"name":"wp","href":"https:\/\/api.w.org\/{rel}","templated":true}]}}