{"id":11209,"date":"2024-03-07T13:31:55","date_gmt":"2024-03-07T12:31:55","guid":{"rendered":"https:\/\/www.promotio.sk\/shop\/nezaraden\u00e9\/kruse\/"},"modified":"2024-03-07T13:32:34","modified_gmt":"2024-03-07T12:32:34","slug":"kruse","status":"publish","type":"product","link":"https:\/\/www.promotio.sk\/sk\/shop\/promo-items\/technology\/usb_flash_drivers\/kruse\/","title":{"rendered":"KRUSE"},"content":{"rendered":"<p>USB port so stojanom vyroben\u00fdm z bambusu je \u0161t\u00fdlov\u00fdm a funk\u010dn\u00fdm rie\u0161en\u00edm pre nab\u00edjanie va\u0161ich elektronick\u00fdch zariaden\u00ed. Tento port obsahuje vstupn\u00e9 pripojenie USB a Type-C, ktor\u00e9 v\u00e1m umo\u017en\u00ed nab\u00edja\u0165 \u0161irok\u00fa \u0161k\u00e1lu zariaden\u00ed, od smartf\u00f3nov po tablety a \u010fal\u0161ie.<\/p>\n<p>Zabudovan\u00e1 podpora USB portu v\u00e1m umo\u017e\u0148uje bezpe\u010dne umiestni\u0165 va\u0161e zariadenie po\u010das nab\u00edjania, poskytuje pohodlie a zabra\u0148uje sk\u013aznutiu alebo p\u00e1du.<\/p>\n<p> Jeho prirodzen\u00fd dizajn a ekologick\u00e1 prezent\u00e1cia robia z tohto USB portu ide\u00e1lnu vo\u013ebu pre t\u00fdch, ktor\u00ed h\u013eadaj\u00fa udr\u017eate\u013enej\u0161\u00ed \u017eivotn\u00fd \u0161t\u00fdl.<br \/>Zlo\u017eenie: Bamb\u00fa y fibra de trigo<br \/>Pozn\u00e1mky: Puerto USB de bamb\u00fa s 2 portami USB 2.0 HUB (2 porty USB-A a 2 porty USB-C).<br \/>\nKompatibiln\u00e9 s USB 1.1 a 2.0. Vstup: 5V. V\u00fdstup: 5V 500mA.<br \/>\nPrezent\u00e1cia v individu\u00e1lnych ekologick\u00fdch podmienkach.<\/p>","protected":false},"excerpt":{"rendered":"<p>The USB port with a stand made of bamboo is a stylish and functional solution for charging your electronic devices.<\/p>","protected":false},"featured_media":11210,"comment_status":"open","ping_status":"closed","template":"","meta":[],"product_cat":[286,288],"product_tag":[],"class_list":{"0":"post-11209","1":"product","2":"type-product","3":"status-publish","4":"has-post-thumbnail","6":"product_cat-technology","7":"product_cat-usb_flash_drivers","9":"first","10":"instock","11":"shipping-taxable","12":"purchasable","13":"product-type-variable"},"_links":{"self":[{"href":"https:\/\/www.promotio.sk\/sk\/wp-json\/wp\/v2\/product\/11209","targetHints":{"allow":["GET"]}}],"collection":[{"href":"https:\/\/www.promotio.sk\/sk\/wp-json\/wp\/v2\/product"}],"about":[{"href":"https:\/\/www.promotio.sk\/sk\/wp-json\/wp\/v2\/types\/product"}],"replies":[{"embeddable":true,"href":"https:\/\/www.promotio.sk\/sk\/wp-json\/wp\/v2\/comments?post=11209"}],"wp:featuredmedia":[{"embeddable":true,"href":"https:\/\/www.promotio.sk\/sk\/wp-json\/wp\/v2\/media\/11210"}],"wp:attachment":[{"href":"https:\/\/www.promotio.sk\/sk\/wp-json\/wp\/v2\/media?parent=11209"}],"wp:term":[{"taxonomy":"product_cat","embeddable":true,"href":"https:\/\/www.promotio.sk\/sk\/wp-json\/wp\/v2\/product_cat?post=11209"},{"taxonomy":"product_tag","embeddable":true,"href":"https:\/\/www.promotio.sk\/sk\/wp-json\/wp\/v2\/product_tag?post=11209"}],"curies":[{"name":"wp","href":"https:\/\/api.w.org\/{rel}","templated":true}]}}