{"id":11197,"date":"2024-03-07T13:31:20","date_gmt":"2024-03-07T12:31:20","guid":{"rendered":"https:\/\/www.promotio.sk\/shop\/nezaraden\u00e9\/garyk\/"},"modified":"2024-03-07T13:32:05","modified_gmt":"2024-03-07T12:32:05","slug":"garyk","status":"publish","type":"product","link":"https:\/\/www.promotio.sk\/sk\/shop\/promo-items\/technology\/usb_flash_drivers\/garyk\/","title":{"rendered":"GARYK"},"content":{"rendered":"<p>Predl\u017eovac\u00ed nab\u00edjac\u00ed k\u00e1bel s hlavnou \u0161trukt\u00farou z bambusu a p\u0161eni\u010dn\u00e9ho vl\u00e1kna. Vstupy USB a typu C. Lightning a v\u00fdstupy typu C. Prezent\u00e1cia v individu\u00e1lnej ta\u0161ke s ekologick\u00fdm dizajnom. <br \/>Zlo\u017eenie: Bamb\u00fa<br \/>Pozn\u00e1mky: Presentaci\u00f3n en sobre individual dise\u00f1o eco.<\/p>","protected":false},"excerpt":{"rendered":"<p>Extendable charging cable with main structure in bamboo and wheat fibre cable. USB and Type C inputs. Lightning and Type<\/p>","protected":false},"featured_media":11198,"comment_status":"open","ping_status":"closed","template":"","meta":[],"product_cat":[286,288],"product_tag":[],"class_list":{"0":"post-11197","1":"product","2":"type-product","3":"status-publish","4":"has-post-thumbnail","6":"product_cat-technology","7":"product_cat-usb_flash_drivers","9":"first","10":"instock","11":"shipping-taxable","12":"purchasable","13":"product-type-variable"},"_links":{"self":[{"href":"https:\/\/www.promotio.sk\/sk\/wp-json\/wp\/v2\/product\/11197","targetHints":{"allow":["GET"]}}],"collection":[{"href":"https:\/\/www.promotio.sk\/sk\/wp-json\/wp\/v2\/product"}],"about":[{"href":"https:\/\/www.promotio.sk\/sk\/wp-json\/wp\/v2\/types\/product"}],"replies":[{"embeddable":true,"href":"https:\/\/www.promotio.sk\/sk\/wp-json\/wp\/v2\/comments?post=11197"}],"wp:featuredmedia":[{"embeddable":true,"href":"https:\/\/www.promotio.sk\/sk\/wp-json\/wp\/v2\/media\/11198"}],"wp:attachment":[{"href":"https:\/\/www.promotio.sk\/sk\/wp-json\/wp\/v2\/media?parent=11197"}],"wp:term":[{"taxonomy":"product_cat","embeddable":true,"href":"https:\/\/www.promotio.sk\/sk\/wp-json\/wp\/v2\/product_cat?post=11197"},{"taxonomy":"product_tag","embeddable":true,"href":"https:\/\/www.promotio.sk\/sk\/wp-json\/wp\/v2\/product_tag?post=11197"}],"curies":[{"name":"wp","href":"https:\/\/api.w.org\/{rel}","templated":true}]}}