{"id":11195,"date":"2024-03-07T13:31:17","date_gmt":"2024-03-07T12:31:17","guid":{"rendered":"https:\/\/www.promotio.sk\/shop\/nezaraden\u00e9\/discovery\/"},"modified":"2024-03-07T14:50:57","modified_gmt":"2024-03-07T13:50:57","slug":"discovery","status":"publish","type":"product","link":"https:\/\/www.promotio.sk\/sk\/shop\/promo-items\/technology\/technology_multifunction\/discovery\/","title":{"rendered":"OBJAVOVANIE"},"content":{"rendered":"<p>\u0160portov\u00e1 kamera s technol\u00f3giou 4K HD videa a Wi-Fi pripojen\u00edm. 2\u2033 LCD displej. S funkciou kamery Full HD 1080P. Obsahuje odoln\u00e9 30 m ponorn\u00e9 puzdro a r\u00f4zne multifunk\u010dn\u00e9 spojovacie pr\u00edslu\u0161enstvo. Odn\u00edmate\u013en\u00e1 nab\u00edjate\u013en\u00e1 bat\u00e9ria. Vr\u00e1tane k\u00e1bla. <br \/>Pozn\u00e1mky: \u010casova\u010d \/Pomal\u00fd fotoapar\u00e1t\/Automatick\u00fd portr\u00e9t<br \/>\nLCD: 2&#039;&#039; LCD panel<br \/>\nRozl\u00ed\u0161enie obrazu: 16 MP (4608*3456); 12 MP (4000 x 3000); 8 MP (3264 x 2448); 5 MP (2592*1936),<br \/>\nRozl\u00ed\u0161enie videa: 4k 30fps \/ 2,7k 30fps \/1920*1080 60fps\/ 1920*1080 30fps \/ 1280*720 60fps.<br \/>\nForm\u00e1t obr\u00e1zka a videa: JPG \/ MP4.<br \/>\nWIFI: ZARIADENIA Android \/ IOS<br \/>\nObjekt\u00edv: 140\u00b0 HD panoramatick\u00fd uhol.<br \/>\nPam\u00e4\u0165: Micro SD priestor a\u017e do 64 GB.<br \/>\nJazyky: angli\u010dtina \/ franc\u00faz\u0161tina \/ nem\u010dina \/ \u0161paniel\u010dina \/ talian\u010dina \/ portugal\u010dina \/ holand\u010dina \/ zjednodu\u0161en\u00e1 \u010d\u00edn\u0161tina \/ japon\u010dina \/ tradi\u010dn\u00e1 \u010d\u00edn\u0161tina \/ ru\u0161tina \/ k\u00f3rej\u010dina \/ po\u013e\u0161tina \/ indon\u00e9z\u0161tina at\u010f.<br \/>\nPripojenie: USB 2.0<br \/>\nPrev\u00e1dzka: 1,5-2h<br \/>\n\u0160peci\u00e1lne funkcie: re\u017eim jazdy, spomalen\u00fd pohyb, \u010dasovanie.<br \/>\nN\u00e1vod na pou\u017eitie je k dispoz\u00edcii v 2 jazykoch: \u0161paniel\u010dina a angli\u010dtina.<br \/>\nPrezent\u00e1cia v dizajnovom boxe.<\/p>","protected":false},"excerpt":{"rendered":"<p>Sports camera with 4K HD video technology and Wi-Fi connection. 2&#8243; LCD screen. With Full HD 1080P camera function. Includes<\/p>","protected":false},"featured_media":11196,"comment_status":"open","ping_status":"closed","template":"","meta":[],"product_cat":[287,286],"product_tag":[],"class_list":{"0":"post-11195","1":"product","2":"type-product","3":"status-publish","4":"has-post-thumbnail","6":"product_cat-technology_multifunction","7":"product_cat-technology","9":"first","10":"instock","11":"shipping-taxable","12":"purchasable","13":"product-type-variable"},"_links":{"self":[{"href":"https:\/\/www.promotio.sk\/sk\/wp-json\/wp\/v2\/product\/11195","targetHints":{"allow":["GET"]}}],"collection":[{"href":"https:\/\/www.promotio.sk\/sk\/wp-json\/wp\/v2\/product"}],"about":[{"href":"https:\/\/www.promotio.sk\/sk\/wp-json\/wp\/v2\/types\/product"}],"replies":[{"embeddable":true,"href":"https:\/\/www.promotio.sk\/sk\/wp-json\/wp\/v2\/comments?post=11195"}],"wp:featuredmedia":[{"embeddable":true,"href":"https:\/\/www.promotio.sk\/sk\/wp-json\/wp\/v2\/media\/11196"}],"wp:attachment":[{"href":"https:\/\/www.promotio.sk\/sk\/wp-json\/wp\/v2\/media?parent=11195"}],"wp:term":[{"taxonomy":"product_cat","embeddable":true,"href":"https:\/\/www.promotio.sk\/sk\/wp-json\/wp\/v2\/product_cat?post=11195"},{"taxonomy":"product_tag","embeddable":true,"href":"https:\/\/www.promotio.sk\/sk\/wp-json\/wp\/v2\/product_tag?post=11195"}],"curies":[{"name":"wp","href":"https:\/\/api.w.org\/{rel}","templated":true}]}}