{"id":11181,"date":"2024-03-07T13:30:36","date_gmt":"2024-03-07T12:30:36","guid":{"rendered":"https:\/\/www.promotio.sk\/shop\/nezaraden\u00e9\/elson\/"},"modified":"2024-03-07T13:31:14","modified_gmt":"2024-03-07T12:31:14","slug":"elson","status":"publish","type":"product","link":"https:\/\/www.promotio.sk\/sk\/shop\/promo-items\/technology\/sound\/elson\/","title":{"rendered":"ELSON"},"content":{"rendered":"<p>Fantastick\u00fd bezdr\u00f4tov\u00fd reproduktor s telom z recyklovan\u00e9ho ABS. S pripojen\u00edm Bluetooth 5.0 a v\u00fdkonom 3 W. Nab\u00edjate\u013en\u00e1 bat\u00e9ria a k\u00e1bel s\u00fa s\u00fa\u010das\u0165ou balenia.<br \/>Zlo\u017eenie: Recyklovan\u00fd ABS.<br \/>Pozn\u00e1mky: Bluetooth verzia 5.0<br \/>\nNab\u00edjacie nap\u00e4tie: 5V<br \/>\nL\u00edtiov\u00e1 bat\u00e9ria: 3000mAh, 3,7V<br \/>\nPrev\u00e1dzkov\u00e1 doba: 3-4h<br \/>\nPrev\u00e1dzkov\u00e1 vzdialenos\u0165: do 10 metrov.<br \/>\nFrekvencia: 100Hz-15KHz<br \/>\nImpedancia: 40hms<br \/>\nV\u00fdkon: 3W<br \/>\nSNR: &gt;80dB<br \/>\nObsahuje USB k\u00e1bel<br \/>\nN\u00e1vod na pou\u017eitie v 6 jazykoch: \u0161paniel\u010dina, angli\u010dtina, franc\u00faz\u0161tina, talian\u010dina, nem\u010dina a portugal\u010dina.<br \/>\nPrezent\u00e1cia v ekologickom dizajnovom boxe.<\/p>","protected":false},"excerpt":{"rendered":"<p>Fantastic wireless speaker with recycled ABS body. With Bluetooth 5.0 connection and 3W power. Rechargeable battery and cable included.Composition: Recycled<\/p>","protected":false},"featured_media":11182,"comment_status":"open","ping_status":"closed","template":"","meta":[],"product_cat":[290,286],"product_tag":[],"class_list":{"0":"post-11181","1":"product","2":"type-product","3":"status-publish","4":"has-post-thumbnail","6":"product_cat-sound","7":"product_cat-technology","9":"first","10":"instock","11":"shipping-taxable","12":"purchasable","13":"product-type-variable"},"_links":{"self":[{"href":"https:\/\/www.promotio.sk\/sk\/wp-json\/wp\/v2\/product\/11181","targetHints":{"allow":["GET"]}}],"collection":[{"href":"https:\/\/www.promotio.sk\/sk\/wp-json\/wp\/v2\/product"}],"about":[{"href":"https:\/\/www.promotio.sk\/sk\/wp-json\/wp\/v2\/types\/product"}],"replies":[{"embeddable":true,"href":"https:\/\/www.promotio.sk\/sk\/wp-json\/wp\/v2\/comments?post=11181"}],"wp:featuredmedia":[{"embeddable":true,"href":"https:\/\/www.promotio.sk\/sk\/wp-json\/wp\/v2\/media\/11182"}],"wp:attachment":[{"href":"https:\/\/www.promotio.sk\/sk\/wp-json\/wp\/v2\/media?parent=11181"}],"wp:term":[{"taxonomy":"product_cat","embeddable":true,"href":"https:\/\/www.promotio.sk\/sk\/wp-json\/wp\/v2\/product_cat?post=11181"},{"taxonomy":"product_tag","embeddable":true,"href":"https:\/\/www.promotio.sk\/sk\/wp-json\/wp\/v2\/product_tag?post=11181"}],"curies":[{"name":"wp","href":"https:\/\/api.w.org\/{rel}","templated":true}]}}