{"id":11179,"date":"2024-03-07T13:30:32","date_gmt":"2024-03-07T12:30:32","guid":{"rendered":"https:\/\/www.promotio.sk\/shop\/nezaraden\u00e9\/custik\/"},"modified":"2024-03-07T13:31:06","modified_gmt":"2024-03-07T12:31:06","slug":"custik","status":"publish","type":"product","link":"https:\/\/www.promotio.sk\/sk\/shop\/promo-items\/technology\/sound\/custik\/","title":{"rendered":"CUSTIK"},"content":{"rendered":"<p>Bezdr\u00f4tov\u00fd reproduktor vyroben\u00fd s telom tkan\u00fdm v RPET s vidite\u013enou membr\u00e1nou. Disponuje v\u00fdkonom 3W, nab\u00edjate\u013enou bat\u00e9riou a Bluetooth 5.0. Vr\u00e1tane k\u00e1bla.<br \/>Zlo\u017eenie: RPET<br \/>Pozn\u00e1mky: Bluetooth verzia 5.0<br \/>\nNab\u00edjacie nap\u00e4tie: 5V<br \/>\nL\u00edtiov\u00e1 bat\u00e9ria: 300mAh, 3,7V<br \/>\nPrev\u00e1dzkov\u00e1 doba: 3-4h<br \/>\nPrev\u00e1dzkov\u00e1 vzdialenos\u0165: a\u017e 10 metrov<br \/>\nFrekvencia: 100Hz-15KHz<br \/>\nImpedancia: 40hms<br \/>\nV\u00fdkon: 3W<br \/>\nSNR: &gt;80dB<br \/>\nObsahuje USB k\u00e1bel<br \/>\nN\u00e1vod na pou\u017eitie v 6 jazykoch: \u0161paniel\u010dina, angli\u010dtina, franc\u00faz\u0161tina, talian\u010dina, nem\u010dina a portugal\u010dina.<br \/>\nPrezent\u00e1cia v ekologickom dizajnovom boxe.<\/p>","protected":false},"excerpt":{"rendered":"<p>Wireless speaker made with body woven in RPET with visible membrane. It has a power of 3W, a rechargeable battery<\/p>","protected":false},"featured_media":11180,"comment_status":"open","ping_status":"closed","template":"","meta":[],"product_cat":[290,286],"product_tag":[],"class_list":{"0":"post-11179","1":"product","2":"type-product","3":"status-publish","4":"has-post-thumbnail","6":"product_cat-sound","7":"product_cat-technology","9":"first","10":"instock","11":"shipping-taxable","12":"purchasable","13":"product-type-variable"},"_links":{"self":[{"href":"https:\/\/www.promotio.sk\/sk\/wp-json\/wp\/v2\/product\/11179","targetHints":{"allow":["GET"]}}],"collection":[{"href":"https:\/\/www.promotio.sk\/sk\/wp-json\/wp\/v2\/product"}],"about":[{"href":"https:\/\/www.promotio.sk\/sk\/wp-json\/wp\/v2\/types\/product"}],"replies":[{"embeddable":true,"href":"https:\/\/www.promotio.sk\/sk\/wp-json\/wp\/v2\/comments?post=11179"}],"wp:featuredmedia":[{"embeddable":true,"href":"https:\/\/www.promotio.sk\/sk\/wp-json\/wp\/v2\/media\/11180"}],"wp:attachment":[{"href":"https:\/\/www.promotio.sk\/sk\/wp-json\/wp\/v2\/media?parent=11179"}],"wp:term":[{"taxonomy":"product_cat","embeddable":true,"href":"https:\/\/www.promotio.sk\/sk\/wp-json\/wp\/v2\/product_cat?post=11179"},{"taxonomy":"product_tag","embeddable":true,"href":"https:\/\/www.promotio.sk\/sk\/wp-json\/wp\/v2\/product_tag?post=11179"}],"curies":[{"name":"wp","href":"https:\/\/api.w.org\/{rel}","templated":true}]}}