{"id":11164,"date":"2024-03-07T13:29:39","date_gmt":"2024-03-07T12:29:39","guid":{"rendered":"https:\/\/www.promotio.sk\/shop\/nezaraden\u00e9\/zatox\/"},"modified":"2024-03-07T13:30:31","modified_gmt":"2024-03-07T12:30:31","slug":"zatox","status":"publish","type":"product","link":"https:\/\/www.promotio.sk\/sk\/shop\/promo-items\/technology\/sound\/zatox\/","title":{"rendered":"ZATOX"},"content":{"rendered":"<p>Bluetooth reproduktor s bezdr\u00f4tovou nab\u00edjacou z\u00e1klad\u0148ou. T\u00e1to nab\u00edja\u010dka bola navrhnut\u00e1 s telom z p\u0161eni\u010dn\u00fdch vl\u00e1kien a bambusov\u00fdm povrchom. M\u00e1 v\u00fdkon a bezdr\u00f4tov\u00fd v\u00fdkon 10W. Vr\u00e1tane nab\u00edjate\u013enej bat\u00e9rie.<br \/>Zlo\u017eenie: P\u0161eni\u010dn\u00e1 vl\u00e1knina a pr\u00edrodn\u00fd bambus. <br \/>Pozn\u00e1mky: Bluetooth verzia 5.0<br \/>\nNab\u00edjacie nap\u00e4tie: 5V<br \/>\nBezdr\u00f4tov\u00e9 nab\u00edjanie: 2A, 10W<br \/>\nL\u00edtiov\u00e1 bat\u00e9ria 1200mAh, 3,7V<br \/>\nDoba chodu: 4-5h<br \/>\nPrev\u00e1dzkov\u00e1 vzdialenos\u0165: a\u017e 10 metrov<br \/>\nFrekvencia: 280Hz-16KHz<br \/>\nImpedancia: 4 ohmy<br \/>\nV\u00fdkon: 5W<br \/>\nTHD: menej ako 3%<br \/>\nSNR: &gt;65dB<br \/>\nObsahuje nab\u00edjac\u00ed k\u00e1bel.<br \/>\nN\u00e1vod na pou\u017eitie v 6 jazykoch: \u0161paniel\u010dina, angli\u010dtina, franc\u00faz\u0161tina, talian\u010dina, nem\u010dina a portugal\u010dina.<br \/>\nPrezent\u00e1cia v ekologickom dizajnovom boxe. <\/p>","protected":false},"excerpt":{"rendered":"<p>Bluetooth speaker with wireless charging base. This charger has been designed with wheat fibre body and bamboo surface. It has<\/p>","protected":false},"featured_media":11165,"comment_status":"open","ping_status":"closed","template":"","meta":[],"product_cat":[290,286],"product_tag":[],"class_list":{"0":"post-11164","1":"product","2":"type-product","3":"status-publish","4":"has-post-thumbnail","6":"product_cat-sound","7":"product_cat-technology","9":"first","10":"instock","11":"shipping-taxable","12":"purchasable","13":"product-type-variable"},"_links":{"self":[{"href":"https:\/\/www.promotio.sk\/sk\/wp-json\/wp\/v2\/product\/11164","targetHints":{"allow":["GET"]}}],"collection":[{"href":"https:\/\/www.promotio.sk\/sk\/wp-json\/wp\/v2\/product"}],"about":[{"href":"https:\/\/www.promotio.sk\/sk\/wp-json\/wp\/v2\/types\/product"}],"replies":[{"embeddable":true,"href":"https:\/\/www.promotio.sk\/sk\/wp-json\/wp\/v2\/comments?post=11164"}],"wp:featuredmedia":[{"embeddable":true,"href":"https:\/\/www.promotio.sk\/sk\/wp-json\/wp\/v2\/media\/11165"}],"wp:attachment":[{"href":"https:\/\/www.promotio.sk\/sk\/wp-json\/wp\/v2\/media?parent=11164"}],"wp:term":[{"taxonomy":"product_cat","embeddable":true,"href":"https:\/\/www.promotio.sk\/sk\/wp-json\/wp\/v2\/product_cat?post=11164"},{"taxonomy":"product_tag","embeddable":true,"href":"https:\/\/www.promotio.sk\/sk\/wp-json\/wp\/v2\/product_tag?post=11164"}],"curies":[{"name":"wp","href":"https:\/\/api.w.org\/{rel}","templated":true}]}}