{"id":11162,"date":"2024-03-07T13:29:35","date_gmt":"2024-03-07T12:29:35","guid":{"rendered":"https:\/\/www.promotio.sk\/shop\/nezaraden\u00e9\/nervo\/"},"modified":"2024-03-07T13:30:24","modified_gmt":"2024-03-07T12:30:24","slug":"nervo","status":"publish","type":"product","link":"https:\/\/www.promotio.sk\/sk\/shop\/promo-items\/technology\/sound\/nervo\/","title":{"rendered":"NERVO"},"content":{"rendered":"<p>Bezdr\u00f4tov\u00fd Bluetooth reproduktor s bambusov\u00fdm telom. Vyroben\u00e9 s funkciou FM r\u00e1dia, handsfree, slotom na Micro SD kartu. Tento reproduktor m\u00e1 v\u00fdkon 3W a nab\u00edjate\u013en\u00fa bat\u00e9riu. Obsahuje k\u00e1bel a dod\u00e1va sa v ekologickom dizajnovom boxe.<br \/>Zlo\u017eenie: pr\u00edrodn\u00fd bambus.<br \/>Pozn\u00e1mky: Bluetooth verzia 2.1 + EDR<br \/>\nNab\u00edjacie nap\u00e4tie: DC 5V.<br \/>\nNab\u00edjate\u013en\u00e1 l\u00edtiov\u00e1 bat\u00e9ria.<br \/>\nPrev\u00e1dzkov\u00e1 vzdialenos\u0165: a\u017e 10 metrov.Frekvencia: 280Hz \u2013 16KHz.<br \/>\nCitlivos\u0165: 95db \u00b1 2db.<br \/>\nV\u00fdstup: 4\u03a9, 3W.<br \/>\nS\u00fa\u010das\u0165ou balenia je 3,5 mm audio k\u00e1bel s USB a Micro USB pripojen\u00edm.<br \/>\nN\u00e1vod na pou\u017eitie dostupn\u00fd v 4 jazykoch: \u0161paniel\u010dina, angli\u010dtina, franc\u00faz\u0161tina a talian\u010dina. Prezent\u00e1cia v ekologickom dizajne.<\/p>","protected":false},"excerpt":{"rendered":"<p>Bluetooth Wireless Speaker with Bamboo Body. Made with FM radio function, hands-free, Micro SD card slot. This speaker has a<\/p>","protected":false},"featured_media":11163,"comment_status":"open","ping_status":"closed","template":"","meta":[],"product_cat":[290,286],"product_tag":[],"class_list":{"0":"post-11162","1":"product","2":"type-product","3":"status-publish","4":"has-post-thumbnail","6":"product_cat-sound","7":"product_cat-technology","9":"first","10":"instock","11":"shipping-taxable","12":"purchasable","13":"product-type-variable"},"_links":{"self":[{"href":"https:\/\/www.promotio.sk\/sk\/wp-json\/wp\/v2\/product\/11162","targetHints":{"allow":["GET"]}}],"collection":[{"href":"https:\/\/www.promotio.sk\/sk\/wp-json\/wp\/v2\/product"}],"about":[{"href":"https:\/\/www.promotio.sk\/sk\/wp-json\/wp\/v2\/types\/product"}],"replies":[{"embeddable":true,"href":"https:\/\/www.promotio.sk\/sk\/wp-json\/wp\/v2\/comments?post=11162"}],"wp:featuredmedia":[{"embeddable":true,"href":"https:\/\/www.promotio.sk\/sk\/wp-json\/wp\/v2\/media\/11163"}],"wp:attachment":[{"href":"https:\/\/www.promotio.sk\/sk\/wp-json\/wp\/v2\/media?parent=11162"}],"wp:term":[{"taxonomy":"product_cat","embeddable":true,"href":"https:\/\/www.promotio.sk\/sk\/wp-json\/wp\/v2\/product_cat?post=11162"},{"taxonomy":"product_tag","embeddable":true,"href":"https:\/\/www.promotio.sk\/sk\/wp-json\/wp\/v2\/product_tag?post=11162"}],"curies":[{"name":"wp","href":"https:\/\/api.w.org\/{rel}","templated":true}]}}