{"id":11149,"date":"2024-03-07T13:28:53","date_gmt":"2024-03-07T12:28:53","guid":{"rendered":"https:\/\/www.promotio.sk\/shop\/nezaraden\u00e9\/marco\/"},"modified":"2024-03-07T13:29:35","modified_gmt":"2024-03-07T12:29:35","slug":"marco","status":"publish","type":"product","link":"https:\/\/www.promotio.sk\/sk\/shop\/promo-items\/technology\/sound\/marco\/","title":{"rendered":"MARCO"},"content":{"rendered":"<p>Reproduktor vyroben\u00fd z pr\u00edrodn\u00e9ho korku a vidite\u013enej membr\u00e1ny. Obsahuje Bluetooth 5.0, m\u00e1 v\u00fdkon 3W a nab\u00edjate\u013en\u00fa bat\u00e9riu. Vr\u00e1tane k\u00e1bla.<br \/>Zlo\u017eenie: pr\u00edrodn\u00fd korok.<br \/>Pozn\u00e1mky: Bluetooth verzia 5.0<br \/>\nNab\u00edjacie nap\u00e4tie: 5V<br \/>\nL\u00edtiov\u00e1 bat\u00e9ria: 300mAh, 3,7V<br \/>\nD\u013a\u017eka trvania: 3 \u2013 4 hodiny<br \/>\nPrev\u00e1dzkov\u00e1 vzdialenos\u0165: a\u017e 10 metrov<br \/>\nFrekvencia: 100Hz-15KHz<br \/>\nImpedancia: 4 ohmy<br \/>\nV\u00fdkon: 3W<br \/>\nSNR: &gt;80dB<br \/>\nUSB k\u00e1bel s\u00fa\u010das\u0165ou balenia<br \/>\nN\u00e1vod na pou\u017eitie v 4 jazykoch: \u0161paniel\u010dina, angli\u010dtina, talian\u010dina a franc\u00faz\u0161tina.<br \/>\nPrezent\u00e1cia v ekologickom dizajnovom boxe.<\/p>","protected":false},"excerpt":{"rendered":"<p>Speaker made with natural cork body and visible membrane. It includes Bluetooth 5.0, has a power of 3W, and rechargeable<\/p>","protected":false},"featured_media":11150,"comment_status":"open","ping_status":"closed","template":"","meta":[],"product_cat":[290,286],"product_tag":[],"class_list":{"0":"post-11149","1":"product","2":"type-product","3":"status-publish","4":"has-post-thumbnail","6":"product_cat-sound","7":"product_cat-technology","9":"first","10":"instock","11":"shipping-taxable","12":"purchasable","13":"product-type-variable"},"_links":{"self":[{"href":"https:\/\/www.promotio.sk\/sk\/wp-json\/wp\/v2\/product\/11149","targetHints":{"allow":["GET"]}}],"collection":[{"href":"https:\/\/www.promotio.sk\/sk\/wp-json\/wp\/v2\/product"}],"about":[{"href":"https:\/\/www.promotio.sk\/sk\/wp-json\/wp\/v2\/types\/product"}],"replies":[{"embeddable":true,"href":"https:\/\/www.promotio.sk\/sk\/wp-json\/wp\/v2\/comments?post=11149"}],"wp:featuredmedia":[{"embeddable":true,"href":"https:\/\/www.promotio.sk\/sk\/wp-json\/wp\/v2\/media\/11150"}],"wp:attachment":[{"href":"https:\/\/www.promotio.sk\/sk\/wp-json\/wp\/v2\/media?parent=11149"}],"wp:term":[{"taxonomy":"product_cat","embeddable":true,"href":"https:\/\/www.promotio.sk\/sk\/wp-json\/wp\/v2\/product_cat?post=11149"},{"taxonomy":"product_tag","embeddable":true,"href":"https:\/\/www.promotio.sk\/sk\/wp-json\/wp\/v2\/product_tag?post=11149"}],"curies":[{"name":"wp","href":"https:\/\/api.w.org\/{rel}","templated":true}]}}