{"id":11147,"date":"2024-03-07T13:28:48","date_gmt":"2024-03-07T12:28:48","guid":{"rendered":"https:\/\/www.promotio.sk\/shop\/nezaraden\u00e9\/alesso\/"},"modified":"2024-03-07T13:29:27","modified_gmt":"2024-03-07T12:29:27","slug":"alesso","status":"publish","type":"product","link":"https:\/\/www.promotio.sk\/sk\/shop\/promo-items\/technology\/sound\/alesso\/","title":{"rendered":"ALESSO"},"content":{"rendered":"<p>Bezdr\u00f4tov\u00fd Bluetooth reproduktor s ABS telom, bambusovou prednou stranou a vidite\u013enou membr\u00e1nou. Obsahuje ko\u017eenkov\u00fa rukov\u00e4\u0165 na pren\u00e1\u0161anie. Nap\u00e1janie: 3W nab\u00edjate\u013en\u00e1 bat\u00e9ria. Vr\u00e1tane k\u00e1bla.<br \/>Zlo\u017eenie: ABS, bambus a imit\u00e1cia ko\u017ee.<br \/>Pozn\u00e1mky: Bluetooth verzia 5.0<br \/>\nNab\u00edjacie nap\u00e4tie: 5V<br \/>\n300mAh l\u00edtiov\u00e1 bat\u00e9ria, 3,7V<br \/>\nD\u013a\u017eka trvania: 3 \u2013 4 hodiny<br \/>\nPrev\u00e1dzkov\u00e1 vzdialenos\u0165: a\u017e 10 metrov<br \/>\nFrekvencia: 100Hz-20KHz<br \/>\nImpedancia: 4 ohmy<br \/>\nV\u00fdkon: 3W<br \/>\nTHD: menej ako 10%<br \/>\nSNR: &gt;80dB<br \/>\nN\u00e1vod na pou\u017eitie je dostupn\u00fd v 4 jazykoch: \u0161paniel\u010dina, angli\u010dtina, franc\u00faz\u0161tina a talian\u010dina.<br \/>\nPrezent\u00e1cia v ekologickom dizajnovom boxe.<\/p>","protected":false},"excerpt":{"rendered":"<p>Bluetooth wireless speaker with ABS body, bamboo front and visible membrane. Includes leatherette carrying handle. Power: 3W Rechargeable battery. Cable<\/p>","protected":false},"featured_media":11148,"comment_status":"open","ping_status":"closed","template":"","meta":[],"product_cat":[290,286],"product_tag":[],"class_list":{"0":"post-11147","1":"product","2":"type-product","3":"status-publish","4":"has-post-thumbnail","6":"product_cat-sound","7":"product_cat-technology","9":"first","10":"instock","11":"shipping-taxable","12":"purchasable","13":"product-type-variable"},"_links":{"self":[{"href":"https:\/\/www.promotio.sk\/sk\/wp-json\/wp\/v2\/product\/11147","targetHints":{"allow":["GET"]}}],"collection":[{"href":"https:\/\/www.promotio.sk\/sk\/wp-json\/wp\/v2\/product"}],"about":[{"href":"https:\/\/www.promotio.sk\/sk\/wp-json\/wp\/v2\/types\/product"}],"replies":[{"embeddable":true,"href":"https:\/\/www.promotio.sk\/sk\/wp-json\/wp\/v2\/comments?post=11147"}],"wp:featuredmedia":[{"embeddable":true,"href":"https:\/\/www.promotio.sk\/sk\/wp-json\/wp\/v2\/media\/11148"}],"wp:attachment":[{"href":"https:\/\/www.promotio.sk\/sk\/wp-json\/wp\/v2\/media?parent=11147"}],"wp:term":[{"taxonomy":"product_cat","embeddable":true,"href":"https:\/\/www.promotio.sk\/sk\/wp-json\/wp\/v2\/product_cat?post=11147"},{"taxonomy":"product_tag","embeddable":true,"href":"https:\/\/www.promotio.sk\/sk\/wp-json\/wp\/v2\/product_tag?post=11147"}],"curies":[{"name":"wp","href":"https:\/\/api.w.org\/{rel}","templated":true}]}}