{"id":11133,"date":"2024-03-07T13:28:02","date_gmt":"2024-03-07T12:28:02","guid":{"rendered":"https:\/\/www.promotio.sk\/shop\/nezaraden\u00e9\/heldens\/"},"modified":"2024-03-07T13:28:46","modified_gmt":"2024-03-07T12:28:46","slug":"heldens","status":"publish","type":"product","link":"https:\/\/www.promotio.sk\/sk\/shop\/promo-items\/technology\/sound\/heldens\/","title":{"rendered":"HELDENS"},"content":{"rendered":"<p>Bluetooth reproduktor s obd\u013a\u017enikov\u00fdm bet\u00f3nov\u00fdm telom a bambusov\u00fdm povrchom. Disponuje v\u00fdkonom 5W, bezdr\u00f4tovou nab\u00edja\u010dkou 5W a nab\u00edjate\u013enou Li-on bat\u00e9riou s kapacitou 1200mAh.<br \/>\n<br \/>Zlo\u017eenie: Cement a bambus.<br \/>Pozn\u00e1mky: Bluetooth verzia 5.0<br \/>\nNab\u00edjacie nap\u00e4tie: 5V<br \/>\nL\u00edtiov\u00e1 bat\u00e9ria 600mAh, 3,7V<br \/>\nD\u013a\u017eka trvania: 3 \u2013 4 hodiny<br \/>\nPrev\u00e1dzkov\u00e1 vzdialenos\u0165: a\u017e 10 metrov<br \/>\nFrekvencia: 280Hz-16KHz<br \/>\nImpedancia: 4 ohmy<br \/>\nV\u00fdkon: 5W<br \/>\nTHD: menej ako 10%<br \/>\nSNR: &gt;65dB<br \/>\nV\u00fdkon bezdr\u00f4tovej nab\u00edja\u010dky: 5W<br \/>\nN\u00e1vod na pou\u017eitie je dostupn\u00fd v 4 jazykoch: \u0161paniel\u010dina, angli\u010dtina, franc\u00faz\u0161tina a talian\u010dina.<br \/>\nPrezent\u00e1cia v ekologickom dizajnovom boxe. <\/p>","protected":false},"excerpt":{"rendered":"<p>Bluetooth speaker with rectangular concrete body and bamboo surface. It has 5W of power, a 5W wireless charger and a<\/p>","protected":false},"featured_media":11134,"comment_status":"open","ping_status":"closed","template":"","meta":[],"product_cat":[290,286],"product_tag":[],"class_list":{"0":"post-11133","1":"product","2":"type-product","3":"status-publish","4":"has-post-thumbnail","6":"product_cat-sound","7":"product_cat-technology","9":"first","10":"instock","11":"shipping-taxable","12":"purchasable","13":"product-type-variable"},"_links":{"self":[{"href":"https:\/\/www.promotio.sk\/sk\/wp-json\/wp\/v2\/product\/11133","targetHints":{"allow":["GET"]}}],"collection":[{"href":"https:\/\/www.promotio.sk\/sk\/wp-json\/wp\/v2\/product"}],"about":[{"href":"https:\/\/www.promotio.sk\/sk\/wp-json\/wp\/v2\/types\/product"}],"replies":[{"embeddable":true,"href":"https:\/\/www.promotio.sk\/sk\/wp-json\/wp\/v2\/comments?post=11133"}],"wp:featuredmedia":[{"embeddable":true,"href":"https:\/\/www.promotio.sk\/sk\/wp-json\/wp\/v2\/media\/11134"}],"wp:attachment":[{"href":"https:\/\/www.promotio.sk\/sk\/wp-json\/wp\/v2\/media?parent=11133"}],"wp:term":[{"taxonomy":"product_cat","embeddable":true,"href":"https:\/\/www.promotio.sk\/sk\/wp-json\/wp\/v2\/product_cat?post=11133"},{"taxonomy":"product_tag","embeddable":true,"href":"https:\/\/www.promotio.sk\/sk\/wp-json\/wp\/v2\/product_tag?post=11133"}],"curies":[{"name":"wp","href":"https:\/\/api.w.org\/{rel}","templated":true}]}}