{"id":11131,"date":"2024-03-07T13:27:58","date_gmt":"2024-03-07T12:27:58","guid":{"rendered":"https:\/\/www.promotio.sk\/shop\/nezaraden\u00e9\/steve\/"},"modified":"2024-03-07T13:28:43","modified_gmt":"2024-03-07T12:28:43","slug":"steve","status":"publish","type":"product","link":"https:\/\/www.promotio.sk\/sk\/shop\/promo-items\/technology\/sound\/steve\/","title":{"rendered":"STEVE"},"content":{"rendered":"<p>Bezdr\u00f4tov\u00fd reproduktor Bluetooth 5.0, navrhnut\u00fd s okr\u00fahlym bet\u00f3nov\u00fdm telom a bambusov\u00fdm povrchom. Tento reproduktor m\u00e1 v\u00fdkon 3W a nab\u00edjate\u013en\u00fa bat\u00e9riu. Obsahuje nab\u00edjac\u00ed k\u00e1bel<br \/>Zlo\u017eenie: Cement a bambus.<br \/>Pozn\u00e1mky: Bluetooth verzia 5.0<br \/>\nNab\u00edjacie nap\u00e4tie: 5V<br \/>\n300mAh l\u00edtiov\u00e1 bat\u00e9ria, 3,7V<br \/>\nD\u013a\u017eka trvania: 3 \u2013 4 hodiny<br \/>\nPrev\u00e1dzkov\u00e1 vzdialenos\u0165: a\u017e 10 metrov<br \/>\nFrekvencia: 100Hz-15KHz<br \/>\nImpedancia: 4 ohmy<br \/>\nV\u00fdkon: 3W<br \/>\nSNR: &gt;80dB<br \/>\nN\u00e1vod na pou\u017eitie je dostupn\u00fd v 4 jazykoch: \u0161paniel\u010dina, angli\u010dtina, franc\u00faz\u0161tina a talian\u010dina.<br \/>\nPrezent\u00e1cia v ekologickom dizajnovom boxe.<\/p>","protected":false},"excerpt":{"rendered":"<p>Bluetooth 5.0 wireless speaker, designed with round concrete body and bamboo surface. This speaker has a power of 3W and<\/p>","protected":false},"featured_media":11132,"comment_status":"open","ping_status":"closed","template":"","meta":[],"product_cat":[290,286],"product_tag":[],"class_list":{"0":"post-11131","1":"product","2":"type-product","3":"status-publish","4":"has-post-thumbnail","6":"product_cat-sound","7":"product_cat-technology","9":"first","10":"instock","11":"shipping-taxable","12":"purchasable","13":"product-type-variable"},"_links":{"self":[{"href":"https:\/\/www.promotio.sk\/sk\/wp-json\/wp\/v2\/product\/11131","targetHints":{"allow":["GET"]}}],"collection":[{"href":"https:\/\/www.promotio.sk\/sk\/wp-json\/wp\/v2\/product"}],"about":[{"href":"https:\/\/www.promotio.sk\/sk\/wp-json\/wp\/v2\/types\/product"}],"replies":[{"embeddable":true,"href":"https:\/\/www.promotio.sk\/sk\/wp-json\/wp\/v2\/comments?post=11131"}],"wp:featuredmedia":[{"embeddable":true,"href":"https:\/\/www.promotio.sk\/sk\/wp-json\/wp\/v2\/media\/11132"}],"wp:attachment":[{"href":"https:\/\/www.promotio.sk\/sk\/wp-json\/wp\/v2\/media?parent=11131"}],"wp:term":[{"taxonomy":"product_cat","embeddable":true,"href":"https:\/\/www.promotio.sk\/sk\/wp-json\/wp\/v2\/product_cat?post=11131"},{"taxonomy":"product_tag","embeddable":true,"href":"https:\/\/www.promotio.sk\/sk\/wp-json\/wp\/v2\/product_tag?post=11131"}],"curies":[{"name":"wp","href":"https:\/\/api.w.org\/{rel}","templated":true}]}}