{"id":11117,"date":"2024-03-07T13:27:07","date_gmt":"2024-03-07T12:27:07","guid":{"rendered":"https:\/\/www.promotio.sk\/shop\/nezaraden\u00e9\/hardwell\/"},"modified":"2024-03-07T13:27:48","modified_gmt":"2024-03-07T12:27:48","slug":"hardwell","status":"publish","type":"product","link":"https:\/\/www.promotio.sk\/sk\/shop\/promo-items\/technology\/sound\/hardwell\/","title":{"rendered":"HARDWELL"},"content":{"rendered":"<p>Okr\u00fahly bezdr\u00f4tov\u00fd reproduktor s bielym ABS a bambusov\u00fdm telom. Gomb\u00edky a mrie\u017eka v bielej farbe. Tento reproduktor m\u00e1 funkciu FM r\u00e1dia, handsfree, slot na micro SD kartu a v\u00fdkon 3W. Vyroben\u00e9 s proti\u0161mykovou z\u00e1klad\u0148ou a nab\u00edjate\u013enou bat\u00e9riou. Vr\u00e1tane k\u00e1bla. <br \/>Zlo\u017eenie: bambus<br \/>Pozn\u00e1mky: Bluetooth verzia 5.0<br \/>\nNab\u00edjacie nap\u00e4tie: 5V<br \/>\n300mAh l\u00edtiov\u00e1 bat\u00e9ria, 3,7V<br \/>\nD\u013a\u017eka trvania: 3 \u2013 4 hodiny<br \/>\nPrev\u00e1dzkov\u00e1 vzdialenos\u0165: a\u017e 10 metrov<br \/>\nFrekvencia: 280Hz-16KHz<br \/>\nImpedancia: 4 ohmy<br \/>\nV\u00fdkon: 3W<br \/>\nTHD: menej ako 10%<br \/>\nSNR: &gt;65dB<br \/>\nPodporuje Micro SD karty a\u017e do 64 GB<br \/>\nN\u00e1vod na pou\u017eitie je k dispoz\u00edcii v 6 jazykoch: \u0161paniel\u010dina, angli\u010dtina, franc\u00faz\u0161tina, talian\u010dina, portugal\u010dina a nem\u010dina.<br \/>\nPrezent\u00e1cia v ekologickom dizajnovom boxe.<\/p>","protected":false},"excerpt":{"rendered":"<p>Round wireless speaker with white ABS and bamboo body. Buttons and grid in white. This speaker has FM radio function,<\/p>","protected":false},"featured_media":11118,"comment_status":"open","ping_status":"closed","template":"","meta":[],"product_cat":[290,286],"product_tag":[],"class_list":{"0":"post-11117","1":"product","2":"type-product","3":"status-publish","4":"has-post-thumbnail","6":"product_cat-sound","7":"product_cat-technology","9":"first","10":"instock","11":"shipping-taxable","12":"purchasable","13":"product-type-variable"},"_links":{"self":[{"href":"https:\/\/www.promotio.sk\/sk\/wp-json\/wp\/v2\/product\/11117","targetHints":{"allow":["GET"]}}],"collection":[{"href":"https:\/\/www.promotio.sk\/sk\/wp-json\/wp\/v2\/product"}],"about":[{"href":"https:\/\/www.promotio.sk\/sk\/wp-json\/wp\/v2\/types\/product"}],"replies":[{"embeddable":true,"href":"https:\/\/www.promotio.sk\/sk\/wp-json\/wp\/v2\/comments?post=11117"}],"wp:featuredmedia":[{"embeddable":true,"href":"https:\/\/www.promotio.sk\/sk\/wp-json\/wp\/v2\/media\/11118"}],"wp:attachment":[{"href":"https:\/\/www.promotio.sk\/sk\/wp-json\/wp\/v2\/media?parent=11117"}],"wp:term":[{"taxonomy":"product_cat","embeddable":true,"href":"https:\/\/www.promotio.sk\/sk\/wp-json\/wp\/v2\/product_cat?post=11117"},{"taxonomy":"product_tag","embeddable":true,"href":"https:\/\/www.promotio.sk\/sk\/wp-json\/wp\/v2\/product_tag?post=11117"}],"curies":[{"name":"wp","href":"https:\/\/api.w.org\/{rel}","templated":true}]}}