{"id":11115,"date":"2024-03-07T13:27:03","date_gmt":"2024-03-07T12:27:03","guid":{"rendered":"https:\/\/www.promotio.sk\/shop\/nezaraden\u00e9\/kraviz\/"},"modified":"2024-03-07T13:27:56","modified_gmt":"2024-03-07T12:27:56","slug":"kraviz","status":"publish","type":"product","link":"https:\/\/www.promotio.sk\/sk\/shop\/promo-items\/technology\/sound\/kraviz\/","title":{"rendered":"KRAVIZ"},"content":{"rendered":"<p>Fantastick\u00fd bezdr\u00f4tov\u00fd reproduktor s dreven\u00fdm telom a vidite\u013enou membr\u00e1nou. Ide\u00e1lne pre laserov\u00e9 zna\u010denie. Bluetooth 5.0, v\u00fdkon 3 W a nab\u00edjate\u013en\u00e1 bat\u00e9ria. Vr\u00e1tane k\u00e1bla. <br \/>Zlo\u017eenie: Dreven\u00e9 telo.<br \/>Pozn\u00e1mky: Bluetooth verzia 5.0<br \/>\nNab\u00edjacie nap\u00e4tie: DC 5V.<br \/>\nNab\u00edjate\u013en\u00e1 l\u00edtiov\u00e1 bat\u00e9ria.<br \/>\nPrev\u00e1dzkov\u00e1 vzdialenos\u0165: do 10 metrovFrekvencia: 150Hz \u2013 20KHz.<br \/>\nCitlivos\u0165: 90db \u00b1 2db.<br \/>\nS\u00fa\u010das\u0165ou balenia je USB nab\u00edjac\u00ed k\u00e1bel a Jack<br \/>\nN\u00e1vod na pou\u017eitie je dostupn\u00fd v 6 jazykoch: \u0161paniel\u010dina, angli\u010dtina, portugal\u010dina, franc\u00faz\u0161tina, nem\u010dina a talian\u010dina.<br \/>\nPrezent\u00e1cia v ekologickom dizajnovom boxe.<\/p>","protected":false},"excerpt":{"rendered":"<p>Fantastic wireless speaker with wooden body and visible membrane. Ideal for laser marking. Bluetooth 5.0, 3W power, and rechargeable battery.<\/p>","protected":false},"featured_media":11116,"comment_status":"open","ping_status":"closed","template":"","meta":[],"product_cat":[290,286],"product_tag":[],"class_list":{"0":"post-11115","1":"product","2":"type-product","3":"status-publish","4":"has-post-thumbnail","6":"product_cat-sound","7":"product_cat-technology","9":"first","10":"instock","11":"shipping-taxable","12":"purchasable","13":"product-type-variable"},"_links":{"self":[{"href":"https:\/\/www.promotio.sk\/sk\/wp-json\/wp\/v2\/product\/11115","targetHints":{"allow":["GET"]}}],"collection":[{"href":"https:\/\/www.promotio.sk\/sk\/wp-json\/wp\/v2\/product"}],"about":[{"href":"https:\/\/www.promotio.sk\/sk\/wp-json\/wp\/v2\/types\/product"}],"replies":[{"embeddable":true,"href":"https:\/\/www.promotio.sk\/sk\/wp-json\/wp\/v2\/comments?post=11115"}],"wp:featuredmedia":[{"embeddable":true,"href":"https:\/\/www.promotio.sk\/sk\/wp-json\/wp\/v2\/media\/11116"}],"wp:attachment":[{"href":"https:\/\/www.promotio.sk\/sk\/wp-json\/wp\/v2\/media?parent=11115"}],"wp:term":[{"taxonomy":"product_cat","embeddable":true,"href":"https:\/\/www.promotio.sk\/sk\/wp-json\/wp\/v2\/product_cat?post=11115"},{"taxonomy":"product_tag","embeddable":true,"href":"https:\/\/www.promotio.sk\/sk\/wp-json\/wp\/v2\/product_tag?post=11115"}],"curies":[{"name":"wp","href":"https:\/\/api.w.org\/{rel}","templated":true}]}}