{"id":11091,"date":"2024-03-07T13:25:29","date_gmt":"2024-03-07T12:25:29","guid":{"rendered":"https:\/\/www.promotio.sk\/shop\/nezaraden\u00e9\/armin\/"},"modified":"2024-03-07T13:26:42","modified_gmt":"2024-03-07T12:26:42","slug":"armin","status":"publish","type":"product","link":"https:\/\/www.promotio.sk\/sk\/shop\/promo-items\/technology\/sound\/armin\/","title":{"rendered":"ARMIN"},"content":{"rendered":"<p>Dvojt\u00f3nov\u00fd bezdr\u00f4tov\u00fd reproduktor s Bluetooth. Telo v matnej gumenej povrchovej \u00faprave. Dizajn zah\u0155\u0148a kr\u00fa\u017eok na pren\u00e1\u0161anie, gomb\u00edky a zodpovedaj\u00facu l\u00e1tku. Disponuje v\u00fdkonom 3W a nab\u00edjate\u013enou bat\u00e9riou. Vr\u00e1tane k\u00e1bla.<br \/>Pozn\u00e1mky: Bluetooth verzia 3.0 + EDR<br \/>\nNab\u00edjacie nap\u00e4tie: DC 5V<br \/>\nNab\u00edjate\u013en\u00e1 l\u00edtiov\u00e1 bat\u00e9ria.<br \/>\nPrev\u00e1dzkov\u00e1 vzdialenos\u0165: do 10 metrovFrekvencia: 280Hz \u2013 16KHz.<br \/>\nCitlivos\u0165: 95db \u00b1 2db.<br \/>\nV\u00fdstup: 4\u03a9, 3W.<br \/>\nS\u00fa\u010das\u0165ou balenia je USB nab\u00edjac\u00ed k\u00e1bel a Jack<br \/>\nN\u00e1vod na pou\u017eitie je k dispoz\u00edcii v 6 jazykoch: \u0161paniel\u010dina, angli\u010dtina, franc\u00faz\u0161tina, talian\u010dina, portugal\u010dina a nem\u010dina.<br \/>\nPrezent\u00e1cia v dizajnovom boxe.<\/p>","protected":false},"excerpt":{"rendered":"<p>Two-tone wireless speaker with Bluetooth . Body in matte rubber touch finish. The design includes a carry ring, buttons, and<\/p>","protected":false},"featured_media":11092,"comment_status":"open","ping_status":"closed","template":"","meta":[],"product_cat":[290,286],"product_tag":[],"class_list":{"0":"post-11091","1":"product","2":"type-product","3":"status-publish","4":"has-post-thumbnail","6":"product_cat-sound","7":"product_cat-technology","9":"first","10":"instock","11":"shipping-taxable","12":"purchasable","13":"product-type-variable"},"_links":{"self":[{"href":"https:\/\/www.promotio.sk\/sk\/wp-json\/wp\/v2\/product\/11091","targetHints":{"allow":["GET"]}}],"collection":[{"href":"https:\/\/www.promotio.sk\/sk\/wp-json\/wp\/v2\/product"}],"about":[{"href":"https:\/\/www.promotio.sk\/sk\/wp-json\/wp\/v2\/types\/product"}],"replies":[{"embeddable":true,"href":"https:\/\/www.promotio.sk\/sk\/wp-json\/wp\/v2\/comments?post=11091"}],"wp:featuredmedia":[{"embeddable":true,"href":"https:\/\/www.promotio.sk\/sk\/wp-json\/wp\/v2\/media\/11092"}],"wp:attachment":[{"href":"https:\/\/www.promotio.sk\/sk\/wp-json\/wp\/v2\/media?parent=11091"}],"wp:term":[{"taxonomy":"product_cat","embeddable":true,"href":"https:\/\/www.promotio.sk\/sk\/wp-json\/wp\/v2\/product_cat?post=11091"},{"taxonomy":"product_tag","embeddable":true,"href":"https:\/\/www.promotio.sk\/sk\/wp-json\/wp\/v2\/product_tag?post=11091"}],"curies":[{"name":"wp","href":"https:\/\/api.w.org\/{rel}","templated":true}]}}