{"id":11089,"date":"2024-03-07T13:25:26","date_gmt":"2024-03-07T12:25:26","guid":{"rendered":"https:\/\/www.promotio.sk\/shop\/nezaraden\u00e9\/vandik\/"},"modified":"2024-03-07T13:26:59","modified_gmt":"2024-03-07T12:26:59","slug":"vandik","status":"publish","type":"product","link":"https:\/\/www.promotio.sk\/sk\/shop\/promo-items\/technology\/sound\/vandik\/","title":{"rendered":"VANDIK"},"content":{"rendered":"<p>Skvel\u00fd bezdr\u00f4tov\u00fd Bluetooth 5.0 reproduktor vyroben\u00fd v bielej povrchovej \u00faprave s pogumovan\u00fdm dotykom. Kombin\u00e1cia s farebnou l\u00e1tkou. Dotykov\u00fd ovl\u00e1dac\u00ed panel a viacfarebn\u00e9 LED svetlo na z\u00e1kladni s n\u00e1hodnou aktiv\u00e1ciou do rytmu hudby. Funkcia hands-free. M\u00e1 v\u00fdkon 3 W a nab\u00edjate\u013en\u00fa bat\u00e9riu. Vr\u00e1tane k\u00e1bla.<br \/>Pozn\u00e1mky: Verzia Bluetooth: 4.2. Frekvencia: 110Hz \u2013 20KHz.<br \/>\nReproduktor: 3W<br \/>\nCitlivos\u0165: 80db \u2265 2db<br \/>\nFaktor skreslenia: \u2264 1 %.<br \/>\nNab\u00edjate\u013en\u00e1 l\u00edtiov\u00e1 bat\u00e9ria: 3,7V 600mAH<br \/>\nPrev\u00e1dzkov\u00e1 vzdialenos\u0165 <10m\nCharging time: 2-3 hours\nInstruction manual available in 2 languages: Spanish and English. \nPresentation in design box.\n<\/p>","protected":false},"excerpt":{"rendered":"<p>Great Bluetooth 5.0 wireless speaker, made of white finish with rubber touch. Combination with colour fabric. Touch control panel and<\/p>","protected":false},"featured_media":11090,"comment_status":"open","ping_status":"closed","template":"","meta":[],"product_cat":[290,286],"product_tag":[],"class_list":{"0":"post-11089","1":"product","2":"type-product","3":"status-publish","4":"has-post-thumbnail","6":"product_cat-sound","7":"product_cat-technology","9":"first","10":"instock","11":"shipping-taxable","12":"purchasable","13":"product-type-variable"},"_links":{"self":[{"href":"https:\/\/www.promotio.sk\/sk\/wp-json\/wp\/v2\/product\/11089","targetHints":{"allow":["GET"]}}],"collection":[{"href":"https:\/\/www.promotio.sk\/sk\/wp-json\/wp\/v2\/product"}],"about":[{"href":"https:\/\/www.promotio.sk\/sk\/wp-json\/wp\/v2\/types\/product"}],"replies":[{"embeddable":true,"href":"https:\/\/www.promotio.sk\/sk\/wp-json\/wp\/v2\/comments?post=11089"}],"wp:featuredmedia":[{"embeddable":true,"href":"https:\/\/www.promotio.sk\/sk\/wp-json\/wp\/v2\/media\/11090"}],"wp:attachment":[{"href":"https:\/\/www.promotio.sk\/sk\/wp-json\/wp\/v2\/media?parent=11089"}],"wp:term":[{"taxonomy":"product_cat","embeddable":true,"href":"https:\/\/www.promotio.sk\/sk\/wp-json\/wp\/v2\/product_cat?post=11089"},{"taxonomy":"product_tag","embeddable":true,"href":"https:\/\/www.promotio.sk\/sk\/wp-json\/wp\/v2\/product_tag?post=11089"}],"curies":[{"name":"wp","href":"https:\/\/api.w.org\/{rel}","templated":true}]}}