{"id":11058,"date":"2024-03-07T13:23:22","date_gmt":"2024-03-07T12:23:22","guid":{"rendered":"https:\/\/www.promotio.sk\/shop\/nezaraden\u00e9\/calvin\/"},"modified":"2024-03-07T13:24:51","modified_gmt":"2024-03-07T12:24:51","slug":"calvin","status":"publish","type":"product","link":"https:\/\/www.promotio.sk\/sk\/shop\/promo-items\/technology\/sound\/calvin\/","title":{"rendered":"CALVIN"},"content":{"rendered":"<p>Bezdr\u00f4tov\u00fd reproduktor s ABS telom, odoln\u00fd vo\u010di striekaj\u00facej vode. Svoju ob\u013e\u00faben\u00fa hudbu m\u00f4\u017eete po\u010d\u00fava\u0165 kdeko\u013evek v\u010faka pr\u00edsavke. Disponuje funkciou handsfree a v\u00fdkonom 3W. Nab\u00edjate\u013en\u00e1 bat\u00e9ria cez Micro USB k\u00e1bel. Vr\u00e1tane k\u00e1bla. <br \/>Zlo\u017eenie: ABS telo.<br \/>Pozn\u00e1mky: Bluetooth verzia 3.0<br \/>\nNab\u00edjacie nap\u00e4tie: DC 5V.<br \/>\nNab\u00edjate\u013en\u00e1 l\u00edtiov\u00e1 bat\u00e9ria.<br \/>\nPrev\u00e1dzkov\u00e1 vzdialenos\u0165: do 10 metrovFrekvencia: 150Hz \u2013 20KHz.<br \/>\nCitlivos\u0165: 90db \u00b1 2db.<br \/>\nUSB nab\u00edjac\u00ed k\u00e1bel s\u00fa\u010das\u0165ou<br \/>\nN\u00e1vod na pou\u017eitie je k dispoz\u00edcii v 2 jazykoch: \u0161paniel\u010dina a angli\u010dtina.<br \/>\nPrezent\u00e1cia v dizajnovom boxe.<\/p>","protected":false},"excerpt":{"rendered":"<p>Wireless speaker with ABS body, resistant to splashing water. You can listen to your favorite music anywhere thanks to its<\/p>","protected":false},"featured_media":11059,"comment_status":"open","ping_status":"closed","template":"","meta":[],"product_cat":[290,286],"product_tag":[],"class_list":{"0":"post-11058","1":"product","2":"type-product","3":"status-publish","4":"has-post-thumbnail","6":"product_cat-sound","7":"product_cat-technology","9":"first","10":"instock","11":"shipping-taxable","12":"purchasable","13":"product-type-variable"},"_links":{"self":[{"href":"https:\/\/www.promotio.sk\/sk\/wp-json\/wp\/v2\/product\/11058","targetHints":{"allow":["GET"]}}],"collection":[{"href":"https:\/\/www.promotio.sk\/sk\/wp-json\/wp\/v2\/product"}],"about":[{"href":"https:\/\/www.promotio.sk\/sk\/wp-json\/wp\/v2\/types\/product"}],"replies":[{"embeddable":true,"href":"https:\/\/www.promotio.sk\/sk\/wp-json\/wp\/v2\/comments?post=11058"}],"wp:featuredmedia":[{"embeddable":true,"href":"https:\/\/www.promotio.sk\/sk\/wp-json\/wp\/v2\/media\/11059"}],"wp:attachment":[{"href":"https:\/\/www.promotio.sk\/sk\/wp-json\/wp\/v2\/media?parent=11058"}],"wp:term":[{"taxonomy":"product_cat","embeddable":true,"href":"https:\/\/www.promotio.sk\/sk\/wp-json\/wp\/v2\/product_cat?post=11058"},{"taxonomy":"product_tag","embeddable":true,"href":"https:\/\/www.promotio.sk\/sk\/wp-json\/wp\/v2\/product_tag?post=11058"}],"curies":[{"name":"wp","href":"https:\/\/api.w.org\/{rel}","templated":true}]}}