{"id":11056,"date":"2024-03-07T13:23:20","date_gmt":"2024-03-07T12:23:20","guid":{"rendered":"https:\/\/www.promotio.sk\/shop\/nezaraden\u00e9\/garrix\/"},"modified":"2024-03-07T13:25:24","modified_gmt":"2024-03-07T12:25:24","slug":"garrix","status":"publish","type":"product","link":"https:\/\/www.promotio.sk\/sk\/shop\/promo-items\/technology\/sound\/garrix\/","title":{"rendered":"GARRIX"},"content":{"rendered":"<p>Bezdr\u00f4tov\u00fd reproduktor vyroben\u00fd s kovov\u00fdm telom v matnom preveden\u00ed. S t\u00fdmto reproduktorom m\u00f4\u017eete po\u010d\u00fava\u0165 hudbu cez bluetooth 3.0, po\u010d\u00fava\u0165 po\u017eadovan\u00fa rozhlasov\u00fa stanicu s funkciou FM r\u00e1dia a hovori\u0165 na svojom mobilnom telef\u00f3ne pomocou handsfree. M\u00e1 v\u00fdkon 3W a nab\u00edjate\u013en\u00fa bat\u00e9riu. Vr\u00e1tane k\u00e1bla. <br \/>Zlo\u017eenie: kovov\u00e9 telo.<br \/>Pozn\u00e1mky: Bluetooth verzia 2.1 + EDR.<br \/>\nNab\u00edjacie nap\u00e4tie: DC 5V<br \/>\nNab\u00edjate\u013en\u00e1 l\u00edtiov\u00e1 bat\u00e9ria.<br \/>\nPrev\u00e1dzkov\u00e1 vzdialenos\u0165: do 10 metrovFrekvencia: 280Hz \u2013 16KHz.<br \/>\nCitlivos\u0165: 95db \u00b1 2db.<br \/>\nV\u00fdstup: 4\u03a9, 3W.<br \/>\nS\u00fa\u010das\u0165ou balenia je 3,5 mm audio k\u00e1bel. S USB a Micro USB pripojen\u00edm.<br \/>\nN\u00e1vod na pou\u017eitie je k dispoz\u00edcii v 4 jazykoch: \u0161paniel\u010dina, angli\u010dtina, franc\u00faz\u0161tina a talian\u010dina. Prezent\u00e1cia v dizajnovom boxe.<\/p>","protected":false},"excerpt":{"rendered":"<p>Wireless speaker made with metal body in matte finish. With this speaker, you can listen to your music with bluetooth<\/p>","protected":false},"featured_media":11057,"comment_status":"open","ping_status":"closed","template":"","meta":[],"product_cat":[290,286],"product_tag":[],"class_list":{"0":"post-11056","1":"product","2":"type-product","3":"status-publish","4":"has-post-thumbnail","6":"product_cat-sound","7":"product_cat-technology","9":"first","10":"instock","11":"shipping-taxable","12":"purchasable","13":"product-type-variable"},"_links":{"self":[{"href":"https:\/\/www.promotio.sk\/sk\/wp-json\/wp\/v2\/product\/11056","targetHints":{"allow":["GET"]}}],"collection":[{"href":"https:\/\/www.promotio.sk\/sk\/wp-json\/wp\/v2\/product"}],"about":[{"href":"https:\/\/www.promotio.sk\/sk\/wp-json\/wp\/v2\/types\/product"}],"replies":[{"embeddable":true,"href":"https:\/\/www.promotio.sk\/sk\/wp-json\/wp\/v2\/comments?post=11056"}],"wp:featuredmedia":[{"embeddable":true,"href":"https:\/\/www.promotio.sk\/sk\/wp-json\/wp\/v2\/media\/11057"}],"wp:attachment":[{"href":"https:\/\/www.promotio.sk\/sk\/wp-json\/wp\/v2\/media?parent=11056"}],"wp:term":[{"taxonomy":"product_cat","embeddable":true,"href":"https:\/\/www.promotio.sk\/sk\/wp-json\/wp\/v2\/product_cat?post=11056"},{"taxonomy":"product_tag","embeddable":true,"href":"https:\/\/www.promotio.sk\/sk\/wp-json\/wp\/v2\/product_tag?post=11056"}],"curies":[{"name":"wp","href":"https:\/\/api.w.org\/{rel}","templated":true}]}}