{"id":11020,"date":"2024-03-07T13:21:16","date_gmt":"2024-03-07T12:21:16","guid":{"rendered":"https:\/\/www.promotio.sk\/shop\/nezaraden\u00e9\/kumber\/"},"modified":"2024-03-07T13:21:56","modified_gmt":"2024-03-07T12:21:56","slug":"kumber","status":"publish","type":"product","link":"https:\/\/www.promotio.sk\/sk\/shop\/promo-items\/technology\/sound\/kumber\/","title":{"rendered":"KUMBER"},"content":{"rendered":"<p>Bezdr\u00f4tov\u00fd reproduktor vyroben\u00fd z p\u0161eni\u010dn\u00e9ho vl\u00e1kna. Po\u010d\u00favajte hudbu, ktor\u00fa chcete, kdeko\u013evek chcete v\u010faka funkcii FM r\u00e1dia, Bluetooth, micro SD karte a funkcii handsfree. M\u00e1 v\u00fdkon 3W. Vr\u00e1tane k\u00e1bla.<br \/>Zlo\u017eenie: P\u0161eni\u010dn\u00e1 vl\u00e1knina.<br \/>Pozn\u00e1mky: Nab\u00edjacie nap\u00e4tie: 5V<br \/>\n300mAh l\u00edtiov\u00e1 bat\u00e9ria, 3,7V<br \/>\nImpedancia: 4 ohmy<br \/>\nDoba prev\u00e1dzky: a\u017e 3 hodiny<br \/>\nPrev\u00e1dzkov\u00e1 vzdialenos\u0165: a\u017e 10 metrov<br \/>\nFrekvencia: 280Hz-16KHz<br \/>\nV\u00fdkon: 3W<br \/>\nTHD: menej ako s96<br \/>\nSNR: 95dB +\/-2dB<br \/>\nPodporuje Micro SD karty a\u017e do 32 GB<br \/>\nObsahuje micro USB k\u00e1bel.<br \/>\nN\u00e1vod na pou\u017eitie v 6 jazykoch: \u0161paniel\u010dina, angli\u010dtina, franc\u00faz\u0161tina, talian\u010dina, nem\u010dina a portugal\u010dina.<br \/>\nPrezent\u00e1cia v ekologickom dizajnovom boxe.<\/p>","protected":false},"excerpt":{"rendered":"<p>Wireless speaker made of wheat fibre. Listen to the music you want, wherever you want thanks to its FM radio<\/p>","protected":false},"featured_media":11021,"comment_status":"open","ping_status":"closed","template":"","meta":[],"product_cat":[290,286],"product_tag":[],"class_list":{"0":"post-11020","1":"product","2":"type-product","3":"status-publish","4":"has-post-thumbnail","6":"product_cat-sound","7":"product_cat-technology","9":"first","10":"instock","11":"shipping-taxable","12":"purchasable","13":"product-type-variable"},"_links":{"self":[{"href":"https:\/\/www.promotio.sk\/sk\/wp-json\/wp\/v2\/product\/11020","targetHints":{"allow":["GET"]}}],"collection":[{"href":"https:\/\/www.promotio.sk\/sk\/wp-json\/wp\/v2\/product"}],"about":[{"href":"https:\/\/www.promotio.sk\/sk\/wp-json\/wp\/v2\/types\/product"}],"replies":[{"embeddable":true,"href":"https:\/\/www.promotio.sk\/sk\/wp-json\/wp\/v2\/comments?post=11020"}],"wp:featuredmedia":[{"embeddable":true,"href":"https:\/\/www.promotio.sk\/sk\/wp-json\/wp\/v2\/media\/11021"}],"wp:attachment":[{"href":"https:\/\/www.promotio.sk\/sk\/wp-json\/wp\/v2\/media?parent=11020"}],"wp:term":[{"taxonomy":"product_cat","embeddable":true,"href":"https:\/\/www.promotio.sk\/sk\/wp-json\/wp\/v2\/product_cat?post=11020"},{"taxonomy":"product_tag","embeddable":true,"href":"https:\/\/www.promotio.sk\/sk\/wp-json\/wp\/v2\/product_tag?post=11020"}],"curies":[{"name":"wp","href":"https:\/\/api.w.org\/{rel}","templated":true}]}}