{"id":11018,"date":"2024-03-07T13:21:12","date_gmt":"2024-03-07T12:21:12","guid":{"rendered":"https:\/\/www.promotio.sk\/shop\/nezaraden\u00e9\/moon\/"},"modified":"2024-03-07T13:21:53","modified_gmt":"2024-03-07T12:21:53","slug":"moon","status":"publish","type":"product","link":"https:\/\/www.promotio.sk\/sk\/shop\/promo-items\/technology\/sound\/moon\/","title":{"rendered":"MESIAC"},"content":{"rendered":"<p>Elegantn\u00fd bezdr\u00f4tov\u00fd reproduktor lun\u00e1rneho dizajnu s drevenou z\u00e1klad\u0148ou. Funkcia lampy. V\u00fdkon: 3W Vytvorte si ide\u00e1lne prostredie s LED svetlom r\u00f4znych pol\u00f4h, tepl\u00fdm svetlom a studen\u00fdm svetlom. Vr\u00e1tane nab\u00edjacieho k\u00e1bla.<br \/>Zlo\u017eenie: Madera<br \/>Pozn\u00e1mky: Prezent\u00e1cia v ekologickom dizajnovom boxe. Bezdr\u00f4tov\u00e9 pripojenie 5.0.<br \/>\nV\u00fdkon reproduktorov 1 x 3W.<br \/>\nDob\u00edjacia l\u00edtiov\u00e1 bat\u00e9ria 1200mAh.<br \/>\nObsahuje USB nab\u00edjac\u00ed k\u00e1bel.<br \/>\nN\u00e1vod na pou\u017eitie v 6 jazykoch: \u0161paniel\u010dina, angli\u010dtina, franc\u00faz\u0161tina, talian\u010dina, nem\u010dina a portugal\u010dina. <\/p>","protected":false},"excerpt":{"rendered":"<p>Elegant lunar design wireless speaker with wooden base. Lamp function. Power: 3W Create your ideal environment with LED light of<\/p>","protected":false},"featured_media":11019,"comment_status":"open","ping_status":"closed","template":"","meta":[],"product_cat":[290,286],"product_tag":[],"class_list":{"0":"post-11018","1":"product","2":"type-product","3":"status-publish","4":"has-post-thumbnail","6":"product_cat-sound","7":"product_cat-technology","9":"first","10":"instock","11":"shipping-taxable","12":"purchasable","13":"product-type-variable"},"_links":{"self":[{"href":"https:\/\/www.promotio.sk\/sk\/wp-json\/wp\/v2\/product\/11018","targetHints":{"allow":["GET"]}}],"collection":[{"href":"https:\/\/www.promotio.sk\/sk\/wp-json\/wp\/v2\/product"}],"about":[{"href":"https:\/\/www.promotio.sk\/sk\/wp-json\/wp\/v2\/types\/product"}],"replies":[{"embeddable":true,"href":"https:\/\/www.promotio.sk\/sk\/wp-json\/wp\/v2\/comments?post=11018"}],"wp:featuredmedia":[{"embeddable":true,"href":"https:\/\/www.promotio.sk\/sk\/wp-json\/wp\/v2\/media\/11019"}],"wp:attachment":[{"href":"https:\/\/www.promotio.sk\/sk\/wp-json\/wp\/v2\/media?parent=11018"}],"wp:term":[{"taxonomy":"product_cat","embeddable":true,"href":"https:\/\/www.promotio.sk\/sk\/wp-json\/wp\/v2\/product_cat?post=11018"},{"taxonomy":"product_tag","embeddable":true,"href":"https:\/\/www.promotio.sk\/sk\/wp-json\/wp\/v2\/product_tag?post=11018"}],"curies":[{"name":"wp","href":"https:\/\/api.w.org\/{rel}","templated":true}]}}