{"id":11004,"date":"2024-03-07T13:20:23","date_gmt":"2024-03-07T12:20:23","guid":{"rendered":"https:\/\/www.promotio.sk\/shop\/nezaraden\u00e9\/umek\/"},"modified":"2024-03-07T13:21:02","modified_gmt":"2024-03-07T12:21:02","slug":"umek","status":"publish","type":"product","link":"https:\/\/www.promotio.sk\/sk\/shop\/promo-items\/technology\/sound\/umek\/","title":{"rendered":"UMEK"},"content":{"rendered":"<p>Dizajnov\u00fd bezdr\u00f4tov\u00fd reproduktor s pr\u00e9miovou tkaninou. Prieh\u013eadn\u00e1 membr\u00e1na so 6 LED sveteln\u00fdmi re\u017eimami. 10W nap\u00e1janie typu C pripojenie. Obsahuje robustn\u00fa rukov\u00e4\u0165 a \u0161peci\u00e1lnu plat\u0148u pre laserov\u00e9 zna\u010denie. Nab\u00edjate\u013en\u00e1 bat\u00e9ria s dlhou \u017eivotnos\u0165ou. Vr\u00e1tane k\u00e1bla.<br \/>Zlo\u017eenie: ABS + polyester <br \/>Pozn\u00e1mky: Verzia Bluetooth: 5.0<br \/>\nFrekvencia: 100Hz \u2013 20KHz.<br \/>\nReproduktor: 5W*2.<br \/>\nCitlivos\u0165: \u2264 85 dB<br \/>\nFaktor skreslenia: \u2264 0,5%.<br \/>\nNab\u00edjate\u013en\u00e1 l\u00edtiov\u00e1 bat\u00e9ria: 3,7V 1200mAH<br \/>\nPrev\u00e1dzkov\u00e1 vzdialenos\u0165 <10m\nOperating time: 4-5 hours\nInstruction manual in 6 languages: Spanish, English, French, Italian, Portuguese and German. \nPresentation in design box.\n<\/p>","protected":false},"excerpt":{"rendered":"<p>Designer wireless speaker with premium fabric finish. Transparent membrane with 6 led light modes. 10W power Type C Connection. Includes<\/p>","protected":false},"featured_media":11005,"comment_status":"open","ping_status":"closed","template":"","meta":[],"product_cat":[290,286],"product_tag":[],"class_list":{"0":"post-11004","1":"product","2":"type-product","3":"status-publish","4":"has-post-thumbnail","6":"product_cat-sound","7":"product_cat-technology","9":"first","10":"instock","11":"shipping-taxable","12":"purchasable","13":"product-type-variable"},"_links":{"self":[{"href":"https:\/\/www.promotio.sk\/sk\/wp-json\/wp\/v2\/product\/11004","targetHints":{"allow":["GET"]}}],"collection":[{"href":"https:\/\/www.promotio.sk\/sk\/wp-json\/wp\/v2\/product"}],"about":[{"href":"https:\/\/www.promotio.sk\/sk\/wp-json\/wp\/v2\/types\/product"}],"replies":[{"embeddable":true,"href":"https:\/\/www.promotio.sk\/sk\/wp-json\/wp\/v2\/comments?post=11004"}],"wp:featuredmedia":[{"embeddable":true,"href":"https:\/\/www.promotio.sk\/sk\/wp-json\/wp\/v2\/media\/11005"}],"wp:attachment":[{"href":"https:\/\/www.promotio.sk\/sk\/wp-json\/wp\/v2\/media?parent=11004"}],"wp:term":[{"taxonomy":"product_cat","embeddable":true,"href":"https:\/\/www.promotio.sk\/sk\/wp-json\/wp\/v2\/product_cat?post=11004"},{"taxonomy":"product_tag","embeddable":true,"href":"https:\/\/www.promotio.sk\/sk\/wp-json\/wp\/v2\/product_tag?post=11004"}],"curies":[{"name":"wp","href":"https:\/\/api.w.org\/{rel}","templated":true}]}}