{"id":11002,"date":"2024-03-07T13:20:19","date_gmt":"2024-03-07T12:20:19","guid":{"rendered":"https:\/\/www.promotio.sk\/shop\/nezaraden\u00e9\/ozcan\/"},"modified":"2024-03-07T13:21:11","modified_gmt":"2024-03-07T12:21:11","slug":"ozcan","status":"publish","type":"product","link":"https:\/\/www.promotio.sk\/sk\/shop\/promo-items\/technology\/sound\/ozcan\/","title":{"rendered":"OZCAN"},"content":{"rendered":"<p>Fantastick\u00fd bezdr\u00f4tov\u00fd reproduktor s telom vyroben\u00fdm z bambusu a viacfarebn\u00fdm LED svetlom so 4 re\u017eimami. V\u00fdkon 3W a nab\u00edjate\u013en\u00e1 bat\u00e9ria. Vr\u00e1tane nab\u00edjacieho k\u00e1bla.<br \/>Zlo\u017eenie: bambus<br \/>Pozn\u00e1mky: Prezent\u00e1cia v ekologickom dizajnovom boxe. Bezdr\u00f4tov\u00e9 pripojenie 5.0.<br \/>\nV\u00fdkon reproduktorov 1 x 3W.<br \/>\n300mAh nab\u00edjate\u013en\u00e1 l\u00edtiov\u00e1 bat\u00e9ria.<br \/>\nObsahuje USB nab\u00edjac\u00ed k\u00e1bel.<br \/>\nN\u00e1vod na pou\u017eitie v 6 jazykoch: \u0161paniel\u010dina, angli\u010dtina, franc\u00faz\u0161tina, talian\u010dina, nem\u010dina a portugal\u010dina. <\/p>","protected":false},"excerpt":{"rendered":"<p>Fantastic wireless speaker with body made of bamboo and multi-coloured LED light with 4 modes. 3W power and rechargeable battery.<\/p>","protected":false},"featured_media":11003,"comment_status":"open","ping_status":"closed","template":"","meta":[],"product_cat":[290,286],"product_tag":[],"class_list":{"0":"post-11002","1":"product","2":"type-product","3":"status-publish","4":"has-post-thumbnail","6":"product_cat-sound","7":"product_cat-technology","9":"first","10":"instock","11":"shipping-taxable","12":"purchasable","13":"product-type-variable"},"_links":{"self":[{"href":"https:\/\/www.promotio.sk\/sk\/wp-json\/wp\/v2\/product\/11002","targetHints":{"allow":["GET"]}}],"collection":[{"href":"https:\/\/www.promotio.sk\/sk\/wp-json\/wp\/v2\/product"}],"about":[{"href":"https:\/\/www.promotio.sk\/sk\/wp-json\/wp\/v2\/types\/product"}],"replies":[{"embeddable":true,"href":"https:\/\/www.promotio.sk\/sk\/wp-json\/wp\/v2\/comments?post=11002"}],"wp:featuredmedia":[{"embeddable":true,"href":"https:\/\/www.promotio.sk\/sk\/wp-json\/wp\/v2\/media\/11003"}],"wp:attachment":[{"href":"https:\/\/www.promotio.sk\/sk\/wp-json\/wp\/v2\/media?parent=11002"}],"wp:term":[{"taxonomy":"product_cat","embeddable":true,"href":"https:\/\/www.promotio.sk\/sk\/wp-json\/wp\/v2\/product_cat?post=11002"},{"taxonomy":"product_tag","embeddable":true,"href":"https:\/\/www.promotio.sk\/sk\/wp-json\/wp\/v2\/product_tag?post=11002"}],"curies":[{"name":"wp","href":"https:\/\/api.w.org\/{rel}","templated":true}]}}