{"id":10988,"date":"2024-03-07T13:19:38","date_gmt":"2024-03-07T12:19:38","guid":{"rendered":"https:\/\/www.promotio.sk\/shop\/nezaraden\u00e9\/takay\/"},"modified":"2024-03-07T13:20:18","modified_gmt":"2024-03-07T12:20:18","slug":"takay","status":"publish","type":"product","link":"https:\/\/www.promotio.sk\/sk\/shop\/promo-items\/technology\/sound\/takay\/","title":{"rendered":"TAKAY"},"content":{"rendered":"<p>Bezdr\u00f4tov\u00fd reproduktor s bambusov\u00fdm telom a dizajnovou tkaninou RPET. V\u00fdkon 3W a nab\u00edjate\u013en\u00e1 bat\u00e9ria. Pripojenie typu C. Vr\u00e1tane k\u00e1bla. Reproduktor vyroben\u00fd z materi\u00e1lov \u0161etrn\u00fdch k \u017eivotn\u00e9mu prostrediu s cie\u013eom zn\u00ed\u017ei\u0165 zne\u010dis\u0165uj\u00face emisie.<br \/>Zlo\u017eenie: bambus a RPET tkanina<br \/>Pozn\u00e1mky: Prezent\u00e1cia v ekologickom dizajnovom boxe.<\/p>","protected":false},"excerpt":{"rendered":"<p>Wireless speaker with bamboo body and designer RPET fabric. 3W power and rechargeable battery. Type C connection. Cable included. Speaker<\/p>","protected":false},"featured_media":10989,"comment_status":"open","ping_status":"closed","template":"","meta":[],"product_cat":[290,286],"product_tag":[],"class_list":{"0":"post-10988","1":"product","2":"type-product","3":"status-publish","4":"has-post-thumbnail","6":"product_cat-sound","7":"product_cat-technology","9":"first","10":"instock","11":"shipping-taxable","12":"purchasable","13":"product-type-variable"},"_links":{"self":[{"href":"https:\/\/www.promotio.sk\/sk\/wp-json\/wp\/v2\/product\/10988","targetHints":{"allow":["GET"]}}],"collection":[{"href":"https:\/\/www.promotio.sk\/sk\/wp-json\/wp\/v2\/product"}],"about":[{"href":"https:\/\/www.promotio.sk\/sk\/wp-json\/wp\/v2\/types\/product"}],"replies":[{"embeddable":true,"href":"https:\/\/www.promotio.sk\/sk\/wp-json\/wp\/v2\/comments?post=10988"}],"wp:featuredmedia":[{"embeddable":true,"href":"https:\/\/www.promotio.sk\/sk\/wp-json\/wp\/v2\/media\/10989"}],"wp:attachment":[{"href":"https:\/\/www.promotio.sk\/sk\/wp-json\/wp\/v2\/media?parent=10988"}],"wp:term":[{"taxonomy":"product_cat","embeddable":true,"href":"https:\/\/www.promotio.sk\/sk\/wp-json\/wp\/v2\/product_cat?post=10988"},{"taxonomy":"product_tag","embeddable":true,"href":"https:\/\/www.promotio.sk\/sk\/wp-json\/wp\/v2\/product_tag?post=10988"}],"curies":[{"name":"wp","href":"https:\/\/api.w.org\/{rel}","templated":true}]}}