{"id":10986,"date":"2024-03-07T13:19:33","date_gmt":"2024-03-07T12:19:33","guid":{"rendered":"https:\/\/www.promotio.sk\/shop\/nezaraden\u00e9\/bemol\/"},"modified":"2024-03-07T13:20:15","modified_gmt":"2024-03-07T12:20:15","slug":"bemol","status":"publish","type":"product","link":"https:\/\/www.promotio.sk\/sk\/shop\/promo-items\/technology\/sound\/bemol\/","title":{"rendered":"BEMOL"},"content":{"rendered":"<p>Bezdr\u00f4tov\u00fd reproduktor s hlavnou kon\u0161trukciou z bambusu a tkaniny RPET. 3W v\u00fdstup a nab\u00edjate\u013en\u00e1 bat\u00e9ria. Pripojenie typu C. Vr\u00e1tane k\u00e1bla. Prezent\u00e1cia v ekologickom dizajnovom boxe.<br \/>Zlo\u017eenie: Bamb\u00fa y tejido RPET<br \/>Pozn\u00e1mky: Presentaci\u00f3n en caja dise\u00f1o eco.<br \/>\nVerzia Bluetooth 5.0<br \/>\nBat\u00e9ria s kapacitou 800 mAh. 3,7 V<br \/>\n\u010cas funkcie: 3-4 hodiny<br \/>\nFrekvencia: 80Hz-20KHz<br \/>\nImpedancia: 4 ohmy<\/p>","protected":false},"excerpt":{"rendered":"<p>Wireless speaker with main structure in bamboo and RPET fabric. 3W output and rechargable battery. Type C connection. Cable included.<\/p>","protected":false},"featured_media":10987,"comment_status":"open","ping_status":"closed","template":"","meta":[],"product_cat":[290,286],"product_tag":[],"class_list":{"0":"post-10986","1":"product","2":"type-product","3":"status-publish","4":"has-post-thumbnail","6":"product_cat-sound","7":"product_cat-technology","9":"first","10":"instock","11":"shipping-taxable","12":"purchasable","13":"product-type-variable"},"_links":{"self":[{"href":"https:\/\/www.promotio.sk\/sk\/wp-json\/wp\/v2\/product\/10986","targetHints":{"allow":["GET"]}}],"collection":[{"href":"https:\/\/www.promotio.sk\/sk\/wp-json\/wp\/v2\/product"}],"about":[{"href":"https:\/\/www.promotio.sk\/sk\/wp-json\/wp\/v2\/types\/product"}],"replies":[{"embeddable":true,"href":"https:\/\/www.promotio.sk\/sk\/wp-json\/wp\/v2\/comments?post=10986"}],"wp:featuredmedia":[{"embeddable":true,"href":"https:\/\/www.promotio.sk\/sk\/wp-json\/wp\/v2\/media\/10987"}],"wp:attachment":[{"href":"https:\/\/www.promotio.sk\/sk\/wp-json\/wp\/v2\/media?parent=10986"}],"wp:term":[{"taxonomy":"product_cat","embeddable":true,"href":"https:\/\/www.promotio.sk\/sk\/wp-json\/wp\/v2\/product_cat?post=10986"},{"taxonomy":"product_tag","embeddable":true,"href":"https:\/\/www.promotio.sk\/sk\/wp-json\/wp\/v2\/product_tag?post=10986"}],"curies":[{"name":"wp","href":"https:\/\/api.w.org\/{rel}","templated":true}]}}