{"id":10972,"date":"2024-03-07T13:18:50","date_gmt":"2024-03-07T12:18:50","guid":{"rendered":"https:\/\/www.promotio.sk\/shop\/nezaraden\u00e9\/tenor\/"},"modified":"2024-03-07T13:19:32","modified_gmt":"2024-03-07T12:19:32","slug":"tenor","status":"publish","type":"product","link":"https:\/\/www.promotio.sk\/sk\/shop\/promo-items\/technology\/sound\/tenor\/","title":{"rendered":"TENOR"},"content":{"rendered":"<p>Bezdr\u00f4tov\u00fd reproduktor z tkaniny RPET s bezdr\u00f4tovou 5W dokovacou stanicou. 3W v\u00fdstup. Pripojenie typu C. Vr\u00e1tane k\u00e1bla. Prezent\u00e1cia v ekologickom dizajnovom boxe.<br \/>Zlo\u017eenie: RPET<br \/>Pozn\u00e1mky: Presentaci\u00f3n en caja dise\u00f1o eco.<br \/>\nBluetooth 5.0<br \/>\nZ\u00e1kladn\u00e1 bat\u00e9ria: 1200 mAh<br \/>\n\u010cas funkcie: 6-7 hod\u00edn<br \/>\nFrekvencia: 150Hz-15KHz     <\/p>","protected":false},"excerpt":{"rendered":"<p>Wireless speaker in RPET fabric with wireless 5W dock station. 3W output. Type C connection. Cable included. Presentation in eco<\/p>","protected":false},"featured_media":10973,"comment_status":"open","ping_status":"closed","template":"","meta":[],"product_cat":[290,286],"product_tag":[],"class_list":{"0":"post-10972","1":"product","2":"type-product","3":"status-publish","4":"has-post-thumbnail","6":"product_cat-sound","7":"product_cat-technology","9":"first","10":"instock","11":"shipping-taxable","12":"purchasable","13":"product-type-variable"},"_links":{"self":[{"href":"https:\/\/www.promotio.sk\/sk\/wp-json\/wp\/v2\/product\/10972","targetHints":{"allow":["GET"]}}],"collection":[{"href":"https:\/\/www.promotio.sk\/sk\/wp-json\/wp\/v2\/product"}],"about":[{"href":"https:\/\/www.promotio.sk\/sk\/wp-json\/wp\/v2\/types\/product"}],"replies":[{"embeddable":true,"href":"https:\/\/www.promotio.sk\/sk\/wp-json\/wp\/v2\/comments?post=10972"}],"wp:featuredmedia":[{"embeddable":true,"href":"https:\/\/www.promotio.sk\/sk\/wp-json\/wp\/v2\/media\/10973"}],"wp:attachment":[{"href":"https:\/\/www.promotio.sk\/sk\/wp-json\/wp\/v2\/media?parent=10972"}],"wp:term":[{"taxonomy":"product_cat","embeddable":true,"href":"https:\/\/www.promotio.sk\/sk\/wp-json\/wp\/v2\/product_cat?post=10972"},{"taxonomy":"product_tag","embeddable":true,"href":"https:\/\/www.promotio.sk\/sk\/wp-json\/wp\/v2\/product_tag?post=10972"}],"curies":[{"name":"wp","href":"https:\/\/api.w.org\/{rel}","templated":true}]}}