{"id":10970,"date":"2024-03-07T13:18:45","date_gmt":"2024-03-07T12:18:45","guid":{"rendered":"https:\/\/www.promotio.sk\/shop\/nezaraden\u00e9\/sakura\/"},"modified":"2024-03-07T13:19:28","modified_gmt":"2024-03-07T12:19:28","slug":"sakura","status":"publish","type":"product","link":"https:\/\/www.promotio.sk\/sk\/shop\/promo-items\/technology\/chargers\/sakura\/","title":{"rendered":"SAKURA"},"content":{"rendered":"<p>Reproduktor\/Power banka s funkciou bezdr\u00f4tov\u00e9ho nab\u00edjania 5W. 10W v\u00fdstup. Odolnos\u0165 vo\u010di vode IPX7. Pripojenie typu C. Vr\u00e1tane k\u00e1bla. Prezent\u00e1cia v dizajnovom boxe.<br \/>Pozn\u00e1mky: Presentaci\u00f3n en caja dise\u00f1o.<br \/>\nBluetooth 5.0<br \/>\nVzdialenos\u0165 maxim\u00e1lnej funkcie: 10 metrov<br \/>\nV\u00fdstup: 5V\/2A<br \/>\nVstup: 5V\/2A<br \/>\nZ\u00e1kladn\u00e1 bat\u00e9ria: 8000 mAh<br \/>\n\u010cas funkcie: 6-7 hod\u00edn <\/p>","protected":false},"excerpt":{"rendered":"<p>Speaker\/Power bank with 5W wireless charge function. 10W output. IPX7 water resistance. Type C connection. Cable included. Presentation in design<\/p>","protected":false},"featured_media":10971,"comment_status":"open","ping_status":"closed","template":"","meta":[],"product_cat":[289,290,286],"product_tag":[],"class_list":{"0":"post-10970","1":"product","2":"type-product","3":"status-publish","4":"has-post-thumbnail","6":"product_cat-chargers","7":"product_cat-sound","8":"product_cat-technology","10":"first","11":"instock","12":"shipping-taxable","13":"purchasable","14":"product-type-variable"},"_links":{"self":[{"href":"https:\/\/www.promotio.sk\/sk\/wp-json\/wp\/v2\/product\/10970","targetHints":{"allow":["GET"]}}],"collection":[{"href":"https:\/\/www.promotio.sk\/sk\/wp-json\/wp\/v2\/product"}],"about":[{"href":"https:\/\/www.promotio.sk\/sk\/wp-json\/wp\/v2\/types\/product"}],"replies":[{"embeddable":true,"href":"https:\/\/www.promotio.sk\/sk\/wp-json\/wp\/v2\/comments?post=10970"}],"wp:featuredmedia":[{"embeddable":true,"href":"https:\/\/www.promotio.sk\/sk\/wp-json\/wp\/v2\/media\/10971"}],"wp:attachment":[{"href":"https:\/\/www.promotio.sk\/sk\/wp-json\/wp\/v2\/media?parent=10970"}],"wp:term":[{"taxonomy":"product_cat","embeddable":true,"href":"https:\/\/www.promotio.sk\/sk\/wp-json\/wp\/v2\/product_cat?post=10970"},{"taxonomy":"product_tag","embeddable":true,"href":"https:\/\/www.promotio.sk\/sk\/wp-json\/wp\/v2\/product_tag?post=10970"}],"curies":[{"name":"wp","href":"https:\/\/api.w.org\/{rel}","templated":true}]}}