{"id":10948,"date":"2024-03-07T13:17:37","date_gmt":"2024-03-07T12:17:37","guid":{"rendered":"https:\/\/www.promotio.sk\/shop\/nezaraden\u00e9\/mambo\/"},"modified":"2024-03-07T13:18:31","modified_gmt":"2024-03-07T12:18:31","slug":"mambo","status":"publish","type":"product","link":"https:\/\/www.promotio.sk\/sk\/shop\/promo-items\/technology\/sound\/mambo\/","title":{"rendered":"MAMBO"},"content":{"rendered":"<p>Reproduktor vyroben\u00fd z recyklovan\u00e9ho ABS a pr\u00edrodn\u00e9ho korku, \u010do z neho rob\u00ed udr\u017eate\u013en\u00fa a ekologick\u00fa vo\u013ebu. Reproduktor m\u00e1 v\u00fdkon 10 W, ktor\u00fd poskytuje \u010dist\u00fd a ostr\u00fd zvuk.<\/p>\n<p>Reproduktor m\u00e1 nab\u00edjate\u013en\u00fa bat\u00e9riu, m\u00f4\u017eete si ho vzia\u0165 so sebou bez toho, aby ste museli by\u0165 st\u00e1le pripojen\u00fd k zdroju nap\u00e1jania. Pred pou\u017eit\u00edm ho jednoducho nabite a vychutnajte si hodiny prehr\u00e1vania hudby.<\/p>\n<p>Tento reproduktor m\u00e1 navy\u0161e funkciu hands-free, ktor\u00e1 v\u00e1m umo\u017en\u00ed prij\u00edma\u0165 telef\u00f3nne hovory bez toho, aby ste museli dr\u017ea\u0165 telef\u00f3n v ruke.<\/p>\n<p>Pripojenie reproduktorov je cez port typu C, \u010do je \u0161tandardn\u00e9 modern\u00e9 a efekt\u00edvne pripojenie. S\u00fa\u010das\u0165ou balenia je aj k\u00e1bel potrebn\u00fd na pripojenie, tak\u017ee sa nemus\u00edte b\u00e1\u0165 kupova\u0165 ho samostatne.<\/p>\n<p>Reproduktor je dod\u00e1van\u00fd v obale s ekologick\u00fdm dizajnom, ktor\u00fd posil\u0148uje jeho trvalo udr\u017eate\u013en\u00fd pr\u00edstup a rob\u00ed z neho ide\u00e1lnu vo\u013ebu pre t\u00fdch, ktor\u00ed oce\u0148uj\u00fa ekol\u00f3giu. Je to ekologick\u00e1 a praktick\u00e1 mo\u017enos\u0165, ako si vychutna\u0165 svoju ob\u013e\u00faben\u00fa hudbu.<br \/>Zlo\u017eenie: ABS a korok<br \/>Pozn\u00e1mky: Prezent\u00e1cia v ekologickom dizajnovom boxe.<\/p>","protected":false},"excerpt":{"rendered":"<p>Speaker made of recycled ABS and natural cork, making it a sustainable and environmentally friendly choice. The speaker has a<\/p>","protected":false},"featured_media":10949,"comment_status":"open","ping_status":"closed","template":"","meta":[],"product_cat":[290,286],"product_tag":[],"class_list":{"0":"post-10948","1":"product","2":"type-product","3":"status-publish","4":"has-post-thumbnail","6":"product_cat-sound","7":"product_cat-technology","9":"first","10":"instock","11":"shipping-taxable","12":"purchasable","13":"product-type-variable"},"_links":{"self":[{"href":"https:\/\/www.promotio.sk\/sk\/wp-json\/wp\/v2\/product\/10948","targetHints":{"allow":["GET"]}}],"collection":[{"href":"https:\/\/www.promotio.sk\/sk\/wp-json\/wp\/v2\/product"}],"about":[{"href":"https:\/\/www.promotio.sk\/sk\/wp-json\/wp\/v2\/types\/product"}],"replies":[{"embeddable":true,"href":"https:\/\/www.promotio.sk\/sk\/wp-json\/wp\/v2\/comments?post=10948"}],"wp:featuredmedia":[{"embeddable":true,"href":"https:\/\/www.promotio.sk\/sk\/wp-json\/wp\/v2\/media\/10949"}],"wp:attachment":[{"href":"https:\/\/www.promotio.sk\/sk\/wp-json\/wp\/v2\/media?parent=10948"}],"wp:term":[{"taxonomy":"product_cat","embeddable":true,"href":"https:\/\/www.promotio.sk\/sk\/wp-json\/wp\/v2\/product_cat?post=10948"},{"taxonomy":"product_tag","embeddable":true,"href":"https:\/\/www.promotio.sk\/sk\/wp-json\/wp\/v2\/product_tag?post=10948"}],"curies":[{"name":"wp","href":"https:\/\/api.w.org\/{rel}","templated":true}]}}