{"id":10903,"date":"2024-03-07T10:29:23","date_gmt":"2024-03-07T09:29:23","guid":{"rendered":"https:\/\/www.promotio.sk\/shop\/nezaraden\u00e9\/artur\/"},"modified":"2024-03-07T12:48:42","modified_gmt":"2024-03-07T11:48:42","slug":"artur","status":"publish","type":"product","link":"https:\/\/www.promotio.sk\/sk\/shop\/promo-items\/writing_office\/pens\/artur\/","title":{"rendered":"ARTUR"},"content":{"rendered":"<p>Elegantn\u00e9 kovov\u00e9 gu\u013e\u00f4\u010dkov\u00e9 pero s chr\u00f3movanou povrchovou \u00fapravou a korkov\u00fdm \u00fachopom. Kovov\u00e1 jumbo n\u00e1pl\u0148 s modr\u00fdm atramentom. <br \/>Zlo\u017eenie: Gu\u013e\u00f4\u010dkov\u00e9 pero: PU korok a kov.<br \/>\nPuzdro: Kart\u00f3n s korkov\u00fdm povrchom a \u010diernou zamatovou vn\u00fatornou pod\u0161\u00edvkou.<br \/>Pozn\u00e1mky: Rozmery \/ hmotnos\u0165 kufr\u00edka: 17,8 x 5,2 x 2,4 cm \/ 37,5 g.<br \/>\nPrezent\u00e1cia v korkovom kufr\u00edku.<\/p>","protected":false},"excerpt":{"rendered":"<p>Elegant metal ball pen in chrome plated finish and cork grip. Metal jumbo refill with blue ink. Composition: Ball pen:<\/p>","protected":false},"featured_media":10904,"comment_status":"open","ping_status":"closed","template":"","meta":[],"product_cat":[205,39],"product_tag":[],"class_list":{"0":"post-10903","1":"product","2":"type-product","3":"status-publish","4":"has-post-thumbnail","6":"product_cat-pens","7":"product_cat-writing_office","9":"first","10":"instock","11":"shipping-taxable","12":"purchasable","13":"product-type-variable"},"_links":{"self":[{"href":"https:\/\/www.promotio.sk\/sk\/wp-json\/wp\/v2\/product\/10903","targetHints":{"allow":["GET"]}}],"collection":[{"href":"https:\/\/www.promotio.sk\/sk\/wp-json\/wp\/v2\/product"}],"about":[{"href":"https:\/\/www.promotio.sk\/sk\/wp-json\/wp\/v2\/types\/product"}],"replies":[{"embeddable":true,"href":"https:\/\/www.promotio.sk\/sk\/wp-json\/wp\/v2\/comments?post=10903"}],"wp:featuredmedia":[{"embeddable":true,"href":"https:\/\/www.promotio.sk\/sk\/wp-json\/wp\/v2\/media\/10904"}],"wp:attachment":[{"href":"https:\/\/www.promotio.sk\/sk\/wp-json\/wp\/v2\/media?parent=10903"}],"wp:term":[{"taxonomy":"product_cat","embeddable":true,"href":"https:\/\/www.promotio.sk\/sk\/wp-json\/wp\/v2\/product_cat?post=10903"},{"taxonomy":"product_tag","embeddable":true,"href":"https:\/\/www.promotio.sk\/sk\/wp-json\/wp\/v2\/product_tag?post=10903"}],"curies":[{"name":"wp","href":"https:\/\/api.w.org\/{rel}","templated":true}]}}