{"id":10876,"date":"2024-03-07T10:27:49","date_gmt":"2024-03-07T09:27:49","guid":{"rendered":"https:\/\/www.promotio.sk\/shop\/nezaraden\u00e9\/stark\/"},"modified":"2024-03-07T12:50:03","modified_gmt":"2024-03-07T11:50:03","slug":"stark","status":"publish","type":"product","link":"https:\/\/www.promotio.sk\/sk\/shop\/promo-items\/writing_office\/pens\/stark\/","title":{"rendered":"STARK"},"content":{"rendered":"<p>Gu\u013e\u00f4\u010dkov\u00e9 pero s antibakteri\u00e1lnym telom, tla\u010didlom a klipom. Zabra\u0148uje a inhibuje rast bakt\u00e9ri\u00ed na tele pera. 1 mm mal\u00e1 n\u00e1pl\u0148 s modr\u00fdm atramentom. Antibakteri\u00e1lna potla\u010d loga na pere. <br \/>Zlo\u017eenie: ABS<\/p>","protected":false},"excerpt":{"rendered":"<p>Ballpoint pen with antibacterial body, push button and clip. It prevents and inhibits the growth of bacteria on the body<\/p>","protected":false},"featured_media":10877,"comment_status":"open","ping_status":"closed","template":"","meta":[],"product_cat":[205,39],"product_tag":[],"class_list":{"0":"post-10876","1":"product","2":"type-product","3":"status-publish","4":"has-post-thumbnail","6":"product_cat-pens","7":"product_cat-writing_office","9":"first","10":"instock","11":"shipping-taxable","12":"purchasable","13":"product-type-variable"},"_links":{"self":[{"href":"https:\/\/www.promotio.sk\/sk\/wp-json\/wp\/v2\/product\/10876","targetHints":{"allow":["GET"]}}],"collection":[{"href":"https:\/\/www.promotio.sk\/sk\/wp-json\/wp\/v2\/product"}],"about":[{"href":"https:\/\/www.promotio.sk\/sk\/wp-json\/wp\/v2\/types\/product"}],"replies":[{"embeddable":true,"href":"https:\/\/www.promotio.sk\/sk\/wp-json\/wp\/v2\/comments?post=10876"}],"wp:featuredmedia":[{"embeddable":true,"href":"https:\/\/www.promotio.sk\/sk\/wp-json\/wp\/v2\/media\/10877"}],"wp:attachment":[{"href":"https:\/\/www.promotio.sk\/sk\/wp-json\/wp\/v2\/media?parent=10876"}],"wp:term":[{"taxonomy":"product_cat","embeddable":true,"href":"https:\/\/www.promotio.sk\/sk\/wp-json\/wp\/v2\/product_cat?post=10876"},{"taxonomy":"product_tag","embeddable":true,"href":"https:\/\/www.promotio.sk\/sk\/wp-json\/wp\/v2\/product_tag?post=10876"}],"curies":[{"name":"wp","href":"https:\/\/api.w.org\/{rel}","templated":true}]}}